{"id":143,"date":"2023-04-11T17:53:01","date_gmt":"2023-04-11T23:53:01","guid":{"rendered":"https:\/\/ambmanagua.esteri.it\/chi-siamo\/lambasciatore\/"},"modified":"2026-03-05T12:20:41","modified_gmt":"2026-03-05T18:20:41","slug":"lambasciatore","status":"publish","type":"page","link":"https:\/\/ambmanagua.esteri.it\/es\/chi-siamo\/lambasciatore\/","title":{"rendered":"El Embajador"},"content":{"rendered":"<p style=\"text-align: justify;\"><strong><img loading=\"lazy\" decoding=\"async\" class=\"alignnone size-full wp-image-3407 img-fluid\" src=\"https:\/\/ambmanagua.esteri.it\/wp-content\/uploads\/2026\/03\/Ambasciatore-Edoardo-PUCCI.jpg\" alt=\"\" width=\"1280\" height=\"853\" srcset=\"https:\/\/ambmanagua.esteri.it\/wp-content\/uploads\/2026\/03\/Ambasciatore-Edoardo-PUCCI.jpg 1280w, https:\/\/ambmanagua.esteri.it\/wp-content\/uploads\/2026\/03\/Ambasciatore-Edoardo-PUCCI-300x200.jpg 300w, https:\/\/ambmanagua.esteri.it\/wp-content\/uploads\/2026\/03\/Ambasciatore-Edoardo-PUCCI-1024x682.jpg 1024w, https:\/\/ambmanagua.esteri.it\/wp-content\/uploads\/2026\/03\/Ambasciatore-Edoardo-PUCCI-768x512.jpg 768w\" sizes=\"auto, (max-width: 1280px) 100vw, 1280px\" \/><\/strong><\/p>\n<p style=\"text-align: justify;\"><strong>Edoardo PUCCI<\/strong><\/p>\n<p>Nacido en Prato, el 29 de septiembre de 1964. Se gradu\u00f3 de Ciencias Pol\u00edticas en la Universidad de Florencia, Cesare Alfieri, en 1998.<\/p>\n<p>Despu\u00e9s de superar el\u00a0examen para el servicio diplom\u00e1tico, fue nombrado Secretario de legaci\u00f3n en prueba en la carrera diplom\u00e1tica, el 23 de diciembre de 2002.<\/p>\n<p>Confirmado en el cargo el 23 de septiembre de 2003 y nombrado Secretario de legaci\u00f3n, en la Direcci\u00f3n General de Pa\u00edses del \u00c1frica Subsahariana, Oficina III.<\/p>\n<p>Segundo secretario comercial en Kinshasa, 4 de octubre de 2004. Confirmado en la misma sede con funciones de Primer secretario comercial, 23 de diciembre de 2006.<\/p>\n<p>Primer secretario en Washington, 15 de septiembre de 2008.<\/p>\n<p>En la Secretar\u00eda General, Unidad de Crisis, 2 de noviembre de 2012.<\/p>\n<p>Nombrado Consejero de legaci\u00f3n, 2 de julio de 2013.<\/p>\n<p>Encargado de Negocios con Cartas en Guatemala y acreditado en Tegucigalpa (Honduras) con credenciales de Embajador, 15 de abril de 2016.<\/p>\n<p>Nombrado Consejero de Embajada, 2 de julio de 2019.<\/p>\n<p>Encargado de Negocios con Cartas en San Salvador, acreditado tambi\u00e9n ante el SICA (Sistema de la Integraci\u00f3n Centroamericana), con t\u00edtulo y rango de Embajador, 23 de septiembre de 2020.<\/p>\n<p>Confirmado como Embajador en San Salvador y acreditado tambi\u00e9n ante el SICA, con t\u00edtulo y rango de Embajador, 27 de diciembre de 2023.<\/p>\n<p>En el Ministerio, 15 de mayo de 2024, al servicio del Director General para Europa y la pol\u00edtica comercial internacional, 5 de junio de 2024.<\/p>\n<p>Jefe de la Secretar\u00eda Particular del Subsecretario de Estado, Giorgio Silli, 16 de septiembre de 2024.<\/p>\n<p>Al servicio de la Direcci\u00f3n General de Recursos e Innovaci\u00f3n, Oficina II, 16 de junio de 2025.<\/p>\n<p>Nombrado como Embajador de Italia en Nicaragua en 2026<\/p>\n<p>Caballero de la Orden al M\u00e9rito de la Rep\u00fablica, 2019.<\/p>\n","protected":false},"excerpt":{"rendered":"Edoardo PUCCI Nacido en Prato, el 29 de septiembre de 1964. Se gradu\u00f3 de Ciencias Pol\u00edticas en la Universidad de Florencia, Cesare Alfieri, en 1998. Despu\u00e9s de superar el\u00a0examen para el servicio diplom\u00e1tico, fue nombrado Secretario de legaci\u00f3n en prueba en la carrera diplom\u00e1tica, el 23 de diciembre de 2002. Confirmado en el cargo el [&hellip;]","protected":false},"author":1,"featured_media":0,"parent":142,"menu_order":0,"comment_status":"closed","ping_status":"closed","template":"","meta":{"footnotes":""},"class_list":["post-143","page","type-page","status-publish","hentry"],"_links":{"self":[{"href":"https:\/\/ambmanagua.esteri.it\/es\/wp-json\/wp\/v2\/pages\/143","targetHints":{"allow":["GET"]}}],"collection":[{"href":"https:\/\/ambmanagua.esteri.it\/es\/wp-json\/wp\/v2\/pages"}],"about":[{"href":"https:\/\/ambmanagua.esteri.it\/es\/wp-json\/wp\/v2\/types\/page"}],"author":[{"embeddable":true,"href":"https:\/\/ambmanagua.esteri.it\/es\/wp-json\/wp\/v2\/users\/1"}],"replies":[{"embeddable":true,"href":"https:\/\/ambmanagua.esteri.it\/es\/wp-json\/wp\/v2\/comments?post=143"}],"version-history":[{"count":6,"href":"https:\/\/ambmanagua.esteri.it\/es\/wp-json\/wp\/v2\/pages\/143\/revisions"}],"predecessor-version":[{"id":3429,"href":"https:\/\/ambmanagua.esteri.it\/es\/wp-json\/wp\/v2\/pages\/143\/revisions\/3429"}],"up":[{"embeddable":true,"href":"https:\/\/ambmanagua.esteri.it\/es\/wp-json\/wp\/v2\/pages\/142"}],"wp:attachment":[{"href":"https:\/\/ambmanagua.esteri.it\/es\/wp-json\/wp\/v2\/media?parent=143"}],"curies":[{"name":"wp","href":"https:\/\/api.w.org\/{rel}","templated":true}]}}