{"id":146,"date":"2023-04-11T18:07:19","date_gmt":"2023-04-12T00:07:19","guid":{"rendered":"https:\/\/ambmanagua.esteri.it\/chi-siamo\/numeri-di-emergenza\/"},"modified":"2023-11-01T11:04:41","modified_gmt":"2023-11-01T17:04:41","slug":"numeri-di-emergenza","status":"publish","type":"page","link":"https:\/\/ambmanagua.esteri.it\/es\/chi-siamo\/numeri-di-emergenza\/","title":{"rendered":"N\u00fameros de emergencia"},"content":{"rendered":"<p><strong>Celular de emergencia de la Embajada:<\/strong><\/p>\n<p><strong>(+505) 8739 5381<\/strong><\/p>\n<p>El n\u00famero de emergencia debe utilizarse <strong>exclusivamente para la gesti\u00f3n de situaciones de emergencia excepcionales<\/strong> que requieran una intervenci\u00f3n inmediata e inaplazable para proteger a los ciudadanos italianos en el extranjero. El n\u00famero no debe utilizarse para solicitudes gen\u00e9ricas de informaci\u00f3n relativas a pr\u00e1cticas administrativas.<\/p>\n<p>Oficial de guardia del Ministerio de Asuntos Exteriores:<\/p>\n<p>(+39) 0636912666<\/p>\n","protected":false},"excerpt":{"rendered":"Celular de emergencia de la Embajada: (+505) 8739 5381 El n\u00famero de emergencia debe utilizarse exclusivamente para la gesti\u00f3n de situaciones de emergencia excepcionales que requieran una intervenci\u00f3n inmediata e inaplazable para proteger a los ciudadanos italianos en el extranjero. El n\u00famero no debe utilizarse para solicitudes gen\u00e9ricas de informaci\u00f3n relativas a pr\u00e1cticas administrativas. Oficial [&hellip;]","protected":false},"author":1,"featured_media":0,"parent":142,"menu_order":6,"comment_status":"closed","ping_status":"closed","template":"","meta":{"footnotes":""},"class_list":["post-146","page","type-page","status-publish","hentry"],"_links":{"self":[{"href":"https:\/\/ambmanagua.esteri.it\/es\/wp-json\/wp\/v2\/pages\/146","targetHints":{"allow":["GET"]}}],"collection":[{"href":"https:\/\/ambmanagua.esteri.it\/es\/wp-json\/wp\/v2\/pages"}],"about":[{"href":"https:\/\/ambmanagua.esteri.it\/es\/wp-json\/wp\/v2\/types\/page"}],"author":[{"embeddable":true,"href":"https:\/\/ambmanagua.esteri.it\/es\/wp-json\/wp\/v2\/users\/1"}],"replies":[{"embeddable":true,"href":"https:\/\/ambmanagua.esteri.it\/es\/wp-json\/wp\/v2\/comments?post=146"}],"version-history":[{"count":4,"href":"https:\/\/ambmanagua.esteri.it\/es\/wp-json\/wp\/v2\/pages\/146\/revisions"}],"predecessor-version":[{"id":523,"href":"https:\/\/ambmanagua.esteri.it\/es\/wp-json\/wp\/v2\/pages\/146\/revisions\/523"}],"up":[{"embeddable":true,"href":"https:\/\/ambmanagua.esteri.it\/es\/wp-json\/wp\/v2\/pages\/142"}],"wp:attachment":[{"href":"https:\/\/ambmanagua.esteri.it\/es\/wp-json\/wp\/v2\/media?parent=146"}],"curies":[{"name":"wp","href":"https:\/\/api.w.org\/{rel}","templated":true}]}}