{"id":162,"date":"2023-04-11T17:08:52","date_gmt":"2023-04-11T23:08:52","guid":{"rendered":"https:\/\/ambmanagua.esteri.it\/italia-e-nicaragua\/"},"modified":"2023-11-01T11:14:53","modified_gmt":"2023-11-01T17:14:53","slug":"italia-e-nicaragua","status":"publish","type":"page","link":"https:\/\/ambmanagua.esteri.it\/es\/italia-e-nicaragua\/","title":{"rendered":"Italia y Nicaragua"},"content":{"rendered":"<p>Las relaciones entre Nicaragua y nuestro pa\u00eds son anteriores a la Unificaci\u00f3n de Italia. Gracias a sus relaciones hist\u00f3ricas con la ciudad de G\u00e9nova, el Reino de Sardegna fue el segundo socio comercial de Nicaragua en la primera mitad del siglo 800 y estableci\u00f3 relaciones consulares regulares desde 1846, firmando un Tratado de Amistad, Comercio y Navegaci\u00f3n en 1858.<\/p>\n<p>Las relaciones consulares continuaron con el Reino de Italia y a partir de 1864 se acreditaron en Managua representantes diplom\u00e1ticos no residentes (con sede en Guatemala y durante un tiempo en Costa Rica). A partir de 1868 se sucedieron diversos tratados de amistad, comercio y navegaci\u00f3n.<\/p>\n<p>Las relaciones diplom\u00e1ticas se reanudaron tras el interludio de la Segunda Guerra Mundial, desde 1951 Italia tiene un embajador residente en el pa\u00eds, mientras que Nicaragua abri\u00f3 su embajada en Roma en 1953.<\/p>\n","protected":false},"excerpt":{"rendered":"Las relaciones entre Nicaragua y nuestro pa\u00eds son anteriores a la Unificaci\u00f3n de Italia. Gracias a sus relaciones hist\u00f3ricas con la ciudad de G\u00e9nova, el Reino de Sardegna fue el segundo socio comercial de Nicaragua en la primera mitad del siglo 800 y estableci\u00f3 relaciones consulares regulares desde 1846, firmando un Tratado de Amistad, Comercio [&hellip;]","protected":false},"author":1,"featured_media":0,"parent":0,"menu_order":4,"comment_status":"closed","ping_status":"closed","template":"","meta":{"footnotes":""},"class_list":["post-162","page","type-page","status-publish","hentry"],"_links":{"self":[{"href":"https:\/\/ambmanagua.esteri.it\/es\/wp-json\/wp\/v2\/pages\/162","targetHints":{"allow":["GET"]}}],"collection":[{"href":"https:\/\/ambmanagua.esteri.it\/es\/wp-json\/wp\/v2\/pages"}],"about":[{"href":"https:\/\/ambmanagua.esteri.it\/es\/wp-json\/wp\/v2\/types\/page"}],"author":[{"embeddable":true,"href":"https:\/\/ambmanagua.esteri.it\/es\/wp-json\/wp\/v2\/users\/1"}],"replies":[{"embeddable":true,"href":"https:\/\/ambmanagua.esteri.it\/es\/wp-json\/wp\/v2\/comments?post=162"}],"version-history":[{"count":5,"href":"https:\/\/ambmanagua.esteri.it\/es\/wp-json\/wp\/v2\/pages\/162\/revisions"}],"predecessor-version":[{"id":532,"href":"https:\/\/ambmanagua.esteri.it\/es\/wp-json\/wp\/v2\/pages\/162\/revisions\/532"}],"wp:attachment":[{"href":"https:\/\/ambmanagua.esteri.it\/es\/wp-json\/wp\/v2\/media?parent=162"}],"curies":[{"name":"wp","href":"https:\/\/api.w.org\/{rel}","templated":true}]}}