{"id":163,"date":"2023-04-11T18:10:30","date_gmt":"2023-04-12T00:10:30","guid":{"rendered":"https:\/\/ambmanagua.esteri.it\/italia-e-nicaragua\/diplomazia-economica\/"},"modified":"2023-11-01T11:27:02","modified_gmt":"2023-11-01T17:27:02","slug":"diplomazia-economica","status":"publish","type":"page","link":"https:\/\/ambmanagua.esteri.it\/es\/italia-e-nicaragua\/diplomazia-economica\/","title":{"rendered":"Diplomacia economica"},"content":{"rendered":"<div class=\"block-office-details-block Grid-cell u-md-size1of2 u-lg-size1of2 ice-box ice-OfficeDetails\">\n<div class=\"Prose u-border-top-l u-color-70 u-text-r-l u-padding-r-bottom\">\n<div class=\"ice-office-info Prose\"><\/div>\n<\/div>\n<\/div>\n<p>La <strong>diplomacia econ\u00f3mica italiana<\/strong> es la actividad del Ministerio de Asuntos Exteriores y Cooperaci\u00f3n Internacional destinada a apoyar a las empresas italianas en el extranjero y a promover el crecimiento del pa\u00eds en distintos \u00e1mbitos. Coordinadas por la Direcci\u00f3n General para la Promoci\u00f3n del Sistema Pa\u00eds de la Farnesina &#8211; que a su vez est\u00e1 en constante contacto con Instituciones, Organismos, Asociaciones, Empresas, Centros de Investigaci\u00f3n y Universidades &#8211; las m\u00e1s de 450 oficinas repartidas por todo el mundo y que comprenden Embajadas, Consulados, Unidades ICE y Enit, hoy integradas en las representaciones diplom\u00e1ticas y consulares, Institutos Italianos de Cultura y Oficinas de Agregados Cient\u00edficos y Tecnol\u00f3gicos, se dedican diariamente a promover Italia en sus componentes econ\u00f3mico, cultural y cient\u00edfico desde una perspectiva integrada.<\/p>\n<p>Los objetivos estrat\u00e9gicos que inspiran diariamente la diplomacia econ\u00f3mica son:<\/p>\n<ul>\n<li>apoyar a las empresas en su penetraci\u00f3n comercial en los mercados emergentes y consolidarse en los tradicionales;<\/li>\n<li>apoyar las actividades internacionales de las entidades territoriales;<\/li>\n<li>atraer a Italia inversiones productivas, flujos tur\u00edsticos y talentos brillantes;<\/li>\n<li>promover las inversiones italianas en el extranjero.<\/li>\n<\/ul>\n<p>&nbsp;<\/p>\n<p>La Embajada de Italia en Managua lleva a cabo sus actividades de cooperaci\u00f3n econ\u00f3mica en sinergia con el ICE &#8211; Agencia de Ciudad de M\u00e9xico (responsable de Nicaragua) y con la C\u00e1mara de Industria y Comercio Italo-Nicarag\u00fcense local.<\/p>\n<p>&nbsp;<\/p>\n<div class=\"block-office-details-block Grid-cell u-md-size1of2 u-lg-size1of2 ice-box ice-OfficeDetails\">\n<div class=\"Prose u-border-top-l u-color-70 u-text-r-l u-padding-r-bottom\">\n<div class=\"ice-office-info Prose\">\n<h6 class=\"u-text-h4 ice-office-info-ragsoc\"><a href=\"https:\/\/www.ice.it\/it\/mercati\/messico\">ICE &#8211; AGENCIA PARA LA PROMOCI\u00d3N EN EL EXTERIOR Y LA INTERNACIONALIZACI\u00d3N DE LAS EMPRESAS ITALIANAS<\/a><\/h6>\n<\/div>\n<\/div>\n<\/div>\n<h6><a href=\"http:\/\/www.italcam.org.ni\/\"><strong>C\u00c1MARA DE INDUSTRIA Y COMERCIO ITALO-NICARAG\u00dcENSE<\/strong><\/a><\/h6>\n","protected":false},"excerpt":{"rendered":"La diplomacia econ\u00f3mica italiana es la actividad del Ministerio de Asuntos Exteriores y Cooperaci\u00f3n Internacional destinada a apoyar a las empresas italianas en el extranjero y a promover el crecimiento del pa\u00eds en distintos \u00e1mbitos. Coordinadas por la Direcci\u00f3n General para la Promoci\u00f3n del Sistema Pa\u00eds de la Farnesina &#8211; que a su vez est\u00e1 [&hellip;]","protected":false},"author":1,"featured_media":0,"parent":162,"menu_order":0,"comment_status":"closed","ping_status":"closed","template":"","meta":{"footnotes":""},"class_list":["post-163","page","type-page","status-publish","hentry"],"_links":{"self":[{"href":"https:\/\/ambmanagua.esteri.it\/es\/wp-json\/wp\/v2\/pages\/163","targetHints":{"allow":["GET"]}}],"collection":[{"href":"https:\/\/ambmanagua.esteri.it\/es\/wp-json\/wp\/v2\/pages"}],"about":[{"href":"https:\/\/ambmanagua.esteri.it\/es\/wp-json\/wp\/v2\/types\/page"}],"author":[{"embeddable":true,"href":"https:\/\/ambmanagua.esteri.it\/es\/wp-json\/wp\/v2\/users\/1"}],"replies":[{"embeddable":true,"href":"https:\/\/ambmanagua.esteri.it\/es\/wp-json\/wp\/v2\/comments?post=163"}],"version-history":[{"count":4,"href":"https:\/\/ambmanagua.esteri.it\/es\/wp-json\/wp\/v2\/pages\/163\/revisions"}],"predecessor-version":[{"id":541,"href":"https:\/\/ambmanagua.esteri.it\/es\/wp-json\/wp\/v2\/pages\/163\/revisions\/541"}],"up":[{"embeddable":true,"href":"https:\/\/ambmanagua.esteri.it\/es\/wp-json\/wp\/v2\/pages\/162"}],"wp:attachment":[{"href":"https:\/\/ambmanagua.esteri.it\/es\/wp-json\/wp\/v2\/media?parent=163"}],"curies":[{"name":"wp","href":"https:\/\/api.w.org\/{rel}","templated":true}]}}