{"id":165,"date":"2023-04-11T18:23:52","date_gmt":"2023-04-12T00:23:52","guid":{"rendered":"https:\/\/ambmanagua.esteri.it\/italia-e-nicaragua\/diplomazia-economica\/fare-in-nicaragua\/"},"modified":"2023-11-01T15:13:46","modified_gmt":"2023-11-01T21:13:46","slug":"fare-in-nicaragua","status":"publish","type":"page","link":"https:\/\/ambmanagua.esteri.it\/es\/italia-e-nicaragua\/diplomazia-economica\/fare-in-nicaragua\/","title":{"rendered":"Hacer negocios en Nicaragua"},"content":{"rendered":"<p><a href=\"mailto:messico@ice.i\">messico@ice.i<\/a> \u00a0Correo electr\u00f3nico de la ICE &#8211; Agencia en la Ciudad de M\u00e9xico (competente para Nicaragua):<\/p>\n<p><a href=\"mailto:admin@italcam.org.ni\">admin@italcam.org.ni<\/a> \u00a0Correo electr\u00f3nico de la C\u00e1mara de Industria y Comercio Italo-Nicaraguense:<\/p>\n<p>&nbsp;<\/p>\n<p><strong>HERRAMIENTAS<\/strong><\/p>\n<p>Las empresas italianas pueden beneficiarse de una amplia gama de instrumentos p\u00fablicos para apoyar la internacionalizaci\u00f3n.<\/p>\n<p>El Ministerio de Actividades Productivas ha preparado una Gu\u00eda destinada a proporcionar a los operadores una \u00e1gil base informativa sobre las herramientas que el Sistema P\u00fablico pone a disposici\u00f3n de las empresas italianas para apoyar sus proyectos de internacionalizaci\u00f3n. Adem\u00e1s de los instrumentos \u00abtradicionales\u00bb, destinados a apoyar a la empresa en la fase de internacionalizaci\u00f3n llamada \u00abcomercial\u00bb, caracterizada por la activaci\u00f3n de flujos de exportaci\u00f3n de sus productos a mercados extranjeros, el volumen pasa a analizar los nuevos instrumentos facilitadores, creados en los \u00faltimos a\u00f1os con la finalidad de apoyar la internacionalizaci\u00f3n \u00abproductiva\u00bb de la empresa, es decir, la transferencia al extranjero de fases enteras o cadenas de producci\u00f3n, en una l\u00f3gica de \u00abmultilocalizaci\u00f3n\u00bb que arraigue las empresas en diferentes mercados y las haga cada vez m\u00e1s competitivas.<\/p>\n<p>Los fondos de capital riesgo est\u00e1n destinados a apoyar las inversiones de las empresas italianas en \u00e1reas geogr\u00e1ficas consideradas de extrema importancia estrat\u00e9gica para el desarrollo de nuestro sistema de pa\u00eds. Su car\u00e1cter rotativo permite la activaci\u00f3n de un mecanismo de auto-alimentaci\u00f3n de los fondos que garantiza la perpetuaci\u00f3n de la disponibilidad de los recursos financieros destinados a ello.<\/p>\n<p>Se opt\u00f3 conscientemente por privilegiar la claridad y la comprensibilidad m\u00e1s que la exhaustividad del tratamiento. A tal efecto, la descripci\u00f3n de los instrumentos de ayuda se ha organizado en fichas que presentan sucintamente los tipos de intervenci\u00f3n previstos, las principales referencias normativas, los recursos disponibles, los procedimientos y los plazos necesarios para obtener la facilitaci\u00f3n.<\/p>\n<p><strong>Gu\u00eda Instrumentos de apoyo a la internacionalizaci\u00f3n de las empresas italianas<\/strong><\/p>\n<p>Infomercatiesteri<\/p>\n<p>&nbsp;<\/p>\n<p><strong>SEGURO DE EXPORTACI\u00d3N<\/strong><\/p>\n<p><a href=\"http:\/\/www.sace.it\/\"><strong>El sitio web de SACE<\/strong><\/a><\/p>\n<p><strong>SACE S.p.A.<\/strong><\/p>\n<p><strong>Servicios de Seguros de Comercio Exterior<\/strong><\/p>\n<ul>\n<li>Sociedad de seguro de cr\u00e9dito a la exportaci\u00f3n con capital suscrito por el Ministerio de Econom\u00eda y Hacienda;<\/li>\n<li>se asume en seguros y reaseguros los riesgos de car\u00e1cter pol\u00edtico, econ\u00f3mico y comercial a los que est\u00e1n expuestos los operadores italianos en sus transacciones internacionales;<\/li>\n<li>apoya las exportaciones de las peque\u00f1as y medianas empresas italianas facilitando el acceso a la garant\u00eda de seguro a trav\u00e9s de dos estrategias basadas en la posibilidad de que las empresas elijan el tipo de relaci\u00f3n que se establecer\u00e1 con SACE:- estrategia directa, en este caso, entre los diversos instrumentos de seguro disponibles, destaca el de las P\u00f3lizas Globales, destinado a las Sociedades que tienen relaciones comerciales continuas con varios deudores extranjeros;- estrategia indirecta, es decir, actividad mediada por Bancos y\/o Compa\u00f1\u00edas de seguros privadas;<\/li>\n<\/ul>\n<p>&nbsp;<\/p>\n<p><strong>FINANCIACI\u00d3N E INVERSI\u00d3N<\/strong><\/p>\n<p><strong><a href=\"http:\/\/www.simest.it\/\">El sitio web de SIMEST<\/a><\/strong><\/p>\n<p><strong>SIMEST S.p.A.<\/strong><\/p>\n<p><strong>Financiera de desarrollo y promoci\u00f3n de las empresas italianas en el extranjero<\/strong><\/p>\n<ul>\n<li>Sociedad controlada por el Gobierno Italiano, que posee el 76% del accionariado, es propiedad de bancos, empresas, asociaciones empresariales y de categor\u00eda;<\/li>\n<li>promover\u00e1 y apoyar\u00e1 las actividades en el extranjero de todas las empresas italianas, en particular las peque\u00f1as y medianas, incluidas las comerciales, artesanales y tur\u00edsticas, as\u00ed como cooperativas, consorcios y otros organismos econ\u00f3micos, a trav\u00e9s de dos canales principales de actividad: el apoyo al comercio y a la inversi\u00f3n extranjera;<\/li>\n<li>presta servicios de asistencia y asesoramiento en todas las fases de la puesta en marcha y realizaci\u00f3n de inversiones en el extranjero;<\/li>\n<li>se prestar\u00e1 apoyo financiero a las inversiones de empresas italianas en el extranjero mediante la gesti\u00f3n de incentivos y facilidades directas;<\/li>\n<li>la participaci\u00f3n de SIMEST en el capital de las empresas extranjeras permite compartir el riesgo potencial de la nueva iniciativa con un socio institucional que aporte capital propio, y pone a disposici\u00f3n su experiencia plurianual en los mercados extranjeros basada en la participaci\u00f3n en cientos de proyectos en todo el mundo;<\/li>\n<li>gestiona los fondos de capital riesgo del Ministerio de Actividades Productivas;<\/li>\n<li>concede bonificaciones de intereses sobre pr\u00e9stamos concedidos a exportadores italianos;<\/li>\n<li>financia los gastos destinados a la creaci\u00f3n de estructuras comerciales permanentes;<\/li>\n<li>proporciona financiaci\u00f3n para estudios de viabilidad y asistencia t\u00e9cnica;<\/li>\n<li>financia los costes de las licitaciones internacionales;<\/li>\n<li>efect\u00faa operaciones de business scouting.<\/li>\n<\/ul>\n<p>&nbsp;<\/p>\n<p><strong>ASISTENCIA Y PROMOCI\u00d3N<\/strong><\/p>\n<p>&nbsp;<\/p>\n<p><strong>ICE (Instituto Nacional de Comercio Exterior)<\/strong><\/p>\n<ul>\n<li>Organismo p\u00fablico encargado de desarrollar, facilitar y promover las relaciones econ\u00f3micas y comerciales italianas con el extranjero, prestando especial atenci\u00f3n a las necesidades de las peque\u00f1as y medianas empresas, de sus consorcios y agrupaciones; en estrecha colaboraci\u00f3n con el Ministerio de Actividades Productivas elabora el Programa de Actividades Promocionales;<\/li>\n<li>organiza participaciones en ferias internacionales e iniciativas para desarrollar contactos y negocios;<\/li>\n<li>organizar\u00e1 y gestionar\u00e1 seminarios y encuentros entre operadores, realizar\u00e1 estudios de mercado y desarrollar\u00e1 acciones de comunicaci\u00f3n;<\/li>\n<li>realiza actividades de atracci\u00f3n de inversiones extranjeras en Italia, promoviendo en el extranjero &#8211; por cuenta de agencias de desarrollo locales &#8211; las oportunidades en \u00e1reas espec\u00edficas y realizando acciones de comunicaci\u00f3n, en colaboraci\u00f3n con Sviluppo Italia;<\/li>\n<li>Sitio web: <a href=\"http:\/\/www.ice.it\">www.ice.it<\/a><\/li>\n<\/ul>\n<p><strong>ASSOCAMERESTERO (Asociaci\u00f3n de C\u00e1maras de Comercio italianas en el Extranjero)<\/strong><\/p>\n<ul>\n<li>Asociaci\u00f3n que representa las necesidades y las potencialidades de servicio de las C\u00e1maras de Comercio Italianas en el exterior (CCIE) e investiga colaboraciones y alianzas estrat\u00e9gicas con entidades y organismos p\u00fablicos y privados &#8211; italianos e internacionales &#8211; para favorecer el conocimiento y la utilizaci\u00f3n de la red de las CCIE;<\/li>\n<li>se encargar\u00e1 de la redacci\u00f3n del Informe sobre las Oportunidades de Negocio, que presenta el potencial de las CCIE como proveedores de informaci\u00f3n sobre las oportunidades de negocio, sector por sector, existentes en los pa\u00edses de funcionamiento de la red;<\/li>\n<li>realiza actividades de asistencia proyectual y coordinaci\u00f3n de las ventanillas para la internacionalizaci\u00f3n de las C\u00e1maras de Comercio Italianas en el extranjero, en conexi\u00f3n con el proyecto de Unioncamere;<\/li>\n<li>Sitio web: <a href=\"http:\/\/www.assocamerestero.it\">assocamerestero.it<\/a><\/li>\n<\/ul>\n<p><strong>UNIONCAMERE (Uni\u00f3n Italiana de C\u00e1maras de Comercio Industria y Artesan\u00eda)<\/strong><\/p>\n<ul>\n<li>Considerando que la Uni\u00f3n cuida y representa los intereses generales de las C\u00e1maras de Comercio, punto de referencia para los sectores productivos, tanto a nivel local como nacional e internacional;<\/li>\n<li>Promueve, realiza y gestiona, directamente o a trav\u00e9s de sus propias empresas especiales, servicios y actividades de inter\u00e9s para las C\u00e1maras de Comercio y los sectores econ\u00f3micos;<\/li>\n<li>trat\u00e1ndose de consolidar y desarrollar la colaboraci\u00f3n con la red de las CCIE;<\/li>\n<li>Facilita el acceso, con tecnolog\u00edas de vanguardia, a iniciativas y programas comunitarios, favoreciendo acuerdos internacionales para promover Italia en el mundo;<\/li>\n<li>sitio web: <a href=\"http:\/\/www.unioncamere.it\">www.unioncamere.it<\/a><\/li>\n<\/ul>\n<p><strong>ENIT (Oficina Nacional de Turismo de Italia)<\/strong><\/p>\n<ul>\n<li>Estructura institucional que garantiza la promoci\u00f3n tur\u00edstica de Italia en el extranjero, adoptando iniciativas para dar a conocer en el extranjero los recursos tur\u00edsticos nacionales y regionales y, en particular, los valores naturales, medioambientales, hist\u00f3ricos culturales y art\u00edsticos de nuestro pa\u00eds;<\/li>\n<li>proceder\u00e1 a asistir y ofrecer servicios t\u00e9cnicos a las empresas tur\u00edsticas italianas para su penetraci\u00f3n comercial en los mercados extranjeros;<\/li>\n<li>Elabora estudios sobre los mercados internacionales y, en particular, sobre las tendencias de la demanda tur\u00edstica individual y organizada;<\/li>\n<li>analiza la evoluci\u00f3n de la demanda tur\u00edstica extranjera y planifica estrategias operativas dise\u00f1adas de acuerdo con los protagonistas p\u00fablicos y privados del turismo italiano (Ministerio de Actividades Productivas, Ministerio de Asuntos Exteriores, Regiones, Administraciones P\u00fablicas, Entidades y Asociaciones Profesionales y productores de servicios tur\u00edsticos;<\/li>\n<li>sitio web: <a href=\"http:\/\/www.enit.it\">www.enit.it<\/a><\/li>\n<\/ul>\n<p><strong>Empresa mundial (Agencia para la Mundializaci\u00f3n de la Empresa)<\/strong><\/p>\n<ul>\n<li>Agencia que promueve y sostiene los procesos de mundializaci\u00f3n, en particular de las PYME &#8211; principalmente en el Mezzogiorno &#8211; a trav\u00e9s de una amplia y capilar red en Italia, compuesta por las diversas realidades del sistema italiano de las C\u00e1maras de Comercio, de la Confcommercio y de la Confagricoltura;<\/li>\n<li>elabora ofertas y proyectos para la participaci\u00f3n en licitaciones y la financiaci\u00f3n de las administraciones p\u00fablicas y las principales organizaciones internacionales;<\/li>\n<li>organiza iniciativas para promover la asociaci\u00f3n empresarial transnacional, tanto sectoriales como multisectoriales;<\/li>\n<li>promueve las inversiones extranjeras en Italia a trav\u00e9s de las oportunas acciones informativas sobre la estructura del sistema empresarial italiano y sobre la legislaci\u00f3n en apoyo de las inversiones;<\/li>\n<li>Sitio web: <a href=\"http:\/\/www.mondimpresa.it\">www.mondimpresa.it<\/a><\/li>\n<\/ul>\n<p>&nbsp;<\/p>\n<p><strong>GARE \/ EARLY WARNING\u00a0<\/strong><\/p>\n<p>EXTENDER &#8211; Sistema de informaci\u00f3n para la anticipaci\u00f3n de licitaciones y grandes proyectos<\/p>\n<p><strong>ExTender<\/strong><\/p>\n<ul>\n<li>Sistema de informaci\u00f3n gratuito, promovido en el marco de un acuerdo entre el Ministerio de Asuntos Exteriores, la Uni\u00f3n de C\u00e1maras de Comercio italianas y la Asociaci\u00f3n de C\u00e1maras de Comercio Italianas en el Extranjero, para la difusi\u00f3n espec\u00edfica de informaci\u00f3n econ\u00f3mica y de oportunidades de negocios se\u00f1aladas por las instituciones italianas en el extranjero, en beneficio de las empresas italianas;<\/li>\n<li>Mediante un registro gratuito en el sitio web, el usuario recibe, en tiempo real y por correo electr\u00f3nico, informaci\u00f3n personalizada sobre los mercados y sectores de inter\u00e9s indicados en el momento del registro;<\/li>\n<li>Los tipos de informaci\u00f3n que el sistema pone a disposici\u00f3n de los inscritos son:<\/li>\n<\/ul>\n<p>&#8211; licitaciones internacionales;<\/p>\n<p>&#8211; early warning: anticipaci\u00f3n de licitaciones y grandes proyectos;<\/p>\n<p>&nbsp;<\/p>\n<p><strong>FORMACI\u00d3N<\/strong><\/p>\n<p><strong>FORMEZ &#8211; Centro de Formaci\u00f3n y Estudios<\/strong><\/p>\n<p><a href=\"http:\/\/www.formez.it\/\"><strong>El sitio web de Formez<\/strong><\/a><\/p>\n<ul>\n<li>Instituto que proporciona asistencia t\u00e9cnica y servicios de formaci\u00f3n e informaci\u00f3n, especialmente a las administraciones locales;<\/li>\n<li>participa en iniciativas de asistencia t\u00e9cnica y formaci\u00f3n a nivel nacional e internacional en colaboraci\u00f3n con organismos p\u00fablicos y privados;<\/li>\n<li>El servicio Ventanilla Empresa de Formez desarrolla una actividad continua de formaci\u00f3n, asistencia y asesoramiento con el fin de ayudar a los entes locales en la realizaci\u00f3n y desarrollo de las ventanillas \u00fanicas para las actividades productivas.<\/li>\n<\/ul>\n<p>&nbsp;<\/p>\n<p><strong>Organismos p\u00fablicos no econ\u00f3micos<\/strong><\/p>\n<p><strong>INFORMEST &#8211; Centro de Servicios y Documentaci\u00f3n para la Cooperaci\u00f3n Econ\u00f3mica Internacional<\/strong><\/p>\n<p><a href=\"http:\/\/www.informest.it\/\"><strong>www.informest.it<\/strong><\/a><\/p>\n<ul>\n<li>Estructura p\u00fablica sin fines de lucro creada para ofrecer a los operadores del mercado servicios de informaci\u00f3n, documentaci\u00f3n, formaci\u00f3n, asistencia y asesoramiento sobre los pa\u00edses del Este europeo (Balcanes, Europa Central y Oriental, CEI) y de Asia Central y Oriental (China, Mongolia, Vietnam);<\/li>\n<li>Los servicios de Informest para el uso de las herramientas de ayuda p\u00fablica a la internacionalizaci\u00f3n incluyen la asistencia a la empresa para solicitar financiaci\u00f3n o contribuciones hasta que se complete el procedimiento correspondiente;<\/li>\n<\/ul>\n<p><strong>IPI &#8211; Instituto de Promoci\u00f3n Industrial<\/strong><\/p>\n<p><strong><a href=\"http:\/\/www.ipi.it\/\">www.ipi.it<\/a><\/strong><\/p>\n<ul>\n<li>Agencia gubernamental, bajo la supervisi\u00f3n del Ministerio de Actividades Productivas, especializada en promover el crecimiento y la competitividad de los sistemas productivos y econ\u00f3micos en un contexto internacional globalizado;<\/li>\n<li>Interviene en la concepci\u00f3n, realizaci\u00f3n y gesti\u00f3n de programas, acciones de sistema e instrumentos destinados a apoyar el desarrollo de la empresa italiana;<\/li>\n<li>opera en el marco de los procesos de cooperaci\u00f3n industrial internacional multilateral y bilateral promovidos por el Gobierno italiano;<\/li>\n<\/ul>\n<p>&nbsp;<\/p>\n<p><strong>Algunas de las principales organizaciones representativas<\/strong><\/p>\n<p><strong>CONFINDUSTRIA &#8211; Organizaci\u00f3n representativa de las empresas manufactureras y de servicios en Italia<\/strong><\/p>\n<ul>\n<li>Confederaci\u00f3n General de la Industria Italiana que contribuye, junto con las instituciones pol\u00edticas y las organizaciones econ\u00f3micas, sociales y culturales, nacionales e internacionales, al crecimiento econ\u00f3mico y al progreso social del pa\u00eds;<\/li>\n<li>Interviene en apoyo de las organizaciones econ\u00f3micas, pol\u00edticas, sociales y culturales del pa\u00eds y de la Uni\u00f3n Europea;<\/li>\n<li>representa y protege el sector de la producci\u00f3n de bienes y servicios;<\/li>\n<\/ul>\n<p><strong><a href=\"http:\/\/www.confindustria.it\/\">www.confindustria.it<\/a><\/strong><\/p>\n<p><strong>CONFAPI &#8211; Confederaci\u00f3n Italiana de la Peque\u00f1a y Mediana Industria<\/strong><\/p>\n<ul>\n<li>Confederaci\u00f3n que promueve los intereses de la peque\u00f1a y mediana industria;<\/li>\n<li>favorece el desarrollo econ\u00f3mico y civil del pa\u00eds en relaci\u00f3n con las organizaciones e instituciones nacionales y extranjeras;<\/li>\n<\/ul>\n<p><strong><a href=\"http:\/\/www.confapi.it\/\">www.confapi.it<\/a><\/strong><\/p>\n<p><strong>CONFCOMMERCIO &#8211; Confederaci\u00f3n General Italiana de Comercio, Turismo, Servicios y PYME<\/strong><\/p>\n<ul>\n<li>Confederaci\u00f3n que define las pol\u00edticas comunitarias del sector, en colaboraci\u00f3n con la Uni\u00f3n Europea;<\/li>\n<li>asiste y se encarga de la tramitaci\u00f3n de los expedientes relativos a la concesi\u00f3n de subvenciones para actividades de promoci\u00f3n en el extranjero;<\/li>\n<li>trata de encontrar mercados de salida y de buscar compradores potenciales en los mercados internacionales;<\/li>\n<\/ul>\n<p><strong><a href=\"http:\/\/www.confcommercio.it\/\">www.confcommercio.it<\/a><\/strong><\/p>\n<p><strong>CONFARTIGIANATO &#8211; Organizaci\u00f3n de informaci\u00f3n y de representaci\u00f3n de las empresas artesanales<\/strong><\/p>\n<ul>\n<li>Confederaci\u00f3n que apoya el desarrollo de nuevas empresas a trav\u00e9s de actividades de formaci\u00f3n, de informaci\u00f3n sobre las oportunidades y facilidades de car\u00e1cter nacional y local;<\/li>\n<li>Proporciona una primera evaluaci\u00f3n de la calidad del proyecto empresarial y ofrece asesoramiento b\u00e1sico sobre legislaci\u00f3n, cr\u00e9dito, fiscalidad y medio ambiente;<\/li>\n<li>concede financiaci\u00f3n en condiciones favorables para dotar al \u00abproyecto de empresa\u00bb de los instrumentos necesarios para concretarlo;<\/li>\n<\/ul>\n<p><strong><a href=\"http:\/\/www.confartigianato.it\/\">www.confartigianato.it<\/a><\/strong><\/p>\n<p><strong>CNA &#8211; Confederaci\u00f3n Nacional de la Artesan\u00eda y de la Peque\u00f1a y Mediana Empresa<\/strong><\/p>\n<ul>\n<li>Organizaci\u00f3n representativa de las empresas artesanales:<\/li>\n<li>desarrollando estrategias para el sector, ofrece un servicio de informaci\u00f3n sobre oportunidades, programas y licitaciones propuestos por la Uni\u00f3n Europea;<\/li>\n<li>representa el mundo de la auto-emprendimiento reuniendo, a trav\u00e9s de la denominaci\u00f3n \u00abCNA in proprio\u00bb, a asesores, profesionales y colaboradores;<\/li>\n<\/ul>\n<p><strong><a href=\"http:\/\/www.cna.it\/\">www.cna.it<\/a><\/strong><\/p>\n<p><strong>\u00a0<\/strong><strong>CONFAGRICOLTURA &#8211; Organizaci\u00f3n Agr\u00edcola Italiana<\/strong><\/p>\n<ul>\n<li>Confederaci\u00f3n que promueve, asiste y coordina las actividades econ\u00f3micas de los productos o sectores de producci\u00f3n individuales;<\/li>\n<li>representa y protege a las empresas asociadas frente a las instituciones;<\/li>\n<li>presta a sus asociados servicios cualificados de diversa \u00edndole (asesoramiento jur\u00eddico, formaci\u00f3n y asistencia t\u00e9cnica para la gesti\u00f3n de la explotaci\u00f3n agr\u00edcola);<\/li>\n<\/ul>\n<p><a href=\"http:\/\/www.confagricoltura.it\/\">www.confagriura.it<\/a><\/p>\n","protected":false},"excerpt":{"rendered":"messico@ice.i \u00a0Correo electr\u00f3nico de la ICE &#8211; Agencia en la Ciudad de M\u00e9xico (competente para Nicaragua): admin@italcam.org.ni \u00a0Correo electr\u00f3nico de la C\u00e1mara de Industria y Comercio Italo-Nicaraguense: &nbsp; HERRAMIENTAS Las empresas italianas pueden beneficiarse de una amplia gama de instrumentos p\u00fablicos para apoyar la internacionalizaci\u00f3n. El Ministerio de Actividades Productivas ha preparado una Gu\u00eda destinada [&hellip;]","protected":false},"author":1,"featured_media":0,"parent":163,"menu_order":1,"comment_status":"closed","ping_status":"closed","template":"","meta":{"footnotes":""},"class_list":["post-165","page","type-page","status-publish","hentry"],"_links":{"self":[{"href":"https:\/\/ambmanagua.esteri.it\/es\/wp-json\/wp\/v2\/pages\/165","targetHints":{"allow":["GET"]}}],"collection":[{"href":"https:\/\/ambmanagua.esteri.it\/es\/wp-json\/wp\/v2\/pages"}],"about":[{"href":"https:\/\/ambmanagua.esteri.it\/es\/wp-json\/wp\/v2\/types\/page"}],"author":[{"embeddable":true,"href":"https:\/\/ambmanagua.esteri.it\/es\/wp-json\/wp\/v2\/users\/1"}],"replies":[{"embeddable":true,"href":"https:\/\/ambmanagua.esteri.it\/es\/wp-json\/wp\/v2\/comments?post=165"}],"version-history":[{"count":6,"href":"https:\/\/ambmanagua.esteri.it\/es\/wp-json\/wp\/v2\/pages\/165\/revisions"}],"predecessor-version":[{"id":556,"href":"https:\/\/ambmanagua.esteri.it\/es\/wp-json\/wp\/v2\/pages\/165\/revisions\/556"}],"up":[{"embeddable":true,"href":"https:\/\/ambmanagua.esteri.it\/es\/wp-json\/wp\/v2\/pages\/163"}],"wp:attachment":[{"href":"https:\/\/ambmanagua.esteri.it\/es\/wp-json\/wp\/v2\/media?parent=165"}],"curies":[{"name":"wp","href":"https:\/\/api.w.org\/{rel}","templated":true}]}}