{"id":167,"date":"2023-04-11T18:24:57","date_gmt":"2023-04-12T00:24:57","guid":{"rendered":"https:\/\/ambmanagua.esteri.it\/italia-e-nicaragua\/diplomazia-culturale\/lingua-e-cultura-italiana\/"},"modified":"2023-11-02T16:05:55","modified_gmt":"2023-11-02T22:05:55","slug":"lingua-e-cultura-italiana","status":"publish","type":"page","link":"https:\/\/ambmanagua.esteri.it\/es\/italia-e-nicaragua\/diplomazia-culturale\/lingua-e-cultura-italiana\/","title":{"rendered":"Lengua y Cultura italiana"},"content":{"rendered":"<p><strong>FUNDACI\u00d3N DANTE ALIGHIERI &#8211; MANAGUA<\/strong><\/p>\n<p><strong>Instituto de Lengua Italiana<br \/>\nReconocido por la Universidad para Extranjeros de Siena<\/strong><\/p>\n<p>La Fundaci\u00f3n Dante Alighieri ofrece cursos de italiano y est\u00e1 habilitada para expedir los certificados CILS y DITALS.<\/p>\n<p>&#8211; Lugar de examen CILS (T\u00edtulo Oficial de la Rep\u00fablica Italiana y del Consejo Europeo)<br \/>\n&#8211; Lugar de examen DITALS (t\u00edtulo oficial de did\u00e1ctica para profesores de lengua italiana en el extranjero)<\/p>\n<p>Tel: + 505 2266-8778<br \/>\nBolonia, De los Pipitos sede central 1c abajo, 1c al lago<br \/>\nCorreo electr\u00f3nico: <a href=\"mailto:infodantemanagua@gmail.com\">infodantemanagua@gmail.com<\/a>; <a href=\"mailto:segrdantemanagua@live.com\">segrdantemanagua@live.com<\/a><br \/>\nFacebook: Fundaci\u00f3n Dante en Managua<\/p>\n<p>&nbsp;<\/p>\n<p><a href=\"https:\/\/iicguatemala.esteri.it\/iic_guatemala\/it\/\"><strong>INSTITUTO ITALIANO DE CULTURA<\/strong><\/a><\/p>\n<p>El Instituto Italiano de Cultura de referencia es el de la Ciudad de Guatemala (<a href=\"mailto:iicguatemale@esteri.it\">iicguatemale@esteri.it<\/a>).<\/p>\n<p>&nbsp;<\/p>\n<p><a href=\"https:\/\/italiana.esteri.it\/italiana\/\"><strong>PORTAL \u00abITALIANA\u00bb<\/strong><\/a><\/p>\n<p class=\"article__title\">El portal de la cultura italiana en el mundo: https:\/\/italiana.esteri.it\/italiana\/<\/p>\n","protected":false},"excerpt":{"rendered":"FUNDACI\u00d3N DANTE ALIGHIERI &#8211; MANAGUA Instituto de Lengua Italiana Reconocido por la Universidad para Extranjeros de Siena La Fundaci\u00f3n Dante Alighieri ofrece cursos de italiano y est\u00e1 habilitada para expedir los certificados CILS y DITALS. &#8211; Lugar de examen CILS (T\u00edtulo Oficial de la Rep\u00fablica Italiana y del Consejo Europeo) &#8211; Lugar de examen DITALS [&hellip;]","protected":false},"author":1,"featured_media":0,"parent":166,"menu_order":1,"comment_status":"closed","ping_status":"closed","template":"","meta":{"footnotes":""},"class_list":["post-167","page","type-page","status-publish","hentry"],"_links":{"self":[{"href":"https:\/\/ambmanagua.esteri.it\/es\/wp-json\/wp\/v2\/pages\/167","targetHints":{"allow":["GET"]}}],"collection":[{"href":"https:\/\/ambmanagua.esteri.it\/es\/wp-json\/wp\/v2\/pages"}],"about":[{"href":"https:\/\/ambmanagua.esteri.it\/es\/wp-json\/wp\/v2\/types\/page"}],"author":[{"embeddable":true,"href":"https:\/\/ambmanagua.esteri.it\/es\/wp-json\/wp\/v2\/users\/1"}],"replies":[{"embeddable":true,"href":"https:\/\/ambmanagua.esteri.it\/es\/wp-json\/wp\/v2\/comments?post=167"}],"version-history":[{"count":3,"href":"https:\/\/ambmanagua.esteri.it\/es\/wp-json\/wp\/v2\/pages\/167\/revisions"}],"predecessor-version":[{"id":584,"href":"https:\/\/ambmanagua.esteri.it\/es\/wp-json\/wp\/v2\/pages\/167\/revisions\/584"}],"up":[{"embeddable":true,"href":"https:\/\/ambmanagua.esteri.it\/es\/wp-json\/wp\/v2\/pages\/166"}],"wp:attachment":[{"href":"https:\/\/ambmanagua.esteri.it\/es\/wp-json\/wp\/v2\/media?parent=167"}],"curies":[{"name":"wp","href":"https:\/\/api.w.org\/{rel}","templated":true}]}}