{"id":169,"date":"2023-04-11T18:24:38","date_gmt":"2023-04-12T00:24:38","guid":{"rendered":"https:\/\/ambmanagua.esteri.it\/italia-e-nicaragua\/diplomazia-culturale\/studiare-in-italia\/"},"modified":"2023-12-18T15:52:32","modified_gmt":"2023-12-18T21:52:32","slug":"studiare-in-italia","status":"publish","type":"page","link":"https:\/\/ambmanagua.esteri.it\/es\/italia-e-nicaragua\/diplomazia-culturale\/studiare-in-italia\/","title":{"rendered":"Estudiar en Italia"},"content":{"rendered":"<ul>\n<li><strong>BECAS OFRECIDAS POR LA UNIVERSIDADES ITALIANAS<\/strong><\/li>\n<\/ul>\n<p>Actualmente es posible estudiar en Italia por medio de las ofertas de becas reportadas en el sito del Ministerio de Relaciones Exteriores Italiano las cuales son gestionadas por las Universidades. Los estudiantes que deseen realizar sus estudios de licenciatura, maestr\u00edas o doctorado deben dirigirse a las universidades para iniciar el proceso de admisi\u00f3n.<\/p>\n<p>Entra al sitio del Ministerio de Relaciones Exteriores y encuentra una universidad:<\/p>\n<p><a href=\"https:\/\/www.esteri.it\/it\/opportunita\/borse-di-studio\/per-cittadini-stranieri\/borse-di-studio-offerte-dalle-universita\/\">Borse di Studio offerte dalle Universit\u00e0 \u2013 Ministero degli Affari Esteri e della Cooperazione Internazionale<\/a><\/p>\n<p>El Consulado de la Embajada de Italia en Managua se encargar\u00e1 de recibir: solicitudes de Visa para los estudiantes que hayan completado su admisi\u00f3n, solicitud de Declaraciones de Valores de t\u00edtulos y legalizaciones de traducciones de documentos solicitados a los estudiantes de parte de la Universidad.<\/p>\n<ul>\n<li><strong>PROGRAMA ERASMUS <\/strong><\/li>\n<\/ul>\n<p>El programa Erasmus permite llevar estudios universitarios tanto en Italia como en cualquiera de los Estados miembros de la Uni\u00f3n Europea.\u00a0 Los estudiantes que quieran llevar sus estudios en Italia deben revisar las ofertas acad\u00e9micas en la p\u00e1gina del programa:<\/p>\n<p><a href=\"https:\/\/erasmus-plus.ec.europa.eu\/es\/opportunities\/opportunities-for-individuals\/students\">Estudiantes | Erasmus+ (europa.eu)<\/a><\/p>\n<p><a href=\"https:\/\/erasmus-plus.ec.europa.eu\/es\/opportunities\/opportunities-for-individuals\/students\/studying-abroad\">Estudiar en el extranjero | Erasmus+ (europa.eu)<\/a><\/p>\n<p><a href=\"https:\/\/erasmus-plus.ec.europa.eu\/es\/opportunities\/opportunities-for-individuals\/students\/erasmus-mundus-joint-masters\">M\u00e1steres conjuntos Erasmus Mundus (estudiantes) | Erasmus+ (europa.eu)<\/a><\/p>\n<p>Los estudiantes beneficiados por el programa podr\u00e1n presentarse a la oficina Consular de la Embajada de Italia para solicitar Visa, Declaraci\u00f3n de valores y legalizaci\u00f3n de traducciones de documentos.<\/p>\n<p>La Oficina Consular proporciona informaci\u00f3n y asesoramiento para la inscripci\u00f3n en Escuelas y Universidades en Italia y emite las declaraciones de valor necesarias para los t\u00edtulos obtenidos en Escuelas y Universidades de la circunscripci\u00f3n consular para que los interesados puedan obtener la equivalencia de los t\u00edtulos primarios y secundarios con t\u00edtulos italianos similares, la inscripci\u00f3n en escuelas y universidades italianas, el reconocimiento en Italia de los estudios universitarios y la concesi\u00f3n de becas.<\/p>\n","protected":false},"excerpt":{"rendered":"BECAS OFRECIDAS POR LA UNIVERSIDADES ITALIANAS Actualmente es posible estudiar en Italia por medio de las ofertas de becas reportadas en el sito del Ministerio de Relaciones Exteriores Italiano las cuales son gestionadas por las Universidades. Los estudiantes que deseen realizar sus estudios de licenciatura, maestr\u00edas o doctorado deben dirigirse a las universidades para iniciar [&hellip;]","protected":false},"author":1,"featured_media":0,"parent":166,"menu_order":0,"comment_status":"closed","ping_status":"closed","template":"","meta":{"footnotes":""},"class_list":["post-169","page","type-page","status-publish","hentry"],"_links":{"self":[{"href":"https:\/\/ambmanagua.esteri.it\/es\/wp-json\/wp\/v2\/pages\/169","targetHints":{"allow":["GET"]}}],"collection":[{"href":"https:\/\/ambmanagua.esteri.it\/es\/wp-json\/wp\/v2\/pages"}],"about":[{"href":"https:\/\/ambmanagua.esteri.it\/es\/wp-json\/wp\/v2\/types\/page"}],"author":[{"embeddable":true,"href":"https:\/\/ambmanagua.esteri.it\/es\/wp-json\/wp\/v2\/users\/1"}],"replies":[{"embeddable":true,"href":"https:\/\/ambmanagua.esteri.it\/es\/wp-json\/wp\/v2\/comments?post=169"}],"version-history":[{"count":3,"href":"https:\/\/ambmanagua.esteri.it\/es\/wp-json\/wp\/v2\/pages\/169\/revisions"}],"predecessor-version":[{"id":1852,"href":"https:\/\/ambmanagua.esteri.it\/es\/wp-json\/wp\/v2\/pages\/169\/revisions\/1852"}],"up":[{"embeddable":true,"href":"https:\/\/ambmanagua.esteri.it\/es\/wp-json\/wp\/v2\/pages\/166"}],"wp:attachment":[{"href":"https:\/\/ambmanagua.esteri.it\/es\/wp-json\/wp\/v2\/media?parent=169"}],"curies":[{"name":"wp","href":"https:\/\/api.w.org\/{rel}","templated":true}]}}