{"id":180,"date":"2023-04-11T18:10:55","date_gmt":"2023-04-12T00:10:55","guid":{"rendered":"https:\/\/ambmanagua.esteri.it\/italia-e-nicaragua\/diplomazia-scientifica\/"},"modified":"2023-11-02T16:14:33","modified_gmt":"2023-11-02T22:14:33","slug":"diplomazia-scientifica","status":"publish","type":"page","link":"https:\/\/ambmanagua.esteri.it\/es\/italia-e-nicaragua\/diplomazia-scientifica\/","title":{"rendered":"Diplomacia cient\u00edfica"},"content":{"rendered":"<header class=\"entry-header\">\n<h1 class=\"entry-title h3\"><strong style=\"font-size: 16px;\"><img decoding=\"async\" src=\"https:\/\/www.esteri.it\/mae\/resource\/mae\/2013\/03\/20130318_banner3.jpg\" border=\"0\" \/><\/strong><\/h1>\n<\/header>\n<div class=\"entry-content\">\n<p><strong>INNOVACI\u00d3N E INVESTIGACI\u00d3N<\/strong><\/p>\n<\/div>\n<p>El Ministerio de Asuntos Exteriores y Cooperaci\u00f3n Internacional (MAECI) promueve la internacionalizaci\u00f3n de la investigaci\u00f3n italiana y la diplomacia cient\u00edfica como instrumentos fundamentales para el desarrollo de la cooperaci\u00f3n entre Italia y el resto del mundo.<\/p>\n<p>La base de la acci\u00f3n del MAECI es la convicci\u00f3n de que no puede haber desarrollo econ\u00f3mico sin innovaci\u00f3n y apoyo a la investigaci\u00f3n cient\u00edfica.<\/p>\n<p>El mantenimiento de la competitividad en los mercados globales, cada vez m\u00e1s complejos, requiere la aplicaci\u00f3n constante de nuevas tecnolog\u00edas a los procesos productivos, para obtener productos innovadores de alto valor a\u00f1adido. De esta convicci\u00f3n, un uso cada vez m\u00e1s cuidadoso de los recursos en este sector, como inversi\u00f3n para el crecimiento del pa\u00eds, sobre todo en los sectores m\u00e1s innovadores, con efectos positivos en t\u00e9rminos econ\u00f3micos y comerciales.<\/p>\n<p>Enlaces \u00fatiles:<\/p>\n<p><a href=\"http:\/\/www.miur.gov.it\/\"><strong>Ministerio de Educaci\u00f3n, Universidad e Investigaci\u00f3n &#8211; MIUR<\/strong><\/a><\/p>\n<header class=\"entry-header\">\n<h1 class=\"entry-title h3\">Polo Cient\u00edfico de Trieste<\/h1>\n<\/header>\n<div class=\"entry-content\">\n<h5><a id=\"1\" href=\"http:\/\/www.ictp.it\/\" name=\"1\">\u00a0 \u00a0 \u00a0 \u00a0 \u00a0 \u00a0 \u00a0 \u00a0 \u00a0 \u00a0 \u00a0 \u00a0 \u00a0 \u00a0 \u00a0 <img decoding=\"async\" src=\"https:\/\/www.esteri.it\/mae\/resource\/mae\/2013\/09\/ictp.jpg\" alt=\"ictp\" border=\"0\" \/><\/a><a id=\"2\" href=\"http:\/\/www.icgeb.trieste.it\/\" name=\"2\"><img loading=\"lazy\" decoding=\"async\" src=\"https:\/\/www.esteri.it\/mae\/resource\/mae\/2013\/09\/ICGEB.jpg\" alt=\"icgeb\" width=\"243\" height=\"260\" border=\"0\" \/><\/a>\u00a0 \u00a0<a href=\"http:\/\/www.twas.org\/\"><img decoding=\"async\" class=\"alignnone\" src=\"https:\/\/www.esteri.it\/mae\/resource\/mae\/2013\/09\/TWAS.jpg\" alt=\"twas\" border=\"0\" \/><\/a><\/h5>\n<h5><a href=\"http:\/\/www.twas.org\/\">\u00a0<\/a><a id=\"5\" href=\"http:\/\/www.interacademies.net\/\" name=\"5\"><img loading=\"lazy\" decoding=\"async\" class=\"\" src=\"https:\/\/www.esteri.it\/mae\/resource\/mae\/2013\/09\/IAP.JPG\" alt=\"iap\" width=\"559\" height=\"155\" border=\"0\" \/><\/a><a id=\"6\" class=\"focus--mouse\" href=\"http:\/\/www.iamp-online.org\/\" name=\"6\"><img loading=\"lazy\" decoding=\"async\" class=\"\" src=\"https:\/\/www.esteri.it\/mae\/resource\/mae\/2013\/09\/IAMP.JPG\" alt=\"iamp\" width=\"658\" height=\"304\" border=\"0\" \/><\/a><\/h5>\n<\/div>\n","protected":false},"excerpt":{"rendered":"INNOVACI\u00d3N E INVESTIGACI\u00d3N El Ministerio de Asuntos Exteriores y Cooperaci\u00f3n Internacional (MAECI) promueve la internacionalizaci\u00f3n de la investigaci\u00f3n italiana y la diplomacia cient\u00edfica como instrumentos fundamentales para el desarrollo de la cooperaci\u00f3n entre Italia y el resto del mundo. La base de la acci\u00f3n del MAECI es la convicci\u00f3n de que no puede haber desarrollo [&hellip;]","protected":false},"author":1,"featured_media":0,"parent":162,"menu_order":4,"comment_status":"closed","ping_status":"closed","template":"","meta":{"footnotes":""},"class_list":["post-180","page","type-page","status-publish","hentry"],"_links":{"self":[{"href":"https:\/\/ambmanagua.esteri.it\/es\/wp-json\/wp\/v2\/pages\/180","targetHints":{"allow":["GET"]}}],"collection":[{"href":"https:\/\/ambmanagua.esteri.it\/es\/wp-json\/wp\/v2\/pages"}],"about":[{"href":"https:\/\/ambmanagua.esteri.it\/es\/wp-json\/wp\/v2\/types\/page"}],"author":[{"embeddable":true,"href":"https:\/\/ambmanagua.esteri.it\/es\/wp-json\/wp\/v2\/users\/1"}],"replies":[{"embeddable":true,"href":"https:\/\/ambmanagua.esteri.it\/es\/wp-json\/wp\/v2\/comments?post=180"}],"version-history":[{"count":3,"href":"https:\/\/ambmanagua.esteri.it\/es\/wp-json\/wp\/v2\/pages\/180\/revisions"}],"predecessor-version":[{"id":591,"href":"https:\/\/ambmanagua.esteri.it\/es\/wp-json\/wp\/v2\/pages\/180\/revisions\/591"}],"up":[{"embeddable":true,"href":"https:\/\/ambmanagua.esteri.it\/es\/wp-json\/wp\/v2\/pages\/162"}],"wp:attachment":[{"href":"https:\/\/ambmanagua.esteri.it\/es\/wp-json\/wp\/v2\/media?parent=180"}],"curies":[{"name":"wp","href":"https:\/\/api.w.org\/{rel}","templated":true}]}}