{"id":186,"date":"2023-04-11T18:12:24","date_gmt":"2023-04-12T00:12:24","guid":{"rendered":"https:\/\/ambmanagua.esteri.it\/servizi-consolari-e-visti\/servizi-per-il-cittadino-italiano\/"},"modified":"2023-11-03T15:11:49","modified_gmt":"2023-11-03T21:11:49","slug":"servizi-per-il-cittadino-italiano","status":"publish","type":"page","link":"https:\/\/ambmanagua.esteri.it\/es\/servizi-consolari-e-visti\/servizi-per-il-cittadino-italiano\/","title":{"rendered":"Servicios para el ciudadano italiano"},"content":{"rendered":"<p>Los servicios consulares se prestar\u00e1n de acuerdo con los principios de igualdad, imparcialidad, eficiencia y transparencia.<\/p>\n<p>Embajadas y consulados aseguran a todos los compatriotas protecci\u00f3n en caso de violaci\u00f3n de sus derechos fundamentales y de limitaci\u00f3n o privaci\u00f3n de su libertad personal. Tambi\u00e9n proporcionan asistencia para casos de emergencia, para la b\u00fasqueda de familiares, para las pr\u00e1cticas de sucesi\u00f3n abiertas en el extranjero y para la repatriaci\u00f3n de los restos mortales.<\/p>\n<p>El Ministerio de Asuntos Exteriores describe el conjunto de los servicios prestados y la normativa en este enlace.<\/p>\n","protected":false},"excerpt":{"rendered":"Los servicios consulares se prestar\u00e1n de acuerdo con los principios de igualdad, imparcialidad, eficiencia y transparencia. Embajadas y consulados aseguran a todos los compatriotas protecci\u00f3n en caso de violaci\u00f3n de sus derechos fundamentales y de limitaci\u00f3n o privaci\u00f3n de su libertad personal. Tambi\u00e9n proporcionan asistencia para casos de emergencia, para la b\u00fasqueda de familiares, para [&hellip;]","protected":false},"author":1,"featured_media":0,"parent":182,"menu_order":0,"comment_status":"closed","ping_status":"closed","template":"","meta":{"footnotes":""},"class_list":["post-186","page","type-page","status-publish","hentry"],"_links":{"self":[{"href":"https:\/\/ambmanagua.esteri.it\/es\/wp-json\/wp\/v2\/pages\/186","targetHints":{"allow":["GET"]}}],"collection":[{"href":"https:\/\/ambmanagua.esteri.it\/es\/wp-json\/wp\/v2\/pages"}],"about":[{"href":"https:\/\/ambmanagua.esteri.it\/es\/wp-json\/wp\/v2\/types\/page"}],"author":[{"embeddable":true,"href":"https:\/\/ambmanagua.esteri.it\/es\/wp-json\/wp\/v2\/users\/1"}],"replies":[{"embeddable":true,"href":"https:\/\/ambmanagua.esteri.it\/es\/wp-json\/wp\/v2\/comments?post=186"}],"version-history":[{"count":4,"href":"https:\/\/ambmanagua.esteri.it\/es\/wp-json\/wp\/v2\/pages\/186\/revisions"}],"predecessor-version":[{"id":631,"href":"https:\/\/ambmanagua.esteri.it\/es\/wp-json\/wp\/v2\/pages\/186\/revisions\/631"}],"up":[{"embeddable":true,"href":"https:\/\/ambmanagua.esteri.it\/es\/wp-json\/wp\/v2\/pages\/182"}],"wp:attachment":[{"href":"https:\/\/ambmanagua.esteri.it\/es\/wp-json\/wp\/v2\/media?parent=186"}],"curies":[{"name":"wp","href":"https:\/\/api.w.org\/{rel}","templated":true}]}}