{"id":188,"date":"2023-04-11T18:17:44","date_gmt":"2023-04-12T00:17:44","guid":{"rendered":"https:\/\/ambmanagua.esteri.it\/servizi-consolari-e-visti\/servizi-per-il-cittadino-italiano\/emergency-travel-documents-etd\/"},"modified":"2026-01-09T11:46:42","modified_gmt":"2026-01-09T17:46:42","slug":"emergency-travel-documents-etd","status":"publish","type":"page","link":"https:\/\/ambmanagua.esteri.it\/es\/servizi-consolari-e-visti\/servizi-per-il-cittadino-italiano\/emergency-travel-documents-etd\/","title":{"rendered":"Documentos de viaje de emergencia (ETD)"},"content":{"rendered":"<p><strong>ETD (Emergency Travel Document)<\/strong><\/p>\n<p>Si no es residente de Nicaragua y ha perdido su pasaporte o ha sido robado, primero debe verificar si ha sido encontrado y entregado a la Embajada.<\/p>\n<p>Si ha verificado con la Embajada que su pasaporte no ha sido encontrado por las autoridades nicarag\u00fcenses y entregado en estas oficinas, puede solicitar una cita para la emisi\u00f3n de un ETD (Emergency Travel Document): un documento de viaje provisional v\u00e1lido para regresar a Italia o al Estado miembro de la UE en el que reside, enviando un correo electr\u00f3nico a <a href=\"http:\/\/consulato.managua@esteri.it.\">consulato.managua@esteri.it.<\/a><\/p>\n<p>Documentos para llevar a la embajada:<\/p>\n<ul>\n<li>Denuncia de robo\/p\u00e9rdida del pasaporte por parte de la autoridad local de polic\u00eda;<\/li>\n<li>N. 1 fotograf\u00eda reciente. frontal en color sobre fondo blanco (3.5 4.5 cm);<\/li>\n<li>Billete de avi\u00f3n para el regreso a Italia (o al Estado miembro de la UE de residencia);<\/li>\n<li>Copia del documento robado\/perdido, si est\u00e1 disponible;<\/li>\n<li>Cuando sea posible, otros documentos que demuestren su identidad;<\/li>\n<li>Dinero en efectivo para el pago <a href=\"https:\/\/ambmanagua.esteri.it\/wp-content\/uploads\/2026\/01\/Tabella-Percezioni-Consolari-I-Trim.-2026.pdf\">(consulte la tarifa consular).<\/a><\/li>\n<\/ul>\n<p>Tenga en cuenta que el ETD (Emergency Travel Document) <span style=\"text-decoration: underline;\"><strong>no es<\/strong><\/span> v\u00e1lido en los Estados Unidos, por lo que no puede solicitar la emisi\u00f3n de un ETD para vuelos que hagan escala en el territorio estadounidense.<\/p>\n","protected":false},"excerpt":{"rendered":"ETD (Emergency Travel Document) Si no es residente de Nicaragua y ha perdido su pasaporte o ha sido robado, primero debe verificar si ha sido encontrado y entregado a la Embajada. Si ha verificado con la Embajada que su pasaporte no ha sido encontrado por las autoridades nicarag\u00fcenses y entregado en estas oficinas, puede solicitar [&hellip;]","protected":false},"author":1,"featured_media":0,"parent":186,"menu_order":2,"comment_status":"closed","ping_status":"closed","template":"","meta":{"footnotes":""},"class_list":["post-188","page","type-page","status-publish","hentry"],"_links":{"self":[{"href":"https:\/\/ambmanagua.esteri.it\/es\/wp-json\/wp\/v2\/pages\/188","targetHints":{"allow":["GET"]}}],"collection":[{"href":"https:\/\/ambmanagua.esteri.it\/es\/wp-json\/wp\/v2\/pages"}],"about":[{"href":"https:\/\/ambmanagua.esteri.it\/es\/wp-json\/wp\/v2\/types\/page"}],"author":[{"embeddable":true,"href":"https:\/\/ambmanagua.esteri.it\/es\/wp-json\/wp\/v2\/users\/1"}],"replies":[{"embeddable":true,"href":"https:\/\/ambmanagua.esteri.it\/es\/wp-json\/wp\/v2\/comments?post=188"}],"version-history":[{"count":7,"href":"https:\/\/ambmanagua.esteri.it\/es\/wp-json\/wp\/v2\/pages\/188\/revisions"}],"predecessor-version":[{"id":3176,"href":"https:\/\/ambmanagua.esteri.it\/es\/wp-json\/wp\/v2\/pages\/188\/revisions\/3176"}],"up":[{"embeddable":true,"href":"https:\/\/ambmanagua.esteri.it\/es\/wp-json\/wp\/v2\/pages\/186"}],"wp:attachment":[{"href":"https:\/\/ambmanagua.esteri.it\/es\/wp-json\/wp\/v2\/media?parent=188"}],"curies":[{"name":"wp","href":"https:\/\/api.w.org\/{rel}","templated":true}]}}