{"id":192,"date":"2023-04-11T18:19:16","date_gmt":"2023-04-12T00:19:16","guid":{"rendered":"https:\/\/ambmanagua.esteri.it\/servizi-consolari-e-visti\/servizi-per-il-cittadino-italiano\/servizi-notarili\/"},"modified":"2026-01-09T11:43:29","modified_gmt":"2026-01-09T17:43:29","slug":"servizi-notarili","status":"publish","type":"page","link":"https:\/\/ambmanagua.esteri.it\/es\/servizi-consolari-e-visti\/servizi-per-il-cittadino-italiano\/servizi-notarili\/","title":{"rendered":"Servicios notariales"},"content":{"rendered":"<p>La Embajada ejerce algunas funciones notariales previstas por nuestro ordenamiento exclusivamente con respecto a ciudadanos italianos<\/p>\n<p>Se trata de la recepci\u00f3n de documentos p\u00fablicos (poderes, testamentos), de actos notorios, de autenticaciones y de firmas colocadas sobre escrituras privadas.<\/p>\n<p>Si necesita este servicio:<\/p>\n<p>Se ruega adelantar por correo electr\u00f3nico un borrador del documento solicitado por el notario\/abogado italiano redactado en un documento en formato word, a la direcci\u00f3n <a href=\"mailto:consolato.managua@esteri.it\">consolato.managua@esteri.it<\/a>;<br \/>\nel documento deber\u00e1 estar completo con todos los datos, incluidas las direcciones y los c\u00f3digos fiscales del \u00abmandante\u00bb (el que da el mandato o poder) y del \u00abmandatario\u00bb (el que recibe el mandato\/poder);<br \/>\nadjuntar el pasaporte escaneado (p. 2 a p. 5 inclusive) y el documento de identidad local \u00abCedula\u00bb (anverso\/reverso);<br \/>\nuna vez recibido el correo electr\u00f3nico, la oficina se pondr\u00e1 en contacto con usted y le dar\u00e1 una cita;<br \/>\nel d\u00eda de la cita traiga consigo el pasaporte, la \u00abC\u00e8dula\u00bb y el dinero en <strong>d\u00f3lares estadounidenses $<\/strong> para el pago de las tarifas consulares. Consulte las <a href=\"https:\/\/ambmanagua.esteri.it\/wp-content\/uploads\/2026\/01\/Tabella-Percezioni-Consolari-I-Trim.-2026.pdf\">tarifas vigentes.<\/a><\/p>\n<p>Para m\u00e1s informaci\u00f3n puede enviar un correo electr\u00f3nico a <a href=\"mailto:consolato.managua@esteri.it\">consolato.managua@esteri.it<\/a><\/p>\n<p>&nbsp;<\/p>\n<p><strong>Atenci\u00f3n!<\/strong><\/p>\n<ul>\n<li>Los documentos notariales realizados en la Embajada son v\u00e1lidos exclusivamente en el territorio de la Rep\u00fablica Italiana y en las Misiones Diplom\u00e1tica-Consulares italianas.<\/li>\n<li>Para un documento notarial que se pueda hacer valer en Nicaragua o en terceros pa\u00edses, deber\u00e1 dirigirse a un notario p\u00fablico oficialmente registrado en Nicaragua.<\/li>\n<\/ul>\n","protected":false},"excerpt":{"rendered":"La Embajada ejerce algunas funciones notariales previstas por nuestro ordenamiento exclusivamente con respecto a ciudadanos italianos Se trata de la recepci\u00f3n de documentos p\u00fablicos (poderes, testamentos), de actos notorios, de autenticaciones y de firmas colocadas sobre escrituras privadas. Si necesita este servicio: Se ruega adelantar por correo electr\u00f3nico un borrador del documento solicitado por el [&hellip;]","protected":false},"author":1,"featured_media":0,"parent":186,"menu_order":10,"comment_status":"closed","ping_status":"closed","template":"","meta":{"footnotes":""},"class_list":["post-192","page","type-page","status-publish","hentry"],"_links":{"self":[{"href":"https:\/\/ambmanagua.esteri.it\/es\/wp-json\/wp\/v2\/pages\/192","targetHints":{"allow":["GET"]}}],"collection":[{"href":"https:\/\/ambmanagua.esteri.it\/es\/wp-json\/wp\/v2\/pages"}],"about":[{"href":"https:\/\/ambmanagua.esteri.it\/es\/wp-json\/wp\/v2\/types\/page"}],"author":[{"embeddable":true,"href":"https:\/\/ambmanagua.esteri.it\/es\/wp-json\/wp\/v2\/users\/1"}],"replies":[{"embeddable":true,"href":"https:\/\/ambmanagua.esteri.it\/es\/wp-json\/wp\/v2\/comments?post=192"}],"version-history":[{"count":6,"href":"https:\/\/ambmanagua.esteri.it\/es\/wp-json\/wp\/v2\/pages\/192\/revisions"}],"predecessor-version":[{"id":3162,"href":"https:\/\/ambmanagua.esteri.it\/es\/wp-json\/wp\/v2\/pages\/192\/revisions\/3162"}],"up":[{"embeddable":true,"href":"https:\/\/ambmanagua.esteri.it\/es\/wp-json\/wp\/v2\/pages\/186"}],"wp:attachment":[{"href":"https:\/\/ambmanagua.esteri.it\/es\/wp-json\/wp\/v2\/media?parent=192"}],"curies":[{"name":"wp","href":"https:\/\/api.w.org\/{rel}","templated":true}]}}