{"id":194,"date":"2023-04-11T18:19:34","date_gmt":"2023-04-12T00:19:34","guid":{"rendered":"https:\/\/ambmanagua.esteri.it\/servizi-consolari-e-visti\/servizi-per-il-cittadino-italiano\/pensioni-e-sicurezza-sociale\/"},"modified":"2023-11-09T17:07:01","modified_gmt":"2023-11-09T23:07:01","slug":"pensioni-e-sicurezza-sociale","status":"publish","type":"page","link":"https:\/\/ambmanagua.esteri.it\/es\/servizi-consolari-e-visti\/servizi-per-il-cittadino-italiano\/pensioni-e-sicurezza-sociale\/","title":{"rendered":"Pensiones y seguridad social"},"content":{"rendered":"<p><strong>LA SEGURIDAD SOCIAL<\/strong><\/p>\n<p>Por \u00ab<em>seguridad social<\/em>\u00bb se entiende el conjunto de intervenciones destinadas a proporcionar ayudas a los ciudadanos que se encuentran en condiciones de necesidad.<\/p>\n<p>&nbsp;<\/p>\n<p><strong>PAGO EN EL EXTRANJERO DE LAS PENSIONES INPS<\/strong><br \/>\nPara el pago de las pensiones (m\u00e1s de 411.000) a los derechohabientes residentes en el extranjero (en 131 pa\u00edses), el INPS recurre a una entidad de cr\u00e9dito adjudicataria de una licitaci\u00f3n que se renueva cada tres a\u00f1os. El banco encargado del servicio act\u00faa a su vez a trav\u00e9s de las entidades de cr\u00e9dito correspondientes en las diferentes \u00e1reas.<\/p>\n<p>Las pensiones se pagan a los residentes en el extranjero cada mes. Las pensiones de cuant\u00eda inferior a un l\u00edmite establecido por ley se pagan con periodicidad semestral, como ocurre con los pensionistas en Italia. En general, el pago de las pensiones se efect\u00faa mediante abono en la cuenta corriente del pensionista.<\/p>\n<p>El banco encargado de los pagos tiene la misi\u00f3n de verificar anualmente la existencia en vida, la direcci\u00f3n y la residencia del pensionista.<\/p>\n<p><strong>A partir de febrero de 2012, Citibank se hace cargo del pago de las pensiones en el extranjero.<\/strong><\/p>\n<p>Las modalidades acordadas entre INPS y Citibank para la demostraci\u00f3n de la existencia en vida prev\u00e9n que el pensionista complete un \u00abFormulario de Certificaci\u00f3n de Existencia en Vida\u00bb (que habr\u00e1 recibido del mismo banco en su domicilio), firme el formulario con el certificado de la Oficina Consular. En <a href=\"http:\/\/www.inps.citi.com\/\">www.inps.citi.com \u00a0<\/a>encontrar\u00e1 toda la informaci\u00f3n al respecto.<\/p>\n","protected":false},"excerpt":{"rendered":"LA SEGURIDAD SOCIAL Por \u00abseguridad social\u00bb se entiende el conjunto de intervenciones destinadas a proporcionar ayudas a los ciudadanos que se encuentran en condiciones de necesidad. &nbsp; PAGO EN EL EXTRANJERO DE LAS PENSIONES INPS Para el pago de las pensiones (m\u00e1s de 411.000) a los derechohabientes residentes en el extranjero (en 131 pa\u00edses), el [&hellip;]","protected":false},"author":1,"featured_media":0,"parent":186,"menu_order":12,"comment_status":"closed","ping_status":"closed","template":"","meta":{"footnotes":""},"class_list":["post-194","page","type-page","status-publish","hentry"],"_links":{"self":[{"href":"https:\/\/ambmanagua.esteri.it\/es\/wp-json\/wp\/v2\/pages\/194","targetHints":{"allow":["GET"]}}],"collection":[{"href":"https:\/\/ambmanagua.esteri.it\/es\/wp-json\/wp\/v2\/pages"}],"about":[{"href":"https:\/\/ambmanagua.esteri.it\/es\/wp-json\/wp\/v2\/types\/page"}],"author":[{"embeddable":true,"href":"https:\/\/ambmanagua.esteri.it\/es\/wp-json\/wp\/v2\/users\/1"}],"replies":[{"embeddable":true,"href":"https:\/\/ambmanagua.esteri.it\/es\/wp-json\/wp\/v2\/comments?post=194"}],"version-history":[{"count":3,"href":"https:\/\/ambmanagua.esteri.it\/es\/wp-json\/wp\/v2\/pages\/194\/revisions"}],"predecessor-version":[{"id":751,"href":"https:\/\/ambmanagua.esteri.it\/es\/wp-json\/wp\/v2\/pages\/194\/revisions\/751"}],"up":[{"embeddable":true,"href":"https:\/\/ambmanagua.esteri.it\/es\/wp-json\/wp\/v2\/pages\/186"}],"wp:attachment":[{"href":"https:\/\/ambmanagua.esteri.it\/es\/wp-json\/wp\/v2\/media?parent=194"}],"curies":[{"name":"wp","href":"https:\/\/api.w.org\/{rel}","templated":true}]}}