{"id":196,"date":"2023-04-11T18:20:09","date_gmt":"2023-04-12T00:20:09","guid":{"rendered":"https:\/\/ambmanagua.esteri.it\/servizi-consolari-e-visti\/servizi-per-il-cittadino-italiano\/autoveicoli-e-patenti-di-guida\/"},"modified":"2023-11-09T17:28:45","modified_gmt":"2023-11-09T23:28:45","slug":"autoveicoli-e-patenti-di-guida","status":"publish","type":"page","link":"https:\/\/ambmanagua.esteri.it\/es\/servizi-consolari-e-visti\/servizi-per-il-cittadino-italiano\/autoveicoli-e-patenti-di-guida\/","title":{"rendered":"Licencia de conducir"},"content":{"rendered":"<p><span class=\"ng-star-inserted\" data-index=\"0\">Para conducir en el extranjero, los ciudadanos italianos est\u00e1n sujetos a normas diferentes seg\u00fan se desplacen, durante per\u00edodos de corta estancia o para establecer su residencia, en:<\/span><\/p>\n<ul>\n<li><strong><span class=\"ng-star-inserted\" data-index=\"1\">Pa\u00edses pertenecientes a la Uni\u00f3n Europea o al Espacio Econ\u00f3mico Europeo (EEE);<\/span><\/strong><\/li>\n<li><strong><span class=\"ng-star-inserted\" data-index=\"2\">Pa\u00edses extracomunitarios signatarios de acuerdos de reciprocidad con Italia en materia de conversi\u00f3n de permisos de conducci\u00f3n;<\/span><\/strong><\/li>\n<li><span class=\"ng-star-inserted\" data-index=\"3\"><strong>Pa\u00edses no pertenecientes a la UE que no son signatarios de acuerdos de reciprocidad con Italia en materia de conversi\u00f3n de permisos de conducci\u00f3n.<\/strong><\/span><\/li>\n<\/ul>\n<p><span class=\"ng-star-inserted\" data-index=\"4\"><strong><span style=\"text-decoration: underline;\">Nicaragua cae en la categor\u00eda de \u00abpa\u00edses no pertenecientes a la Uni\u00f3n Europea y no signatarios de acuerdos de reciprocidad con Italia en materia de conversi\u00f3n de permisos de conducci\u00f3n\u00bb.<\/span><\/strong><\/span><\/p>\n<p><span class=\"ng-star-inserted\" data-index=\"5\"><strong>PA\u00cdSES NO PERTENECIENTES A LA UNI\u00d3N EUROPEA Y NO SIGNATARIOS DE ACUERDOS DE RECIPROCIDAD CON ITALIA EN MATERIA DE CONVERSI\u00d3N DE PERMISOS DE CONDUCCI\u00d3N.<\/strong><\/span><\/p>\n<p><span class=\"ng-star-inserted\" data-index=\"6\"><strong>En estos pa\u00edses no es posible reconocer ni convertir el permiso de conducir italiano.<\/strong><br \/>\n<\/span><span class=\"ng-star-inserted hovered\" data-index=\"7\">Por lo tanto, es conveniente tomar debida y oportunamente contacto con esta Misi\u00f3n Diplom\u00e1tica-Consular para conocer cu\u00e1les son los documentos necesarios y la normativa vigente en la materia.<\/span><\/p>\n<p><strong>Los titulares de un permiso italiano que residan o vivan durante un per\u00edodo de al menos 6 meses en pa\u00edses no pertenecientes a la UE pueden obtener de las autoridades diplom\u00e1ticas y consulares italianas competentes la confirmaci\u00f3n de la validez de su licencia italiana<\/strong>, que no haya vencido m\u00e1s de tres a\u00f1os y que no est\u00e9 comprendido en los casos previstos en el art. El art\u00edculo 119, apartados 2 bis y 4, del C\u00f3digo de Circulaci\u00f3n (permisos de conducci\u00f3n diab\u00e9ticos o cuya aptitud psicof\u00edsica debe ser certificada por comisiones m\u00e9dicas). Los interesados deber\u00e1n efectuar el examen m\u00e9dico previsto para la comprobaci\u00f3n de los requisitos ps\u00edquicos y f\u00edsicos, tras lo cual la Misi\u00f3n Diplom\u00e1tica-Consular expedir\u00e1 el correspondiente certificado de renovaci\u00f3n.<br \/>\n<strong>La renovaci\u00f3n efectuada en una Misi\u00f3n Diplom\u00e1tica u Oficina Consular es v\u00e1lida para circular tanto en Italia como en el extranjero.<\/strong><br \/>\n<strong>Una vez que la residencia o la estancia en Italia haya sido readquirida, el permiso de conducci\u00f3n deber\u00e1 ser confirmado por la oficina central competente del Departamento de Transportes, Navegaci\u00f3n y Sistemas de Informaci\u00f3n y Estad\u00edstica.<\/strong><\/p>\n","protected":false},"excerpt":{"rendered":"Para conducir en el extranjero, los ciudadanos italianos est\u00e1n sujetos a normas diferentes seg\u00fan se desplacen, durante per\u00edodos de corta estancia o para establecer su residencia, en: Pa\u00edses pertenecientes a la Uni\u00f3n Europea o al Espacio Econ\u00f3mico Europeo (EEE); Pa\u00edses extracomunitarios signatarios de acuerdos de reciprocidad con Italia en materia de conversi\u00f3n de permisos de [&hellip;]","protected":false},"author":1,"featured_media":0,"parent":186,"menu_order":16,"comment_status":"closed","ping_status":"closed","template":"","meta":{"footnotes":""},"class_list":["post-196","page","type-page","status-publish","hentry"],"_links":{"self":[{"href":"https:\/\/ambmanagua.esteri.it\/es\/wp-json\/wp\/v2\/pages\/196","targetHints":{"allow":["GET"]}}],"collection":[{"href":"https:\/\/ambmanagua.esteri.it\/es\/wp-json\/wp\/v2\/pages"}],"about":[{"href":"https:\/\/ambmanagua.esteri.it\/es\/wp-json\/wp\/v2\/types\/page"}],"author":[{"embeddable":true,"href":"https:\/\/ambmanagua.esteri.it\/es\/wp-json\/wp\/v2\/users\/1"}],"replies":[{"embeddable":true,"href":"https:\/\/ambmanagua.esteri.it\/es\/wp-json\/wp\/v2\/comments?post=196"}],"version-history":[{"count":4,"href":"https:\/\/ambmanagua.esteri.it\/es\/wp-json\/wp\/v2\/pages\/196\/revisions"}],"predecessor-version":[{"id":758,"href":"https:\/\/ambmanagua.esteri.it\/es\/wp-json\/wp\/v2\/pages\/196\/revisions\/758"}],"up":[{"embeddable":true,"href":"https:\/\/ambmanagua.esteri.it\/es\/wp-json\/wp\/v2\/pages\/186"}],"wp:attachment":[{"href":"https:\/\/ambmanagua.esteri.it\/es\/wp-json\/wp\/v2\/media?parent=196"}],"curies":[{"name":"wp","href":"https:\/\/api.w.org\/{rel}","templated":true}]}}