{"id":212,"date":"2023-04-11T18:22:07","date_gmt":"2023-04-12T00:22:07","guid":{"rendered":"https:\/\/ambmanagua.esteri.it\/servizi-consolari-e-visti\/servizi-per-il-cittadino-straniero\/visti\/"},"modified":"2024-11-06T02:02:37","modified_gmt":"2024-11-06T08:02:37","slug":"visti","status":"publish","type":"page","link":"https:\/\/ambmanagua.esteri.it\/es\/servizi-consolari-e-visti\/servizi-per-il-cittadino-straniero\/visti\/","title":{"rendered":"Visas"},"content":{"rendered":"<p><strong>ESTANCIAS NO SUPERIORES A 90 D\u00cdAS<\/strong><\/p>\n<p><u>Los ciudadanos nicarag\u00fcenses no necesitan Visa Shengen Uniforme (VSU) para una estad\u00eda en Italia que no exceda los 90 d\u00edas.<\/u><\/p>\n<p>Los ciudadanos nicarag\u00fcenses que desean ingresar a Italia deben presentarse a la frontera provistos de:<\/p>\n<p>\u2013\u00a0\u00a0\u00a0\u00a0\u00a0\u00a0\u00a0\u00a0\u00a0 Pasaporte valido por al menos tres meses despu\u00e9s de la fecha de salida del \u00e1rea Schengen;<\/p>\n<p>\u2013\u00a0\u00a0\u00a0\u00a0\u00a0\u00a0\u00a0\u00a0\u00a0 Boleto de salida del \u00e1rea Schengen (por ejemplo: boleto a\u00e9reo de ida y regreso).<\/p>\n<p>Las autoridades fronterizas italianas pueden denegar la entrada a aquellos que no puedan demostrar la posesi\u00f3n de los siguientes requisitos:<\/p>\n<p>a) Seguro m\u00e9dico Schengen (puede ser solicitado en las agencias de viajes);<\/p>\n<p>b) Medios econ\u00f3micos adecuados (ver <u><a href=\"https:\/\/www.esteri.it\/it\/servizi-consolari-e-visti\/ingressosoggiornoinitalia\/mezzi_finanziari\/tabella_mezzi_sussistenza\/\">tabla<\/a>)<\/u>, suficiente para la subsistencia durante la estancia (dinero en efectivo, tarjetas de cr\u00e9dito, travellers cheques, etc.);<\/p>\n<p>c) Prueba de alojamiento (<a href=\"https:\/\/ambmanagua.esteri.it\/wp-content\/uploads\/2023\/08\/DICHIARAZIONEALLOGGIOGARANZIA-1.pdf\">ejemplo<\/a>: reservaci\u00f3n del hotel confirmada; oferta de alojamiento por un particular; invitaci\u00f3n de parientes o amigos (*) ver carta de <u>ejemplo).<\/u><\/p>\n<p>(*) ADVERTENCIA IMPORTANTE!!!<\/p>\n<p>Algunas autoridades de transito fronterizo (por ejemplo Panam\u00e1) pueden rechazar el embarque si la carta de invitaci\u00f3n no est\u00e1 sellada por la Embajada.<\/p>\n<p>&nbsp;<\/p>\n<p><strong>CIUDADANOS DE OTRAS NACIONALIDADES RESIDENTES EN NICARAGUA<\/strong><\/p>\n<p>Los ciudadanos de otras nacionalidades residentes en Nicaragua pueden verificar en el sitio web <a href=\"https:\/\/vistoperitalia.esteri.it\/home\/en\"><u>Visas para Italia<\/u><\/a> (en ingl\u00e9s) si est\u00e1n sujetos a la obligaci\u00f3n de solicitar una Visa Schengen Uniforme (VSU) para estad\u00edas en el territorio Schengen que no exceda los 90 d\u00edas. Para conocer la lista armonizada de documentos por presentar en apoyo de las solicitudes de visado, escribir al Consulado.<\/p>\n<p>&nbsp;<\/p>\n<p><strong>VISAS NACIONALES (tipo D) PARA ESTANCIAS DE M\u00c1S DE 90 D\u00cdAS<\/strong><\/p>\n<p>Lista de los documentos comprobantes que deben presentar los solicitantes de visas de larga estad\u00eda en Italia<\/p>\n<ul>\n<li>Documento comprobante de residencia legal en Nicaragua (cedula de residencia o comprobante de la solicitud, u otro tipo de comprobante de regular residencia en Nicaragua). Dicho documento deber\u00e1 tener vigencia tres meses despu\u00e9s de la fecha prevista del viaje al territorio de los Estados miembros.<\/li>\n<li>Documentos que indiquen la finalidad del viaje\/estad\u00eda en el espacio Schengen (dependiendo del motivo del viaje\/estad\u00eda).<\/li>\n<li>Prueba que el solicitante dispone de suficientes medios de subsistencia, tanto para la duraci\u00f3n de la estancia prevista como para el retorno a su pa\u00eds de origen o residencia o para el tr\u00e1nsito en un tercer pa\u00eds tales como:<\/li>\n<li>nomina;<\/li>\n<li>estado de cuenta personal o saldo de los \u00faltimos tres meses;<\/li>\n<li>tarjetas de cr\u00e9dito y estados de cuentas relacionados;<\/li>\n<li>travellers\u2019 cheques firmados por el solicitante;<\/li>\n<li>ingresos regulares generados por propiedades de bienes inmuebles;<\/li>\n<\/ul>\n<p>El monto de recursos suficientes que requieren los Estados miembros seg\u00fan la legislaci\u00f3n nacional: antes de presentar la solicitud es aconsejable contactar el consulado correspondiente para obtener informaci\u00f3n precisa.<\/p>\n<ul>\n<li>Documentos (del Pa\u00eds de origen) que acrediten la intenci\u00f3n del solicitante de abandonar el territorio de los Estados miembros, por ejemplo:<\/li>\n<li>Certificado de empleo;<\/li>\n<li>Certificado de colegiatura de los hijos a cargo del solicitante;<\/li>\n<li>Propiedad de una casa\/apartamento o de otros bienes inmuebles;<\/li>\n<li>Certificado de matrimonio (si viaja uno solo de los c\u00f3nyuges).<\/li>\n<\/ul>\n<p>Reservaci\u00f3n de un billete de ida y regreso o itinerario de un viaje organizado por una agencia de viaje o prueba de disponibilidad de medios suficientes para pagar el transporte hacia el territorio de los Estados miembros y a partir de tal territorio.<\/p>\n<p>IMPORTANTE: a partir del 11 de enero 2025, seg\u00fan el Decreto Ley 145\/2024, con el fin de la emisi\u00f3n de una Visa nacional (tipo D), el Consulado proceder\u00e1 a la adquisici\u00f3n de las huellas digitales del solicitante.<\/p>\n<p><strong>Los MENORES que viajan solos o con uno de los padres deben presentar:<\/strong><\/p>\n<ul>\n<li>carta de consentimiento de ambos padres o de los tutores legales; se deber\u00e1 redactar un acta notarial la cual tendr\u00e1 que ser traducida y apostillada.<\/li>\n<li>copia del certificado de nacimiento del menor, que debe ser traducido y apostillado.<\/li>\n<li>cedula de identificaci\u00f3n\/ pasaporte de ambos padres o de los tutores legales.<\/li>\n<\/ul>\n<p>Los requisitos a los que se refieren las letras a) y c) no se aplicaran si el padre que viaja sea un progenitor soltero o ejerce \u00fanicamente la autoridad parental.<\/p>\n<p>Para otras categor\u00edas de Visas, contactar a la Oficina consular.<\/p>\n","protected":false},"excerpt":{"rendered":"ESTANCIAS NO SUPERIORES A 90 D\u00cdAS Los ciudadanos nicarag\u00fcenses no necesitan Visa Shengen Uniforme (VSU) para una estad\u00eda en Italia que no exceda los 90 d\u00edas. Los ciudadanos nicarag\u00fcenses que desean ingresar a Italia deben presentarse a la frontera provistos de: \u2013\u00a0\u00a0\u00a0\u00a0\u00a0\u00a0\u00a0\u00a0\u00a0 Pasaporte valido por al menos tres meses despu\u00e9s de la fecha de salida [&hellip;]","protected":false},"author":1,"featured_media":0,"parent":211,"menu_order":0,"comment_status":"closed","ping_status":"closed","template":"","meta":{"footnotes":""},"class_list":["post-212","page","type-page","status-publish","hentry"],"_links":{"self":[{"href":"https:\/\/ambmanagua.esteri.it\/es\/wp-json\/wp\/v2\/pages\/212","targetHints":{"allow":["GET"]}}],"collection":[{"href":"https:\/\/ambmanagua.esteri.it\/es\/wp-json\/wp\/v2\/pages"}],"about":[{"href":"https:\/\/ambmanagua.esteri.it\/es\/wp-json\/wp\/v2\/types\/page"}],"author":[{"embeddable":true,"href":"https:\/\/ambmanagua.esteri.it\/es\/wp-json\/wp\/v2\/users\/1"}],"replies":[{"embeddable":true,"href":"https:\/\/ambmanagua.esteri.it\/es\/wp-json\/wp\/v2\/comments?post=212"}],"version-history":[{"count":4,"href":"https:\/\/ambmanagua.esteri.it\/es\/wp-json\/wp\/v2\/pages\/212\/revisions"}],"predecessor-version":[{"id":2392,"href":"https:\/\/ambmanagua.esteri.it\/es\/wp-json\/wp\/v2\/pages\/212\/revisions\/2392"}],"up":[{"embeddable":true,"href":"https:\/\/ambmanagua.esteri.it\/es\/wp-json\/wp\/v2\/pages\/211"}],"wp:attachment":[{"href":"https:\/\/ambmanagua.esteri.it\/es\/wp-json\/wp\/v2\/media?parent=212"}],"curies":[{"name":"wp","href":"https:\/\/api.w.org\/{rel}","templated":true}]}}