{"id":2275,"date":"2024-07-25T09:38:30","date_gmt":"2024-07-25T15:38:30","guid":{"rendered":"https:\/\/ambmanagua.esteri.it\/servizi-consolari-e-visti\/servizi-per-il-cittadino-italiano\/carta-didentita-cie\/"},"modified":"2026-01-09T11:32:36","modified_gmt":"2026-01-09T17:32:36","slug":"carta-didentita-cie","status":"publish","type":"page","link":"https:\/\/ambmanagua.esteri.it\/es\/servizi-consolari-e-visti\/servizi-per-il-cittadino-italiano\/carta-didentita-cie\/","title":{"rendered":"Carta d&#8217;identit\u00e0 CIE"},"content":{"rendered":"<h3><strong><img loading=\"lazy\" decoding=\"async\" class=\"alignnone wp-image-2264 img-fluid\" src=\"https:\/\/ambmanagua.esteri.it\/wp-content\/uploads\/2024\/07\/Carta-didentita-CIE-300x190.jpg\" alt=\"\" width=\"426\" height=\"270\" srcset=\"https:\/\/ambmanagua.esteri.it\/wp-content\/uploads\/2024\/07\/Carta-didentita-CIE-300x190.jpg 300w, https:\/\/ambmanagua.esteri.it\/wp-content\/uploads\/2024\/07\/Carta-didentita-CIE.jpg 634w\" sizes=\"auto, (max-width: 426px) 100vw, 426px\" \/><\/strong><\/h3>\n<h3><strong>1) Che cos\u2019\u00e8 la carta d\u2019identit\u00e0?<\/strong><\/h3>\n<p>La carta d\u2019identit\u00e0 \u00e8 un documento personale di riconoscimento valido per identificarsi e circolare nell\u2019Unione Europea, in alcuni Stati aderenti all\u2019accordo di Schengen (ad es. Islanda, Norvegia e Svizzera) e in alcuni altri Stati con cui sono stati raggiunti accordi bilaterali.<\/p>\n<p><strong>La carta d\u2019identit\u00e0 elettronica (CIE) \u00e8 la nuova carta d\u2019identit\u00e0 in formato tessera<\/strong>; oltre ad essere un documento d\u2019identit\u00e0, consente di accedere ai servizi online delle Pubbliche Amministrazioni italiane.<\/p>\n<h3><strong><br \/>\n2) A chi pu\u00f2 essere rilasciata la carta d\u2019identit\u00e0 elettronica?<\/strong><\/h3>\n<p>L\u00b4Ambasciata d\u00b4Italia in Managua pu\u00f2 rilasciare la carta d\u2019identit\u00e0 <strong>esclusivamente ai cittadini italiani regolarmente residenti nella propria circoscrizione consolare,<\/strong>\u00a0registrati nello schedario consolare\u00a0<strong>e i cui dati anagrafici siano gi\u00e0 presenti nel registro A.I.R.E.<\/strong>\u00a0(Anagrafe degli Italiani Residenti all\u2019Estero) del Ministero dell\u2019Interno.<\/p>\n<p><strong>Chi non \u00e8 registrato all\u2019A.I.R.E. dovr\u00e0 prima regolarizzare la propria iscrizione anagrafica tramite il portale<\/strong>\u00a0<a href=\"https:\/\/serviziconsolarionline.esteri.it\/ScoFE\/index.sco?cid=69356\">FAST IT<\/a>\u00a0ed attendere, prima di poter far domanda, di essere inserito in tale registro da parte del Comune italiano competente.<\/p>\n<p>Ai fini della registrazione nella banca dati A.I.R.E. \u00e8 indispensabile, per i cittadini italiani nati all\u2019estero, che l\u2019atto di nascita risulti gi\u00e0 trascritto nei registri di Stato Civile del Comune di riferimento.<\/p>\n<p><strong>Nel caso si sia cambiato indirizzo di residenza<\/strong>\u00a0(rispetto a quello comunicato all\u2019Ufficio consolare),\u00a0<strong>\u00e8 necessario chiedere la variazione di indirizzo tramite il portale<\/strong>\u00a0<a href=\"https:\/\/serviziconsolarionline.esteri.it\/ScoFE\/index.sco?cid=69356\">FAST IT<\/a>.<\/p>\n<p>Inoltre, per ottenere la CIE \u00e8 indispensabile possedere il codice fiscale validato dall\u2019Agenzia delle Entrate. Qualora il connazionale non sia in possesso di un codice fiscale o quest\u2019ultimo non sia stato validato, sar\u00e0 cura del Consolato richiederlo tramite l\u2019Agenzia delle Entrate.<\/p>\n<h3><strong>3) Come si richiede la carta d\u2019identit\u00e0 elettronica (CIE)?<\/strong><\/h3>\n<p>Innanzitutto il connazionale deve prenotare un appuntamento in Consolato utilizzando\u00a0<strong>esclusivamente<\/strong>\u00a0la piattaforma\u00a0<strong><a href=\"https:\/\/prenotami.esteri.it\/\">Prenot@mi<\/a><\/strong>.<br \/>\nIl giorno dell\u2019appuntamento al richiedente saranno rilevate le impronte digitali, nonch\u00e9 la firma di un modulo di richiesta.<br \/>\nLa carta di identit\u00e0 potr\u00e0 essere ritirata presso l&#8217;Ambasciata nel giorno che verr\u00e0 comunicato per e-mail.<\/p>\n<h3><strong>4) Come si prende un appuntamento sulla piattaforma\u00a0<a href=\"https:\/\/prenotami.esteri.it\/\">Prenot@mi<\/a>?<\/strong><\/h3>\n<p>Si consiglia di accedere al portale con un normale computer e non con il cellulare. L\u2019applicativo supporta i seguenti navigatori:<\/p>\n<ul>\n<li>Explorer \u2013 versione 11 e superiori<\/li>\n<li>Google Chrome \u2013 versione 88 e superiori<\/li>\n<li>Microsoft Edge<\/li>\n<\/ul>\n<p>L\u2019utilizzo di navigatori non supportati non garantisce la corretta fruibilit\u00e0 di tutti i contenuti.<\/p>\n<p><strong>Registrazione e accesso<\/strong>:<\/p>\n<p>Cliccando sul pulsante REGISTRATI presente nella home page principale si accede alla maschera di registrazione in cui \u00e8 necessario inserire i propri dati personali, la mail e la password da utilizzare come credenziali per l&#8217;accesso al portale, i recapiti di contatto quali numero di telefono e indirizzo e il Consolato di riferimento.<\/p>\n<p>A registrazione effettuata il sistema invia una mail contenente un link su cui cliccare per procedere con l\u2019attivazione dell\u2019utenza. Cliccando sul collegamento ricevuto il sistema attiva l\u2019utenza. Se l\u2019attivazione dell\u2019utenza ha esito positivo \u00e8 possibile accedere al portale.<\/p>\n<p>Inserendo nome utente e password e cliccando sul tasto ACCEDI si accede ai servizi offerti dalla Sede.<\/p>\n<p>Se l\u2019utente \u00e8 gi\u00e0 registrato ma presso un altro Consolato\/Ambasciata, prima di procedere con la scelta del servizio dovr\u00e0 effettuare il \u201ccambio sede\u201d, accedendo con le proprie credenziali e selezionando l\u2019apposito comando \u201ccambia sede\u201d presente sulla prima pagina.<\/p>\n<p>Cliccando sulla voce \u201cprenota\u201d \u00e8 possibile prenotarsi per uno dei servizi disponibili. La prenotazione pu\u00f2 essere:<\/p>\n<ul>\n<li>prenotazione singola<\/li>\n<li>multiple<\/li>\n<li>per altre persone<\/li>\n<\/ul>\n<p>La prenotazione singola si sceglie nel caso in cui il titolare dell\u2019utenza Prenot@mi richiede il servizio.<\/p>\n<p>Se il titolare dell\u2019utenza richiede il servizio consolare per se e per altri familiari (fino a un massimo di 5), si sceglie la prenotazione multipla e in fase di prenotazione si dovranno inserire anche i dati di tutti gli altri familiari che richiedono il servizio specificando per ogni familiari la relazione di parentela.<\/p>\n<p>E\u2019 possibile richiedere un appuntamento solo per altri familiari scegliendo l\u2019opzione \u201cprenotazione per altre persone\u201d. In questo caso si dovranno inserire solo i dati del\/dei richiedente\/i.<\/p>\n<p>&nbsp;<\/p>\n<h3>5) Qual\u2019\u00e8 la documentazione necessaria da portare con s\u00e9 al momento dell\u2019appuntamento per richiedere la CIE?<\/h3>\n<p>Il giorno dell\u2019appuntamento, il richiedente deve presentarsi munito di:<\/p>\n<p><strong>\u2013 carta d\u2019identit\u00e0 precedente<\/strong>\u00a0(se non si possiede, altro documento di riconoscimento; se non si possiede altro documento di riconoscimento, due testimoni che non siano parenti dell\u2019interessato); se la CIE \u00e8 richiesta per un minorenne, \u00e8 necessario che anche il genitore che accompagna presenti un documento di riconoscimento. Il giorno dell\u2019appuntamento la vecchia carta di identit\u00e0 sar\u00e0 ritirata.<\/p>\n<p><strong>\u2013 Atto di assenso di entrambi i genitori per la richiesta di CIE a figli minori.\u00a0<\/strong>Per l\u2019atto di assenso,<strong>\u00a0compilare questo\u00a0<a href=\"https:\/\/ambmanagua.esteri.it\/wp-content\/uploads\/2024\/07\/atto_di_assenso-CIE.docx\">modulo.\u00a0<\/a><\/strong><\/p>\n<p><strong>\u00a0<\/strong><em><strong>Se l\u2019altro genitore non \u00e8 cittadino dell\u2019Unione Europea, la sua firma sull\u2019atto di assenso va autenticata<\/strong><\/em>: o presso l\u2019Ambasciata al momento dell\u2019appuntamento, o presso il Comune\/Consolato del luogo di residenza.<\/p>\n<p>Nel caso in cui il richiedente non sia pi\u00f9 in possesso del precedente documento in seguito a<strong>\u00a0furto o smarrimento<\/strong>, \u00e8 necessario presentare al momento dell\u2019appuntamento\u00a0<strong>il formulario di dichiarazione di furto o smarrimento<\/strong>, unitamente alla denuncia effettuata presso le locali autorit\u00e0 di Polizia.<\/p>\n<p>Il costo della Carta d&#8217;identit\u00e0 elettronica \u00e8 di:<\/p>\n<ul>\n<li>21,95 euro in caso di primo rilascio o rinnovo;<\/li>\n<li>27,11 euro in caso di duplicato (nuova carta emessa entro 180 giorni dalla data di emissione della precedente).<\/li>\n<\/ul>\n<p>Il pagamento deve essere effettuato in contanti USD,\u00a0(Vedi la\u00a0<a href=\"https:\/\/ambmanagua.esteri.it\/wp-content\/uploads\/2026\/01\/Tabella-Percezioni-Consolari-I-Trim.-2026.pdf\">tabella dei diritti consolari<\/a>).<\/p>\n<h3><strong><br \/>\n6) Quali sono le operazioni che saranno effettuate il giorno dell\u2019appuntamento?<\/strong><\/h3>\n<p>Il giorno dell\u2019appuntamento l\u2019operatore consolare acquisisce la documentazione indicata al punto precedente, effettua il riconoscimento e verifica ed acquisisce le impronte digitali e la firma (salvo per i minori di anni 12).<\/p>\n<p>Anche i minori di et\u00e0 inferiore ai 12 anni devono essere presenti, perch\u00e9 \u00e8 necessaria la loro identificazione da parte del funzionario dell\u2019ufficio. I minori devono essere sempre accompagnati da uno dei genitori o comunque dal titolare della responsabilit\u00e0 genitoriale.<\/p>\n<p>&nbsp;<\/p>\n<h3><strong>7) Come si riceve la Carta d\u2019identit\u00e0 elettronica?<\/strong><\/h3>\n<p>La CIE \u00e8 emessa dal Ministero dell\u2019Interno e prodotta dall\u2019Istituto Poligrafico e Zecca dello Stato, che la spedisce, a mezzo posta raccomandata, all\u00b4Ambasciata. Salvo casi particolari, la CIE dovrebbe arrivare per posta\u00a0<strong>entro 15 giorni<\/strong> dal giorno dell\u2019appuntamento. La data del ritiro presso questa Ambasciata verr\u00e0 comunicata per email.<\/p>\n<p>&nbsp;<\/p>\n<h3><strong>8) Quanto tempo vale la carta d\u2019identit\u00e0?<\/strong><\/h3>\n<p>La validit\u00e0 della carta d\u2019identit\u00e0 varia a seconda dell\u2019et\u00e0 del titolare ed \u00e8 di:<\/p>\n<p>\u2022 3 anni per i minori di et\u00e0 compresa tra 0 e 3 anni;<\/p>\n<p>\u2022 5 anni per i minori di et\u00e0 compresa tra 3 anni e il raggiungimento della maggiore et\u00e0 (18 anni);<\/p>\n<p>\u2022 10 anni dai 18 anni di et\u00e0.<\/p>\n<p>&nbsp;<\/p>\n<h3><strong>9) Cos\u2019\u00e8 l\u2019atto di assenso?<\/strong><\/h3>\n<p>L\u2019atto di assenso \u00e8 una dichiarazione personale prevista dalla legge italiana, che il genitore pu\u00f2 sottoscrivere utilizzando l\u2019apposito\u00a0<a href=\"https:\/\/ambmanagua.esteri.it\/wp-content\/uploads\/2024\/07\/atto_di_assenso-CIE.docx\"><strong>modulo atto di assenso<\/strong><\/a>; all\u2019atto di assenso va allegata una fotocopia del proprio documento di identit\u00e0.<\/p>\n<p>Se l\u2019altro genitore non \u00e8 cittadino dell\u2019Unione Europea, la sua firma va autenticata personalmente dall\u00b4Ambasciata o dal Comune\/Consolato di residenza.<\/p>\n<p>Al fine di verificare la correttezza dell\u2019atto di assenso presentato \u00e8 necessario che il minore sia iscritto in anagrafe o che sia presentato originale del certificato di nascita da cui si evincano maternit\u00e0 e paternit\u00e0 del minore.<\/p>\n<p>In caso di decesso di uno dei genitori, \u00e8 necessario presentare l\u2019atto di morte dello stesso.<\/p>\n<p>&nbsp;<\/p>\n<h3><strong>10) \u00c8 possibile modificare la mia carta d\u2019identit\u00e0?<\/strong><\/h3>\n<p>No. La carta d\u2019identit\u00e0 \u00e8 un documento di identit\u00e0 e non di residenza o di stato civile. Non \u00e8 possibile aggiornare l\u2019indirizzo sulla carta.<\/p>\n<p>&nbsp;<\/p>\n<h3><strong>11) \u00c8 possibile per le donne sposate inserire il cognome del marito?<\/strong><\/h3>\n<p>In analogia a quanto avviene sul territorio nazionale,\u00a0<strong>NON<\/strong>\u00a0\u00e8 possibile alle donne sposate inserire il cognome del marito.<\/p>\n<p>&nbsp;<\/p>\n<h3><strong>12) Casi particolari<\/strong><\/h3>\n<p>Per i\u00a0<strong>minori di 12 anni e per i connazionali che<\/strong>, a causa di\u00a0<strong>un\u2019inabilit\u00e0 permanente comprovata da certificato medico<\/strong>, non siano in condizione di venire personalmente in Consolato,\u00a0<strong>non \u00e8 prevista la rilevazione delle impronte digitali, il richiedente deve tuttavia essere identificato di persona.<\/strong><\/p>\n","protected":false},"excerpt":{"rendered":"1) Che cos\u2019\u00e8 la carta d\u2019identit\u00e0? La carta d\u2019identit\u00e0 \u00e8 un documento personale di riconoscimento valido per identificarsi e circolare nell\u2019Unione Europea, in alcuni Stati aderenti all\u2019accordo di Schengen (ad es. Islanda, Norvegia e Svizzera) e in alcuni altri Stati con cui sono stati raggiunti accordi bilaterali. La carta d\u2019identit\u00e0 elettronica (CIE) \u00e8 la nuova [&hellip;]","protected":false},"author":5,"featured_media":0,"parent":186,"menu_order":0,"comment_status":"closed","ping_status":"closed","template":"","meta":{"footnotes":""},"class_list":["post-2275","page","type-page","status-publish","hentry"],"_links":{"self":[{"href":"https:\/\/ambmanagua.esteri.it\/es\/wp-json\/wp\/v2\/pages\/2275","targetHints":{"allow":["GET"]}}],"collection":[{"href":"https:\/\/ambmanagua.esteri.it\/es\/wp-json\/wp\/v2\/pages"}],"about":[{"href":"https:\/\/ambmanagua.esteri.it\/es\/wp-json\/wp\/v2\/types\/page"}],"author":[{"embeddable":true,"href":"https:\/\/ambmanagua.esteri.it\/es\/wp-json\/wp\/v2\/users\/5"}],"replies":[{"embeddable":true,"href":"https:\/\/ambmanagua.esteri.it\/es\/wp-json\/wp\/v2\/comments?post=2275"}],"version-history":[{"count":6,"href":"https:\/\/ambmanagua.esteri.it\/es\/wp-json\/wp\/v2\/pages\/2275\/revisions"}],"predecessor-version":[{"id":3157,"href":"https:\/\/ambmanagua.esteri.it\/es\/wp-json\/wp\/v2\/pages\/2275\/revisions\/3157"}],"up":[{"embeddable":true,"href":"https:\/\/ambmanagua.esteri.it\/es\/wp-json\/wp\/v2\/pages\/186"}],"wp:attachment":[{"href":"https:\/\/ambmanagua.esteri.it\/es\/wp-json\/wp\/v2\/media?parent=2275"}],"curies":[{"name":"wp","href":"https:\/\/api.w.org\/{rel}","templated":true}]}}