{"id":2677,"date":"2025-04-01T14:30:11","date_gmt":"2025-04-01T20:30:11","guid":{"rendered":"https:\/\/ambmanagua.esteri.it\/servizi-consolari-e-visti\/servizi-per-il-cittadino-italiano\/servizi-elettorali\/referendum-abrogativo-dell-8-e-9-giugno-2025\/2665-2\/"},"modified":"2025-04-02T14:47:08","modified_gmt":"2025-04-02T20:47:08","slug":"2665-2","status":"publish","type":"page","link":"https:\/\/ambmanagua.esteri.it\/es\/servizi-consolari-e-visti\/servizi-per-il-cittadino-italiano\/servizi-elettorali\/2665-2\/","title":{"rendered":"VOTO POR CORRESPONDENCIA PARA LOS CIUDADANOS ITALIANOS RESIDENTES EN EL EXTRANJERO Y OPCI\u00d3N DE VOTAR EN ITALIA"},"content":{"rendered":"<p>Con decretos del Presidente de la Rep\u00fablica de 31\/03\/2025, publicados en la \u201cGazzetta Ufficiale\u201d de 31\/03\/2025, la fecha de los referendum derogatorios en conformidad con el art. 75 de la Costituzione se fij\u00f3 el 8 y 9 de JUNIO de 2025.<\/p>\n<p>Se recuerda que VOTAR es un DERECHO protegido por la Constituci\u00f3n italiana y que, en base a la Ley del 27 de diciembre de 2001, n. 459, los ciudadanos italianos residentes en el extranjero, inscritos en las listas electorales, pueden VOTAR POR CORREO y recibir el paquete electoral en su domicilio de residencia. Para ello, se recomienda comprobar y regularizar sus datos personales y direcci\u00f3n en la oficina consular competente, preferentemente a trav\u00e9s del portal en l\u00ednea de servicios consulares Fast It.<\/p>\n<p><strong>Como alternativa al voto por correo, <u>los electores inscritos en AIRE<\/u> pueden ELEGIR VOTAR EN ITALIA EN SU MUNICIPIO DE REGISTRO ELECTORAL, <u>comunicando su elecci\u00f3n (OPCI\u00d3N) por escrito al Consulado antes del d\u00e9cimo d\u00eda siguiente a la convocatoria de votaci\u00f3n.<\/u><\/strong> Los electores que opten por votar en Italia con motivo del pr\u00f3ximo refer\u00e9ndum recibir\u00e1n de sus respectivos municipios italianos la tarjeta postal de aviso para votar en los colegios electorales de Italia. La elecci\u00f3n (opci\u00f3n) de votar en Italia s\u00f3lo es v\u00e1lida para el refer\u00e9ndum para el cual se expresa.<\/p>\n<p>Se reitera que en todo caso <strong>la opci\u00f3n DEBE LLEGAR a la oficina consular A M\u00c1S TARDE DE LOS DIEZ D\u00cdAS DESPU\u00c9S DE LA CONVOCATORIA, ES DECIR EL 10\/04\/2025<\/strong>. Esta comunicaci\u00f3n puede realizarse en papel normal y &#8211; para ser v\u00e1lida &#8211; debe contener el nombre, apellido, fecha y lugar de nacimiento, lugar de residencia y <strong>firma<\/strong> del elector, acompa\u00f1ada de copia de un documento de identidad del declarante.<\/p>\n<p>Para esta comunicaci\u00f3n tambi\u00e9n se puede utilizar el formulario correspondiente que puede ser descargado del sitio web del Ministerio de Asuntos Exteriores y de Cooperaci\u00f3n Internacional (www.esteri.it) o \u200b\u200bdel de su oficina consular correspondiente <a href=\"https:\/\/ambmanagua.esteri.it\/wp-content\/uploads\/2025\/04\/01.04.2025-Modulo_di_opzione_Referendum_2025_ES.pdf\">(aqu\u00ed)<\/a>.<\/p>\n<p>El formulario, debidamente rellenado, firmado y acompa\u00f1ado de un documento de identidad, podr\u00e1 entregarse\/enviarse:<\/p>\n<ul>\n<li>en mano: en la Embajada de Italia en Managua<\/li>\n<li>por correo: en la Embajada de Italia en Managua<\/li>\n<li>por correo electr\u00f3nico ordinario: <a href=\"mailto:consolato.managua@esteri.it\">consolato.managua@esteri.it<\/a><\/li>\n<li>por correo electr\u00f3nico certificado: <a href=\"mailto:cons.managua@cert.esteri.it\">cons.managua@cert.esteri.it<\/a><\/li>\n<\/ul>\n<p>Como exige la legislaci\u00f3n vigente, l<u>os electores ser\u00e1n responsables de verificar que la comunicaci\u00f3n de opci\u00f3n enviada por correo haya sido recibida en tiempo y forma en su oficina consular.<\/u> Las solicitudes recibidas fuera del plazo indicado anteriormente NO se considerar\u00e1n v\u00e1lidas.<\/p>\n<p>La elecci\u00f3n de votar en Italia podr\u00e1 ser <strong>REVOCADA<\/strong> posteriormente mediante comunicaci\u00f3n escrita que deber\u00e1 enviarse o entregarse en la oficina consular del mismo modo y <u>en la misma fecha establecida para el ejercicio de la opci\u00f3n.<\/u><\/p>\n<p>Si elige regresar a Italia para votar, la Ley NO prev\u00e9 ning\u00fan tipo de reembolso por los gastos de viaje incurridos, sino s\u00f3lo concesiones arancelarias dentro del territorio italiano.<\/p>\n<p><strong>LA OFICINA CONSULAR EST\u00c1 DISPONIBLE PARA CUALQUIER ACLARACI\u00d3N ADICIONAL.<\/strong><\/p>\n<p><strong>01\/04\/2025<\/strong><\/p>\n","protected":false},"excerpt":{"rendered":"Con decretos del Presidente de la Rep\u00fablica de 31\/03\/2025, publicados en la \u201cGazzetta Ufficiale\u201d de 31\/03\/2025, la fecha de los referendum derogatorios en conformidad con el art. 75 de la Costituzione se fij\u00f3 el 8 y 9 de JUNIO de 2025. Se recuerda que VOTAR es un DERECHO protegido por la Constituci\u00f3n italiana y que, [&hellip;]","protected":false},"author":5,"featured_media":0,"parent":191,"menu_order":0,"comment_status":"closed","ping_status":"closed","template":"","meta":{"footnotes":""},"class_list":["post-2677","page","type-page","status-publish","hentry"],"_links":{"self":[{"href":"https:\/\/ambmanagua.esteri.it\/es\/wp-json\/wp\/v2\/pages\/2677","targetHints":{"allow":["GET"]}}],"collection":[{"href":"https:\/\/ambmanagua.esteri.it\/es\/wp-json\/wp\/v2\/pages"}],"about":[{"href":"https:\/\/ambmanagua.esteri.it\/es\/wp-json\/wp\/v2\/types\/page"}],"author":[{"embeddable":true,"href":"https:\/\/ambmanagua.esteri.it\/es\/wp-json\/wp\/v2\/users\/5"}],"replies":[{"embeddable":true,"href":"https:\/\/ambmanagua.esteri.it\/es\/wp-json\/wp\/v2\/comments?post=2677"}],"version-history":[{"count":4,"href":"https:\/\/ambmanagua.esteri.it\/es\/wp-json\/wp\/v2\/pages\/2677\/revisions"}],"predecessor-version":[{"id":2687,"href":"https:\/\/ambmanagua.esteri.it\/es\/wp-json\/wp\/v2\/pages\/2677\/revisions\/2687"}],"up":[{"embeddable":true,"href":"https:\/\/ambmanagua.esteri.it\/es\/wp-json\/wp\/v2\/pages\/191"}],"wp:attachment":[{"href":"https:\/\/ambmanagua.esteri.it\/es\/wp-json\/wp\/v2\/media?parent=2677"}],"curies":[{"name":"wp","href":"https:\/\/api.w.org\/{rel}","templated":true}]}}