{"id":2858,"date":"2025-07-09T13:53:31","date_gmt":"2025-07-09T19:53:31","guid":{"rendered":"https:\/\/ambmanagua.esteri.it\/servizi-consolari-e-visti\/servizi-per-il-cittadino-straniero\/cittadinanza\/riacquisto-della-cittadinanza\/"},"modified":"2025-07-09T14:48:25","modified_gmt":"2025-07-09T20:48:25","slug":"riacquisto-della-cittadinanza","status":"publish","type":"page","link":"https:\/\/ambmanagua.esteri.it\/es\/servizi-consolari-e-visti\/servizi-per-il-cittadino-straniero\/cittadinanza\/riacquisto-della-cittadinanza\/","title":{"rendered":"Readquisici\u00f3n de la ciudadan\u00eda"},"content":{"rendered":"<p>Las personas que hayan perdido la ciudadan\u00eda italiana antes del 15 de agosto de 1992, de conformidad con la Ley 555\/1912, podr\u00e1n recuperarla mediante declaraci\u00f3n que deber\u00e1 presentarse entre el <strong>1 de julio de 2025<\/strong> y el <strong>31 de diciembre de 2027<\/strong>, siempre que hayan nacido o residido en Italia durante al menos dos a\u00f1os. En este caso <strong>se deber\u00e1 abonar directamente en la Oficina Consular una aportaci\u00f3n de 250 euros<\/strong> en concepto de tasa consular.<\/p>\n<p>Para mayor informaci\u00f3n sobre documentos y certificados requeridos para la readquisici\u00f3n de la ciudadan\u00eda, comun\u00edquese con la Oficina Consular.<\/p>\n<p>La posibilidad de readquisici\u00f3n no se aplica a quienes hayan renunciado a la ciudadan\u00eda italiana (o la hayan perdido por otros motivos) a partir del 16 de agosto de 1992.<\/p>\n","protected":false},"excerpt":{"rendered":"Las personas que hayan perdido la ciudadan\u00eda italiana antes del 15 de agosto de 1992, de conformidad con la Ley 555\/1912, podr\u00e1n recuperarla mediante declaraci\u00f3n que deber\u00e1 presentarse entre el 1 de julio de 2025 y el 31 de diciembre de 2027, siempre que hayan nacido o residido en Italia durante al menos dos a\u00f1os. [&hellip;]","protected":false},"author":5,"featured_media":0,"parent":213,"menu_order":0,"comment_status":"closed","ping_status":"closed","template":"","meta":{"footnotes":""},"class_list":["post-2858","page","type-page","status-publish","hentry"],"_links":{"self":[{"href":"https:\/\/ambmanagua.esteri.it\/es\/wp-json\/wp\/v2\/pages\/2858","targetHints":{"allow":["GET"]}}],"collection":[{"href":"https:\/\/ambmanagua.esteri.it\/es\/wp-json\/wp\/v2\/pages"}],"about":[{"href":"https:\/\/ambmanagua.esteri.it\/es\/wp-json\/wp\/v2\/types\/page"}],"author":[{"embeddable":true,"href":"https:\/\/ambmanagua.esteri.it\/es\/wp-json\/wp\/v2\/users\/5"}],"replies":[{"embeddable":true,"href":"https:\/\/ambmanagua.esteri.it\/es\/wp-json\/wp\/v2\/comments?post=2858"}],"version-history":[{"count":1,"href":"https:\/\/ambmanagua.esteri.it\/es\/wp-json\/wp\/v2\/pages\/2858\/revisions"}],"predecessor-version":[{"id":2894,"href":"https:\/\/ambmanagua.esteri.it\/es\/wp-json\/wp\/v2\/pages\/2858\/revisions\/2894"}],"up":[{"embeddable":true,"href":"https:\/\/ambmanagua.esteri.it\/es\/wp-json\/wp\/v2\/pages\/213"}],"wp:attachment":[{"href":"https:\/\/ambmanagua.esteri.it\/es\/wp-json\/wp\/v2\/media?parent=2858"}],"curies":[{"name":"wp","href":"https:\/\/api.w.org\/{rel}","templated":true}]}}