{"id":2863,"date":"2025-07-09T13:54:23","date_gmt":"2025-07-09T19:54:23","guid":{"rendered":"https:\/\/ambmanagua.esteri.it\/servizi-consolari-e-visti\/servizi-per-il-cittadino-straniero\/cittadinanza\/riconoscimento-in-base-a-leggi-speciali\/"},"modified":"2025-07-09T14:49:53","modified_gmt":"2025-07-09T20:49:53","slug":"riconoscimento-in-base-a-leggi-speciali","status":"publish","type":"page","link":"https:\/\/ambmanagua.esteri.it\/es\/servizi-consolari-e-visti\/servizi-per-il-cittadino-straniero\/cittadinanza\/riconoscimento-in-base-a-leggi-speciali\/","title":{"rendered":"Reconocimiento bajo leyes especiales"},"content":{"rendered":"<p>La Ley del 14 de diciembre de 2000, n. 379, prev\u00e9 el reconocimiento de la ciudadan\u00eda italiana a favor de las personas nacidas y residentes en los territorios del ex Imperio Austroh\u00fangaro y de sus descendientes que cumplan con los requisitos necesarios.<\/p>\n<p><strong>El plazo de aceptaci\u00f3n de la Ley 379\/2000 venci\u00f3 el 19\/12\/2010.<\/strong><\/p>\n<p>La Ley 8 de marzo de 2006, n. 124, prev\u00e9 el reconocimiento de la ciudadan\u00eda italiana a favor de las personas de los compatriotas que la perdieron por haber residido en Istria, Fiume (Rijeka) y Dalmacia entre 1940 y 1947.<\/p>\n<p>El reconocimiento de la ciudadan\u00eda italiana sobre la base de leyes especiales constituye una adquisici\u00f3n a derecho de la ley: por lo tanto, no es posible para el padre ciudadano hacer la declaraci\u00f3n de voluntad de adquirir la ciudadan\u00eda a favor del hijo menor prevista en el art\u00edculo 4, apartado 1-bis, de la ley n. 91\/1992, dado que el padre reconocido no es ciudadano italiano por nacimiento.<\/p>\n<p>Para aclaraciones acerca de casos espec\u00edficos se invita el usuario a escribir a la direcci\u00f3n de correo electr\u00f3nico de la Oficina Consular.<\/p>\n","protected":false},"excerpt":{"rendered":"La Ley del 14 de diciembre de 2000, n. 379, prev\u00e9 el reconocimiento de la ciudadan\u00eda italiana a favor de las personas nacidas y residentes en los territorios del ex Imperio Austroh\u00fangaro y de sus descendientes que cumplan con los requisitos necesarios. El plazo de aceptaci\u00f3n de la Ley 379\/2000 venci\u00f3 el 19\/12\/2010. La Ley [&hellip;]","protected":false},"author":5,"featured_media":0,"parent":213,"menu_order":0,"comment_status":"closed","ping_status":"closed","template":"","meta":{"footnotes":""},"class_list":["post-2863","page","type-page","status-publish","hentry"],"_links":{"self":[{"href":"https:\/\/ambmanagua.esteri.it\/es\/wp-json\/wp\/v2\/pages\/2863","targetHints":{"allow":["GET"]}}],"collection":[{"href":"https:\/\/ambmanagua.esteri.it\/es\/wp-json\/wp\/v2\/pages"}],"about":[{"href":"https:\/\/ambmanagua.esteri.it\/es\/wp-json\/wp\/v2\/types\/page"}],"author":[{"embeddable":true,"href":"https:\/\/ambmanagua.esteri.it\/es\/wp-json\/wp\/v2\/users\/5"}],"replies":[{"embeddable":true,"href":"https:\/\/ambmanagua.esteri.it\/es\/wp-json\/wp\/v2\/comments?post=2863"}],"version-history":[{"count":2,"href":"https:\/\/ambmanagua.esteri.it\/es\/wp-json\/wp\/v2\/pages\/2863\/revisions"}],"predecessor-version":[{"id":2897,"href":"https:\/\/ambmanagua.esteri.it\/es\/wp-json\/wp\/v2\/pages\/2863\/revisions\/2897"}],"up":[{"embeddable":true,"href":"https:\/\/ambmanagua.esteri.it\/es\/wp-json\/wp\/v2\/pages\/213"}],"wp:attachment":[{"href":"https:\/\/ambmanagua.esteri.it\/es\/wp-json\/wp\/v2\/media?parent=2863"}],"curies":[{"name":"wp","href":"https:\/\/api.w.org\/{rel}","templated":true}]}}