{"id":3500,"date":"2026-03-26T10:16:32","date_gmt":"2026-03-26T16:16:32","guid":{"rendered":"https:\/\/ambmanagua.esteri.it\/?page_id=3500"},"modified":"2026-03-26T10:16:37","modified_gmt":"2026-03-26T16:16:37","slug":"fast-it","status":"publish","type":"page","link":"https:\/\/ambmanagua.esteri.it\/es\/servizi-consolari-e-visti\/servizi-per-il-cittadino-italiano\/anagrafe-degli-italiani-residenti-allestero-aire\/fast-it\/","title":{"rendered":"Fast It"},"content":{"rendered":"<p>El portal\u00a0Fast It\u00a0pretende transformarse en el canal privilegiado de contacto entre el ciudadano italiano y la Sede Consular de competencia, sustituyendo los medios de comunicaci\u00f3n tradicionales (e-mail, correo, fax, etc.).<\/p>\n<p>Es posible acceder al portal a trav\u00e9s del siguiente enlace: <a href=\"https:\/\/serviziconsolari.esteri.it\">https:\/\/serviziconsolari.esteri.it<\/a><\/p>\n<p>El portal <em>Fast It<\/em>, que tambi\u00e9n est\u00e1 disponible en modalidad mobile-friendly- adem\u00e1s de algunas secciones puramente informativas, ofrece los siguientes servicios interactivos:<\/p>\n<ul>\n<li><strong>Visualizar la ficha del registro consular<\/strong><\/li>\n<\/ul>\n<p><em>El servicio permite consultar los propios datos registrados en el registro consular.<\/em><\/p>\n<ul>\n<li><strong>Solicitar la inscripci\u00f3n en el Registro de los Italianos Residentes en el Exterior\u00a0<em>(AIRE)<\/em><\/strong><\/li>\n<\/ul>\n<p><em>El servicio permite comunicar a la autoridad consular el cambio de residencia al extranjero.<\/em><\/p>\n<ul>\n<li><strong>Comunicar un cambio de domicilio<\/strong><\/li>\n<\/ul>\n<p><em>Si ya se est\u00e1 inscrito en el registro consular, el servicio permite comunicar la nueva direcci\u00f3n de residencia.<\/em><\/p>\n","protected":false},"excerpt":{"rendered":"El portal\u00a0Fast It\u00a0pretende transformarse en el canal privilegiado de contacto entre el ciudadano italiano y la Sede Consular de competencia, sustituyendo los medios de comunicaci\u00f3n tradicionales (e-mail, correo, fax, etc.). Es posible acceder al portal a trav\u00e9s del siguiente enlace: https:\/\/serviziconsolari.esteri.it El portal Fast It, que tambi\u00e9n est\u00e1 disponible en modalidad mobile-friendly- adem\u00e1s de algunas [&hellip;]","protected":false},"author":5,"featured_media":0,"parent":653,"menu_order":0,"comment_status":"closed","ping_status":"closed","template":"","meta":{"footnotes":""},"class_list":["post-3500","page","type-page","status-publish","hentry"],"_links":{"self":[{"href":"https:\/\/ambmanagua.esteri.it\/es\/wp-json\/wp\/v2\/pages\/3500","targetHints":{"allow":["GET"]}}],"collection":[{"href":"https:\/\/ambmanagua.esteri.it\/es\/wp-json\/wp\/v2\/pages"}],"about":[{"href":"https:\/\/ambmanagua.esteri.it\/es\/wp-json\/wp\/v2\/types\/page"}],"author":[{"embeddable":true,"href":"https:\/\/ambmanagua.esteri.it\/es\/wp-json\/wp\/v2\/users\/5"}],"replies":[{"embeddable":true,"href":"https:\/\/ambmanagua.esteri.it\/es\/wp-json\/wp\/v2\/comments?post=3500"}],"version-history":[{"count":1,"href":"https:\/\/ambmanagua.esteri.it\/es\/wp-json\/wp\/v2\/pages\/3500\/revisions"}],"predecessor-version":[{"id":3503,"href":"https:\/\/ambmanagua.esteri.it\/es\/wp-json\/wp\/v2\/pages\/3500\/revisions\/3503"}],"up":[{"embeddable":true,"href":"https:\/\/ambmanagua.esteri.it\/es\/wp-json\/wp\/v2\/pages\/653"}],"wp:attachment":[{"href":"https:\/\/ambmanagua.esteri.it\/es\/wp-json\/wp\/v2\/media?parent=3500"}],"curies":[{"name":"wp","href":"https:\/\/api.w.org\/{rel}","templated":true}]}}