{"id":3510,"date":"2026-03-26T10:17:46","date_gmt":"2026-03-26T16:17:46","guid":{"rendered":"https:\/\/ambmanagua.esteri.it\/?page_id=3510"},"modified":"2026-03-26T10:17:39","modified_gmt":"2026-03-26T16:17:39","slug":"visualizar-la-ficha-personal-del-registro-consular","status":"publish","type":"page","link":"https:\/\/ambmanagua.esteri.it\/es\/servizi-consolari-e-visti\/servizi-per-il-cittadino-italiano\/anagrafe-degli-italiani-residenti-allestero-aire\/visualizar-la-ficha-personal-del-registro-consular\/","title":{"rendered":"Visualizar la ficha personal del registro consular"},"content":{"rendered":"<p><strong>El procedimiento de\u00a0<em>Associazione Online<\/em><\/strong><\/p>\n<p><em>Associazione Online<\/em>\u00a0es el nombre de un procedimiento muy simple a trav\u00e9s del cual un ciudadano italiano residente en el exterior, inscripto en el registro consular y ya registrado como usuario en\u00a0<strong>Fast It<em>,<\/em><\/strong><em>\u00a0<\/em>puede visualizar su ficha personal del registro consular y, si es necesario, solicitar que se actualice su domicilio.<\/p>\n<p>De esta manera, el ciudadano puede visualizar una s\u00edntesis de sus datos personales en tiempo real y conocer el estado de otros tr\u00e1mites iniciados en la Oficina Consular (cambio de domicilio; actualizaci\u00f3n de estado civil o nacimiento de hijos menores).<\/p>\n<p><strong>Instrucciones operativas<\/strong><\/p>\n<ol>\n<li>Registrarse como usuario en\u00a0<a href=\"https:\/\/serviziconsolari.esteri.it\"><strong>Fast It<\/strong><\/a>.<\/li>\n<li>Acceder al portal.<\/li>\n<li>Hacer click en \u201c<em>Anagrafe consolare e AIRE<\/em>\u201d.<\/li>\n<li>Hacer click en \u201c<em>Visualizzare la propria scheda anagrafica<\/em>\u201d.<\/li>\n<li>Completar todos los campos requeridos.<\/li>\n<li>Adjuntar la documentaci\u00f3n necesaria y enviar la solicitud.<\/li>\n<li>Aguardar e-mail de confirmaci\u00f3n por parte de la Oficina Consular.<\/li>\n<\/ol>\n","protected":false},"excerpt":{"rendered":"El procedimiento de\u00a0Associazione Online Associazione Online\u00a0es el nombre de un procedimiento muy simple a trav\u00e9s del cual un ciudadano italiano residente en el exterior, inscripto en el registro consular y ya registrado como usuario en\u00a0Fast It,\u00a0puede visualizar su ficha personal del registro consular y, si es necesario, solicitar que se actualice su domicilio. De esta [&hellip;]","protected":false},"author":5,"featured_media":0,"parent":653,"menu_order":0,"comment_status":"closed","ping_status":"closed","template":"","meta":{"footnotes":""},"class_list":["post-3510","page","type-page","status-publish","hentry"],"_links":{"self":[{"href":"https:\/\/ambmanagua.esteri.it\/es\/wp-json\/wp\/v2\/pages\/3510","targetHints":{"allow":["GET"]}}],"collection":[{"href":"https:\/\/ambmanagua.esteri.it\/es\/wp-json\/wp\/v2\/pages"}],"about":[{"href":"https:\/\/ambmanagua.esteri.it\/es\/wp-json\/wp\/v2\/types\/page"}],"author":[{"embeddable":true,"href":"https:\/\/ambmanagua.esteri.it\/es\/wp-json\/wp\/v2\/users\/5"}],"replies":[{"embeddable":true,"href":"https:\/\/ambmanagua.esteri.it\/es\/wp-json\/wp\/v2\/comments?post=3510"}],"version-history":[{"count":1,"href":"https:\/\/ambmanagua.esteri.it\/es\/wp-json\/wp\/v2\/pages\/3510\/revisions"}],"predecessor-version":[{"id":3511,"href":"https:\/\/ambmanagua.esteri.it\/es\/wp-json\/wp\/v2\/pages\/3510\/revisions\/3511"}],"up":[{"embeddable":true,"href":"https:\/\/ambmanagua.esteri.it\/es\/wp-json\/wp\/v2\/pages\/653"}],"wp:attachment":[{"href":"https:\/\/ambmanagua.esteri.it\/es\/wp-json\/wp\/v2\/media?parent=3510"}],"curies":[{"name":"wp","href":"https:\/\/api.w.org\/{rel}","templated":true}]}}