{"id":3516,"date":"2026-03-26T10:18:03","date_gmt":"2026-03-26T16:18:03","guid":{"rendered":"https:\/\/ambmanagua.esteri.it\/?page_id=3516"},"modified":"2026-03-26T10:21:19","modified_gmt":"2026-03-26T16:21:19","slug":"comunicar-un-cambio-de-domicilio","status":"publish","type":"page","link":"https:\/\/ambmanagua.esteri.it\/es\/servizi-consolari-e-visti\/servizi-per-il-cittadino-italiano\/anagrafe-degli-italiani-residenti-allestero-aire\/comunicar-un-cambio-de-domicilio\/","title":{"rendered":"Comunicar un cambio de domicilio"},"content":{"rendered":"<p>Los ciudadanos italianos deben mantener actualizada sus datos en el AIRE. Esto implica comunicar a la Oficina Consular competente cualquier tipo de variaci\u00f3n de la residencia en el exterior. Dicha comunicaci\u00f3n puede ser efectuada a trav\u00e9s del portal\u00a0<a href=\"https:\/\/serviziconsolari.esteri.it\">Fast It<\/a>:<\/p>\n<p>Antes de iniciar el procedimiento on-line, se aconseja leer con atenci\u00f3n las instrucciones y disponer de los siguientes documentos.<\/p>\n<p><strong>ADJUNTO 1<\/strong><\/p>\n<p>Formulario debidamente completado y firmado.<\/p>\n<p>(Se genera on-line desde la plataforma durante el procedimiento. El usuario lo debe descargar, imprimir, firmar y escanear.)<\/p>\n<p><strong>ADJUNTO 2<\/strong><\/p>\n<p>Fotocopia del documento de identidad italiano (carta d&#8217;identit\u00e0 o pasaporte, en caso de tener) y nicarag\u00fcense (c\u00e9dula nicarag\u00fcense) del solicitante con direcci\u00f3n actualizada, as\u00ed como los documentos de identidad de todos los miembros de la familia que conviven con el declarante.<\/p>\n<p><strong>ADJUNTO 3<\/strong><\/p>\n<p>Comprobante de residencia\u00a0actualizado (de no m\u00e1s de 3 meses) a nombre del solicitante. Consultar la <a href=\"https:\/\/ambmanagua.esteri.it\/es\/servizi-consolari-e-visti\/servizi-per-il-cittadino-italiano\/anagrafe-degli-italiani-residenti-allestero-aire\/comprobantes-de-residencia-para-la-inscripcion-variacion-aire\/\"><u>secci\u00f3n dedicada<\/u><\/a>.<\/p>\n","protected":false},"excerpt":{"rendered":"Los ciudadanos italianos deben mantener actualizada sus datos en el AIRE. Esto implica comunicar a la Oficina Consular competente cualquier tipo de variaci\u00f3n de la residencia en el exterior. Dicha comunicaci\u00f3n puede ser efectuada a trav\u00e9s del portal\u00a0Fast It: Antes de iniciar el procedimiento on-line, se aconseja leer con atenci\u00f3n las instrucciones y disponer de [&hellip;]","protected":false},"author":5,"featured_media":0,"parent":653,"menu_order":0,"comment_status":"closed","ping_status":"closed","template":"","meta":{"footnotes":""},"class_list":["post-3516","page","type-page","status-publish","hentry"],"_links":{"self":[{"href":"https:\/\/ambmanagua.esteri.it\/es\/wp-json\/wp\/v2\/pages\/3516","targetHints":{"allow":["GET"]}}],"collection":[{"href":"https:\/\/ambmanagua.esteri.it\/es\/wp-json\/wp\/v2\/pages"}],"about":[{"href":"https:\/\/ambmanagua.esteri.it\/es\/wp-json\/wp\/v2\/types\/page"}],"author":[{"embeddable":true,"href":"https:\/\/ambmanagua.esteri.it\/es\/wp-json\/wp\/v2\/users\/5"}],"replies":[{"embeddable":true,"href":"https:\/\/ambmanagua.esteri.it\/es\/wp-json\/wp\/v2\/comments?post=3516"}],"version-history":[{"count":3,"href":"https:\/\/ambmanagua.esteri.it\/es\/wp-json\/wp\/v2\/pages\/3516\/revisions"}],"predecessor-version":[{"id":3536,"href":"https:\/\/ambmanagua.esteri.it\/es\/wp-json\/wp\/v2\/pages\/3516\/revisions\/3536"}],"up":[{"embeddable":true,"href":"https:\/\/ambmanagua.esteri.it\/es\/wp-json\/wp\/v2\/pages\/653"}],"wp:attachment":[{"href":"https:\/\/ambmanagua.esteri.it\/es\/wp-json\/wp\/v2\/media?parent=3516"}],"curies":[{"name":"wp","href":"https:\/\/api.w.org\/{rel}","templated":true}]}}