{"id":3528,"date":"2026-03-26T10:18:33","date_gmt":"2026-03-26T16:18:33","guid":{"rendered":"https:\/\/ambmanagua.esteri.it\/?page_id=3528"},"modified":"2026-03-26T10:18:27","modified_gmt":"2026-03-26T16:18:27","slug":"comprobantes-de-residencia-para-la-inscripcion-variacion-aire","status":"publish","type":"page","link":"https:\/\/ambmanagua.esteri.it\/es\/servizi-consolari-e-visti\/servizi-per-il-cittadino-italiano\/anagrafe-degli-italiani-residenti-allestero-aire\/comprobantes-de-residencia-para-la-inscripcion-variacion-aire\/","title":{"rendered":"Comprobantes de residencia para la inscripci\u00f3n\/variaci\u00f3n AIRE"},"content":{"rendered":"<p>En virtud de las disposiciones del art\u00edculo 6, inciso 4, de la ley 27 octubre 1988, n. 470, los ciudadanos italianos en el exterior deben acompa\u00f1ar su solicitud de inscripci\u00f3n\/variaci\u00f3n en el AIRE (Registro de los Italianos en el Exterior) con documentaci\u00f3n que permita comprobar su domicilio de residencia.<\/p>\n<p>Es posible presentar:<\/p>\n<ul>\n<li>Facturas de servicios\u00a0residenciales\u00a0(luz, agua, tel\u00e9fono fijo, TV por cable, internet).<\/li>\n<li>Recibo de sueldo, certificado laboral expedido por el empleador o constancia de insciprici\u00f3n en el RUC en el caso de trabajador aut\u00f3nomo o profesional independiente.<\/li>\n<li>Certificado o constancia de afiliaci\u00f3n a seguro medico (o factura mensual).<\/li>\n<li>Contrato de alquiler.<\/li>\n<li>Constancia de estudiante activo en el caso de estar matriculado en una universidad.<\/li>\n<\/ul>\n","protected":false},"excerpt":{"rendered":"En virtud de las disposiciones del art\u00edculo 6, inciso 4, de la ley 27 octubre 1988, n. 470, los ciudadanos italianos en el exterior deben acompa\u00f1ar su solicitud de inscripci\u00f3n\/variaci\u00f3n en el AIRE (Registro de los Italianos en el Exterior) con documentaci\u00f3n que permita comprobar su domicilio de residencia. Es posible presentar: Facturas de servicios\u00a0residenciales\u00a0(luz, [&hellip;]","protected":false},"author":5,"featured_media":0,"parent":653,"menu_order":0,"comment_status":"closed","ping_status":"closed","template":"","meta":{"footnotes":""},"class_list":["post-3528","page","type-page","status-publish","hentry"],"_links":{"self":[{"href":"https:\/\/ambmanagua.esteri.it\/es\/wp-json\/wp\/v2\/pages\/3528","targetHints":{"allow":["GET"]}}],"collection":[{"href":"https:\/\/ambmanagua.esteri.it\/es\/wp-json\/wp\/v2\/pages"}],"about":[{"href":"https:\/\/ambmanagua.esteri.it\/es\/wp-json\/wp\/v2\/types\/page"}],"author":[{"embeddable":true,"href":"https:\/\/ambmanagua.esteri.it\/es\/wp-json\/wp\/v2\/users\/5"}],"replies":[{"embeddable":true,"href":"https:\/\/ambmanagua.esteri.it\/es\/wp-json\/wp\/v2\/comments?post=3528"}],"version-history":[{"count":2,"href":"https:\/\/ambmanagua.esteri.it\/es\/wp-json\/wp\/v2\/pages\/3528\/revisions"}],"predecessor-version":[{"id":3531,"href":"https:\/\/ambmanagua.esteri.it\/es\/wp-json\/wp\/v2\/pages\/3528\/revisions\/3531"}],"up":[{"embeddable":true,"href":"https:\/\/ambmanagua.esteri.it\/es\/wp-json\/wp\/v2\/pages\/653"}],"wp:attachment":[{"href":"https:\/\/ambmanagua.esteri.it\/es\/wp-json\/wp\/v2\/media?parent=3528"}],"curies":[{"name":"wp","href":"https:\/\/api.w.org\/{rel}","templated":true}]}}