{"id":450,"date":"2023-10-11T16:28:04","date_gmt":"2023-10-11T22:28:04","guid":{"rendered":"https:\/\/ambmanagua.esteri.it\/chi-siamo\/lambasciatore\/messaggio\/"},"modified":"2026-03-05T12:13:53","modified_gmt":"2026-03-05T18:13:53","slug":"messaggio","status":"publish","type":"page","link":"https:\/\/ambmanagua.esteri.it\/es\/chi-siamo\/lambasciatore\/messaggio\/","title":{"rendered":"Mensaje"},"content":{"rendered":"<p style=\"text-align: justify;\">\u201cDeseo dar a todos los visitantes mi m\u00e1s calurosa bienvenida a la p\u00e1gina Web de la Embajada de Italia en Nicaragua.<\/p>\n<p style=\"text-align: justify;\">Una de las prioridades de la p\u00e1gina es hacer conocer la estructura de la Embajada y los servicios que ofrecemos a los compatriotas, y en general al p\u00fablico, en Nicaragua.<\/p>\n<p style=\"text-align: justify;\">La Embajada opera para consolidar las relaciones pol\u00edticas, econ\u00f3micas, comerciales y culturales entre Italia y Nicaragua, un Pa\u00eds estrat\u00e9gico de Am\u00e9rica Central y con el cual existen hist\u00f3ricos y articulados v\u00ednculos de amistad y colaboraci\u00f3n.<\/p>\n<p style=\"text-align: justify;\">Desde el inicio de las relaciones diplom\u00e1ticas, Italia y Nicaragua de hecho han fortalecido los propios lazos en el \u00e1mbito tambi\u00e9n de la Cooperaci\u00f3n al Desarrollo donde los principales sectores de intervenci\u00f3n han sido la Seguridad Alimentaria, la protecci\u00f3n del Medio Ambiente, la tutela al Patrimonio Cultural. Por lo tanto, habr\u00e1\u2019 el m\u00e1ximo esfuerzo en promover las excelencias de Italia en \u00e1mbito empresarial y cultural junto al pueblo nicarag\u00fcense.<\/p>\n<p style=\"text-align: justify;\">Con los colegas de la Secci\u00f3n Consular de esta Embajada, nos proponemos, adem\u00e1s, convertirnos en un punto de referencia para todos los compatriotas presentes en Nicaragua para garantizarles la asistencia adem\u00e1s de una prestaci\u00f3n eficiente y atenta de los servicios consulares.<\/p>\n<p style=\"text-align: justify;\">De mi parte y de aquella del equipo de la Embajada existir\u00e1 siempre el m\u00e1ximo compromiso para mejorar y actualizar los contenidos de esta p\u00e1gina, tambi\u00e9n tomando en consideraci\u00f3n las sugerencias que puedan llegar de parte del p\u00fablico y de los visitantes.\u201d<\/p>\n","protected":false},"excerpt":{"rendered":"\u201cDeseo dar a todos los visitantes mi m\u00e1s calurosa bienvenida a la p\u00e1gina Web de la Embajada de Italia en Nicaragua. Una de las prioridades de la p\u00e1gina es hacer conocer la estructura de la Embajada y los servicios que ofrecemos a los compatriotas, y en general al p\u00fablico, en Nicaragua. La Embajada opera para [&hellip;]","protected":false},"author":5,"featured_media":0,"parent":143,"menu_order":0,"comment_status":"closed","ping_status":"closed","template":"","meta":{"footnotes":""},"class_list":["post-450","page","type-page","status-publish","hentry"],"_links":{"self":[{"href":"https:\/\/ambmanagua.esteri.it\/es\/wp-json\/wp\/v2\/pages\/450","targetHints":{"allow":["GET"]}}],"collection":[{"href":"https:\/\/ambmanagua.esteri.it\/es\/wp-json\/wp\/v2\/pages"}],"about":[{"href":"https:\/\/ambmanagua.esteri.it\/es\/wp-json\/wp\/v2\/types\/page"}],"author":[{"embeddable":true,"href":"https:\/\/ambmanagua.esteri.it\/es\/wp-json\/wp\/v2\/users\/5"}],"replies":[{"embeddable":true,"href":"https:\/\/ambmanagua.esteri.it\/es\/wp-json\/wp\/v2\/comments?post=450"}],"version-history":[{"count":6,"href":"https:\/\/ambmanagua.esteri.it\/es\/wp-json\/wp\/v2\/pages\/450\/revisions"}],"predecessor-version":[{"id":3422,"href":"https:\/\/ambmanagua.esteri.it\/es\/wp-json\/wp\/v2\/pages\/450\/revisions\/3422"}],"up":[{"embeddable":true,"href":"https:\/\/ambmanagua.esteri.it\/es\/wp-json\/wp\/v2\/pages\/143"}],"wp:attachment":[{"href":"https:\/\/ambmanagua.esteri.it\/es\/wp-json\/wp\/v2\/media?parent=450"}],"curies":[{"name":"wp","href":"https:\/\/api.w.org\/{rel}","templated":true}]}}