{"id":568,"date":"2023-09-21T18:37:52","date_gmt":"2023-09-22T00:37:52","guid":{"rendered":"https:\/\/ambmanagua.esteri.it\/servizi-consolari-e-visti\/servizi-per-il-cittadino-italiano\/adozioni\/"},"modified":"2023-11-03T15:13:13","modified_gmt":"2023-11-03T21:13:13","slug":"adozioni","status":"publish","type":"page","link":"https:\/\/ambmanagua.esteri.it\/es\/servizi-consolari-e-visti\/servizi-per-il-cittadino-italiano\/adozioni\/","title":{"rendered":"Adopciones"},"content":{"rendered":"<p><strong><a href=\"https:\/\/www.esteri.it\/it\/servizi-consolari-e-visti\/italiani-all-estero\/adozioni-internazionali\/\">Adopciones Internacionales &#8211; Informaci\u00f3n de la p\u00e1gina web del Ministerio de Asuntos Exteriores<\/a><\/strong><\/p>\n<p>Para obtener informaci\u00f3n sobre adopciones internacionales, es conveniente dirigirse a la <strong><a href=\"http:\/\/www.commissioneadozioni.it\/\">Comisi\u00f3n de Adopciones Internacionales<\/a><\/strong>, organismo que tiene su sede en la Presidencia del Consejo de Ministros.<\/p>\n","protected":false},"excerpt":{"rendered":"Adopciones Internacionales &#8211; Informaci\u00f3n de la p\u00e1gina web del Ministerio de Asuntos Exteriores Para obtener informaci\u00f3n sobre adopciones internacionales, es conveniente dirigirse a la Comisi\u00f3n de Adopciones Internacionales, organismo que tiene su sede en la Presidencia del Consejo de Ministros.","protected":false},"author":5,"featured_media":0,"parent":186,"menu_order":0,"comment_status":"closed","ping_status":"closed","template":"","meta":{"footnotes":""},"class_list":["post-568","page","type-page","status-publish","hentry"],"_links":{"self":[{"href":"https:\/\/ambmanagua.esteri.it\/es\/wp-json\/wp\/v2\/pages\/568","targetHints":{"allow":["GET"]}}],"collection":[{"href":"https:\/\/ambmanagua.esteri.it\/es\/wp-json\/wp\/v2\/pages"}],"about":[{"href":"https:\/\/ambmanagua.esteri.it\/es\/wp-json\/wp\/v2\/types\/page"}],"author":[{"embeddable":true,"href":"https:\/\/ambmanagua.esteri.it\/es\/wp-json\/wp\/v2\/users\/5"}],"replies":[{"embeddable":true,"href":"https:\/\/ambmanagua.esteri.it\/es\/wp-json\/wp\/v2\/comments?post=568"}],"version-history":[{"count":3,"href":"https:\/\/ambmanagua.esteri.it\/es\/wp-json\/wp\/v2\/pages\/568\/revisions"}],"predecessor-version":[{"id":634,"href":"https:\/\/ambmanagua.esteri.it\/es\/wp-json\/wp\/v2\/pages\/568\/revisions\/634"}],"up":[{"embeddable":true,"href":"https:\/\/ambmanagua.esteri.it\/es\/wp-json\/wp\/v2\/pages\/186"}],"wp:attachment":[{"href":"https:\/\/ambmanagua.esteri.it\/es\/wp-json\/wp\/v2\/media?parent=568"}],"curies":[{"name":"wp","href":"https:\/\/api.w.org\/{rel}","templated":true}]}}