{"id":13,"date":"2023-04-11T17:07:36","date_gmt":"2023-04-11T15:07:36","guid":{"rendered":"https:\/\/ambasciatapraga.esteri.it\/?page_id=13"},"modified":"2026-03-09T10:32:11","modified_gmt":"2026-03-09T16:32:11","slug":"chi-siamo","status":"publish","type":"page","link":"https:\/\/ambmanagua.esteri.it\/it\/chi-siamo\/","title":{"rendered":"Chi siamo"},"content":{"rendered":"<p><strong>Ambasciata d\u2019Italia a Managua:<\/strong><\/p>\n<p>Residencial Las Colinas, Primera Entrada Calle La Ladera n.10<\/p>\n<p>Cap 14199 Managua, Nicaragua<\/p>\n<p><strong>Tel<\/strong>.: (505) 22662918 \u2013 22666486<\/p>\n<p><strong>Email<\/strong>: ambasciata.managua@esteri.it<\/p>\n<p><strong>PEC<\/strong>: amb.managua@cert.esteri.it ; cons.managua@cert.esteri.it (indirizzi abilitati esclusivamente alla ricezione di posta elettronica certificata)<\/p>\n<p><strong>Cellulare di emergenza<\/strong>: (+505) 8739 5381 (attivo negli orari di chiusura dell&#8217;Ambasciata, il sabato, la domenica ed i giorni festivi).<\/p>\n<p><strong>Orari di apertura al pubblico della Sezione Consolare<\/strong>:<\/p>\n<p>-luned\u00ec, marted\u00ec, gioved\u00ec e venerd\u00ec: 09:00 &#8211; 12:30<\/p>\n<p>-mercoled\u00ec chiuso al pubblico<\/p>\n<p>&nbsp;<\/p>\n<p><strong>Calendario delle festivit\u00e0\u00a0<\/strong>osservate da questa Sede nel<strong> 2026.<\/strong><\/p>\n<p>&nbsp;<\/p>\n<p>.\u00a0 \u00a0 \u00a0 \u00a0 \u00a0 \u00a0 \u00a0 \u00a0 \u00a0 \u00a0 \u00a0 \u00a0 \u00a0 \u00a0 \u00a0 \u00a0 \u00a0 \u00a0 \u00a0 \u00a0 \u00a0 \u00a0 \u00a0 \u00a0 \u00a0 \u00a0 \u00a0 \u00a0 \u00a0 \u00a0<img loading=\"lazy\" decoding=\"async\" class=\"alignnone wp-image-1864 img-fluid\" src=\"https:\/\/ambmanagua.esteri.it\/wp-content\/uploads\/2023\/12\/stemma-Repubblica-Italiana.jpg\" alt=\"\" width=\"127\" height=\"143\" \/>\u00a0 \u00a0 \u00a0 \u00a0 \u00a0 \u00a0 \u00a0 \u00a0 \u00a0 \u00a0 \u00a0 \u00a0 \u00a0 \u00a0 \u00a0 \u00a0 \u00a0 \u00a0 \u00a0 \u00a0 \u00a0 \u00a0 \u00a0 \u00a0 \u00a0 \u00a0 \u00a0 \u00a0 \u00a0 \u00a0 \u00a0 \u00a0 \u00a0 \u00a0 \u00a0 \u00a0 \u00a0 \u00a0 \u00a0 \u00a0 \u00a0 .<\/p>\n<p><strong>\u00a0 \u00a0 \u00a0 \u00a0 \u00a0 \u00a0 \u00a0 \u00a0 \u00a0 \u00a0 \u00a0 \u00a0 \u00a0 \u00a0 \u00a0 \u00a0 \u00a0 \u00a0 \u00a0 \u00a0 \u00a0 \u00a0 \u00a0 \u00a0 \u00a0 \u00a0 \u00a0 AMBASCIATA D&#8217;ITALIA<\/strong><\/p>\n<p><strong>\u00a0 \u00a0 \u00a0 \u00a0 \u00a0 \u00a0 \u00a0 \u00a0 \u00a0 \u00a0 \u00a0 \u00a0 \u00a0 \u00a0 \u00a0 \u00a0 \u00a0 \u00a0 \u00a0 \u00a0 \u00a0 \u00a0 \u00a0 \u00a0 \u00a0 \u00a0 \u00a0 \u00a0 \u00a0 \u00a0 \u00a0 \u00a0 \u00a0MANAGUA<\/strong><\/p>\n<p>&nbsp;<\/p>\n<table class=\"table\" style=\"height: 335px;\" border=\"0\" width=\"686\">\n<tbody>\n<tr>\n<td><strong>01 GENNAIO<\/strong><\/td>\n<td>\u00a0<strong>GIOVED\u00cd<\/strong><\/td>\n<td><strong>CAPODANNO<\/strong><\/td>\n<\/tr>\n<tr>\n<td><strong>03 APRILE<\/strong><\/td>\n<td><strong>VENERD\u00cd<\/strong><\/td>\n<td><strong>VENERD\u00cd SANTO<\/strong><\/td>\n<\/tr>\n<tr>\n<td><strong>06 APRILE<\/strong><\/td>\n<td><strong>LUNED\u00cd<\/strong><\/td>\n<td><strong>LUNED\u00cd DELL&#8217;ANGELO<\/strong><\/td>\n<\/tr>\n<tr>\n<td><strong>01 MAGGIO<\/strong><\/td>\n<td><strong>VENERD\u00cd<\/strong><\/td>\n<td><strong>FESTA DEL LAVORO<\/strong><\/td>\n<\/tr>\n<tr>\n<td><strong>02 GIUGNO<\/strong><\/td>\n<td><strong>MARTED\u00cd \u00a0\u00a0<\/strong><\/td>\n<td><strong>FESTA DELLA REPUBBLICA ITALIANA<\/strong><\/td>\n<\/tr>\n<tr>\n<td><strong>19 LUGLIO<\/strong><\/td>\n<td><strong>DOMENICA<\/strong><\/td>\n<td><strong>ANNIVERSARIO RICORRENZA SANDINISTA<\/strong><\/td>\n<\/tr>\n<tr>\n<td><strong>01 AGOSTO<\/strong><\/td>\n<td><strong>SABATO<\/strong><\/td>\n<td><strong>ARRIVO DI S. DOMINGO PATRONO DI MANAGUA<\/strong><\/td>\n<\/tr>\n<tr>\n<td><strong>15 SETTEMBRE<\/strong><\/td>\n<td><strong>MARTED\u00cd \u00a0\u00a0<\/strong><\/td>\n<td><strong>INDIPENDENZA DEL NICARAGUA<\/strong><\/td>\n<\/tr>\n<tr>\n<td><strong>08 DICEMBRE<\/strong><\/td>\n<td><strong>MARTED\u00cd \u00a0\u00a0<\/strong><\/td>\n<td><strong>IMMACOLATA CONCEZIONE<\/strong><\/td>\n<\/tr>\n<tr>\n<td><strong>25 DICEMBRE<\/strong><\/td>\n<td><strong>VENERD\u00cd<\/strong><\/td>\n<td><strong>NATALE<\/strong><\/td>\n<\/tr>\n<tr>\n<td><strong>26 DICEMBRE<\/strong><\/td>\n<td><strong>SABATO<\/strong><\/td>\n<td><strong>SANTO STEFANO<\/strong><\/td>\n<\/tr>\n<\/tbody>\n<\/table>\n","protected":false},"excerpt":{"rendered":"Ambasciata d\u2019Italia a Managua: Residencial Las Colinas, Primera Entrada Calle La Ladera n.10 Cap 14199 Managua, Nicaragua Tel.: (505) 22662918 \u2013 22666486 Email: ambasciata.managua@esteri.it PEC: amb.managua@cert.esteri.it ; cons.managua@cert.esteri.it (indirizzi abilitati esclusivamente alla ricezione di posta elettronica certificata) Cellulare di emergenza: (+505) 8739 5381 (attivo negli orari di chiusura dell&#8217;Ambasciata, il sabato, la domenica ed i [&hellip;]","protected":false},"author":1,"featured_media":0,"parent":0,"menu_order":2,"comment_status":"closed","ping_status":"closed","template":"","meta":{"footnotes":""},"class_list":["post-13","page","type-page","status-publish","hentry"],"_links":{"self":[{"href":"https:\/\/ambmanagua.esteri.it\/it\/wp-json\/wp\/v2\/pages\/13","targetHints":{"allow":["GET"]}}],"collection":[{"href":"https:\/\/ambmanagua.esteri.it\/it\/wp-json\/wp\/v2\/pages"}],"about":[{"href":"https:\/\/ambmanagua.esteri.it\/it\/wp-json\/wp\/v2\/types\/page"}],"author":[{"embeddable":true,"href":"https:\/\/ambmanagua.esteri.it\/it\/wp-json\/wp\/v2\/users\/1"}],"replies":[{"embeddable":true,"href":"https:\/\/ambmanagua.esteri.it\/it\/wp-json\/wp\/v2\/comments?post=13"}],"version-history":[{"count":6,"href":"https:\/\/ambmanagua.esteri.it\/it\/wp-json\/wp\/v2\/pages\/13\/revisions"}],"predecessor-version":[{"id":3431,"href":"https:\/\/ambmanagua.esteri.it\/it\/wp-json\/wp\/v2\/pages\/13\/revisions\/3431"}],"wp:attachment":[{"href":"https:\/\/ambmanagua.esteri.it\/it\/wp-json\/wp\/v2\/media?parent=13"}],"curies":[{"name":"wp","href":"https:\/\/api.w.org\/{rel}","templated":true}]}}