{"id":15,"date":"2023-04-11T17:08:57","date_gmt":"2023-04-11T15:08:57","guid":{"rendered":"https:\/\/ambasciatapraga.esteri.it\/?page_id=15"},"modified":"2026-03-31T09:54:23","modified_gmt":"2026-03-31T15:54:23","slug":"servizi-consolari-e-visti","status":"publish","type":"page","link":"https:\/\/ambmanagua.esteri.it\/it\/servizi-consolari-e-visti\/","title":{"rendered":"Servizi Consolari e Visti"},"content":{"rendered":"<p><strong>Gli orari di apertura al pubblico della Sezione Consolare sono<\/strong>:<\/p>\n<ul>\n<li>luned\u00ec, marted\u00ec, gioved\u00ec e venerd\u00ec dalle 09:00 alle 12:30;<\/li>\n<\/ul>\n<p>&nbsp;<\/p>\n<p><strong>Per tutti i Servizi Consolari sar\u00e0 necessario registrarsi sul Portale &#8220;<a href=\"https:\/\/prenotami.esteri.it\/\">Prenot@Mi<\/a>&#8221; e fissare un appuntamento:<\/strong><\/p>\n<p>Per informazioni riguardanti i requisiti sono disponibili i seguenti contatti:<\/p>\n<ul>\n<li>(+505) 2266 6486 \u2013 (+505) 2266 2918<\/li>\n<li><a href=\"mailto:consolato.managua@esteri.it\">consolato.managua@esteri.it<\/a><\/li>\n<li><span style=\"color: #0000ff;\"><span style=\"color: #0000ff;\"><span style=\"text-decoration: underline; color: #3366ff;\">cons.managua@cert.esteri.it<\/span><span style=\"color: #000000;\"> (<\/span><\/span><\/span>indirizzo abilitato esclusivamente alla ricezione di posta elettronica certificata)<\/li>\n<\/ul>\n<p>&nbsp;<\/p>\n<p><strong>\u00c8 compito di ogni cittadino italiano<\/strong>\u00a0residente nella Circoscrizione consolare, iscritto nell\u2019Anagrafe degli Italiani Residenti all\u2019Estero (AIRE) del proprio Comune di riferimento &#8211; al pari dei cittadini italiani residenti nel territorio nazionale -,\u00a0<strong>comunicare al Consolato<\/strong>\u00a0di appartenenza\u00a0<strong>ogni aggiornamento della sua situazione dello stato civile e della residenza<\/strong>, inclusa quella dei componenti del proprio nucleo\u00a0 familiare (ad esempio: nascite, matrimoni, cambi di residenza, separazioni, divorzi, decessi, ecc.)<\/p>\n<p>&nbsp;<\/p>\n<ul>\n<li style=\"list-style-type: none;\">\n<ul>\n<li><a href=\"https:\/\/ambmanagua.esteri.it\/it\/servizi-consolari-e-visti\/servizi-per-il-cittadino-italiano\/passaporti-e-carte-didentita\/\"><strong>Istruzioni per la richiesta dei libretti di passaporto<\/strong><\/a><\/li>\n<li><a href=\"https:\/\/ambmanagua.esteri.it\/wp-content\/uploads\/2023\/09\/medico_di_fiducia_dellambasciata_italiano.pdf\"><strong>Medico d<\/strong><strong>i<\/strong><strong> riferimento<\/strong><\/a><\/li>\n<li><a href=\"https:\/\/ambmanagua.esteri.it\/wp-content\/uploads\/2026\/02\/Elenco-Traduttori-ITA-diviso-per-citta.pdf\"><strong>Lista traduttori di riferimento<\/strong><\/a><\/li>\n<li><a href=\"https:\/\/ambmanagua.esteri.it\/wp-content\/uploads\/2024\/11\/LISTA-DEGLI-AVVOCATI-DI-RIFERIMENTO-01.11.24.pdf\"><strong>Lista avvocati di riferimento<\/strong><\/a><\/li>\n<li><a href=\"https:\/\/ambmanagua.esteri.it\/wp-content\/uploads\/2026\/03\/Tabella-Percezioni-Consolari-II-Trim.-2026.pdf\"><strong>Tabella diritti consolari<\/strong>\u00a0<strong>(valida dal 01\/04\/2026 al 30\/06\/2026)<\/strong><\/a><\/li>\n<li><a href=\"https:\/\/ambmanagua.esteri.it\/it\/servizi-consolari-e-visti\/servizi-per-il-cittadino-italiano\/modulistica\/\"><strong>Modulistica<\/strong><\/a><\/li>\n<\/ul>\n<\/li>\n<\/ul>\n<p>&nbsp;<\/p>\n","protected":false},"excerpt":{"rendered":"Gli orari di apertura al pubblico della Sezione Consolare sono: luned\u00ec, marted\u00ec, gioved\u00ec e venerd\u00ec dalle 09:00 alle 12:30; &nbsp; Per tutti i Servizi Consolari sar\u00e0 necessario registrarsi sul Portale &#8220;Prenot@Mi&#8221; e fissare un appuntamento: Per informazioni riguardanti i requisiti sono disponibili i seguenti contatti: (+505) 2266 6486 \u2013 (+505) 2266 2918 consolato.managua@esteri.it cons.managua@cert.esteri.it (indirizzo [&hellip;]","protected":false},"author":1,"featured_media":0,"parent":0,"menu_order":6,"comment_status":"closed","ping_status":"closed","template":"","meta":{"footnotes":""},"class_list":["post-15","page","type-page","status-publish","hentry"],"_links":{"self":[{"href":"https:\/\/ambmanagua.esteri.it\/it\/wp-json\/wp\/v2\/pages\/15","targetHints":{"allow":["GET"]}}],"collection":[{"href":"https:\/\/ambmanagua.esteri.it\/it\/wp-json\/wp\/v2\/pages"}],"about":[{"href":"https:\/\/ambmanagua.esteri.it\/it\/wp-json\/wp\/v2\/types\/page"}],"author":[{"embeddable":true,"href":"https:\/\/ambmanagua.esteri.it\/it\/wp-json\/wp\/v2\/users\/1"}],"replies":[{"embeddable":true,"href":"https:\/\/ambmanagua.esteri.it\/it\/wp-json\/wp\/v2\/comments?post=15"}],"version-history":[{"count":6,"href":"https:\/\/ambmanagua.esteri.it\/it\/wp-json\/wp\/v2\/pages\/15\/revisions"}],"predecessor-version":[{"id":3544,"href":"https:\/\/ambmanagua.esteri.it\/it\/wp-json\/wp\/v2\/pages\/15\/revisions\/3544"}],"wp:attachment":[{"href":"https:\/\/ambmanagua.esteri.it\/it\/wp-json\/wp\/v2\/media?parent=15"}],"curies":[{"name":"wp","href":"https:\/\/api.w.org\/{rel}","templated":true}]}}