{"id":333,"date":"2023-09-06T17:33:56","date_gmt":"2023-09-06T15:33:56","guid":{"rendered":"https:\/\/ambmanagua.esteri.it\/?page_id=333"},"modified":"2023-09-06T17:43:42","modified_gmt":"2023-09-06T15:43:42","slug":"prenotmi","status":"publish","type":"page","link":"https:\/\/ambmanagua.esteri.it\/it\/servizi-consolari-e-visti\/servizi-per-il-cittadino-italiano\/prenotmi\/","title":{"rendered":"Prenot@Mi"},"content":{"rendered":"<p><a href=\"https:\/\/prenotami.esteri.it\/\"><img loading=\"lazy\" decoding=\"async\" class=\"aligncenter\" src=\"https:\/\/ambmanagua.esteri.it\/ambasciata_managua\/resource\/img\/2023\/02\/prenotami.jpg\" alt=\"prenotami\" width=\"325\" height=\"130\" \/><\/a><\/p>\n<p style=\"text-align: justify;\">Si informano i connazionali e la gentile utenza che dalla data del 1 marzo 2023 sar\u00e0 attivo anche per questa Ambasciata il servizio del Ministero degli Esteri Prenot@mi, disponibile all\u2019indirizzo\u00a0<a href=\"https:\/\/prenotami.esteri.it\/\">https:\/\/prenotami.esteri.it<\/a>, per gestire gli appuntamenti Consolari in materia di stato civile, cittadinanze, passaporti e visti.<\/p>\n<p style=\"text-align: justify;\">A partire da questa data non sar\u00e0 pi\u00f9 possibile, se non per casi di comprovata urgenza\/emergenza accedere all\u2019Ufficio Consolare senza la prenotazione.<\/p>\n<p style=\"text-align: justify;\">Il sito dove registrarsi \u00e8 il seguente:\u00a0<a href=\"https:\/\/prenotami.esteri.it\/\">https:\/\/prenotami.esteri.it<\/a>\u00a0e risponde all\u2019esigenza di migliorare i rapporti con tutti gli utenti ed eliminare i tempi di attesa.<\/p>\n<p style=\"text-align: justify;\"><strong>SISTEMA Prenot@mi<\/strong><\/p>\n<p style=\"text-align: justify;\">Il sistema per la prenotazione di appuntamenti\u00a0<strong>Prenot@mi<\/strong>\u00a0\u00e8 uno strumento ideato dal Ministero Affari Esteri e per la Cooperazione Internazionale italiano finalizzato alla gestione, ordinata e trasparente, degli appuntamenti per gli Uffici Consolari. Il numero di appuntamenti messi a disposizione dell&#8217;utenza dipende dalle risorse dell&#8217;Ufficio Consolare, dal numero delle pratiche presentate e dal tempo richiesto per la trattazione.<\/p>\n<p style=\"text-align: justify;\">Il periodo di concessione degli appuntamenti dipende dal tipo di servizio che si intende richiedere. Il sistema\u00a0<strong>Prenot@mi<\/strong>\u00a0\u00e8 programmato per abilitare nuovi appuntamenti ogni giorno.<\/p>\n<p style=\"text-align: justify;\"><strong>Il sistema\u00a0Prenot@mi\u00a0prevede che l\u2019appuntamento venga confermato obbligatoriamente tra il 10\u00b0 e il 3\u00b0 giorno prima della data prenotata.<\/strong><\/p>\n<p style=\"text-align: justify;\">Tale conferma deve essere effettuata dall&#8217;interessato direttamente sul sistema. Se l&#8217;utente non pu\u00f2 presentarsi all\u2019appuntamento non dovr\u00e0 richiederne l\u2019annullamento, ma baster\u00e0 semplicemente non confermare la propria presenza. Gli appuntamenti non confermati entro le date previste verranno automaticamente annullati dal sistema e saranno messi a disposizione di altri utenti affinch\u00e8 essi ne possano usufruire.<\/p>\n<p style=\"text-align: justify;\">Gli appuntamenti devono essere prenotati direttamente dall&#8217;interessato. L\u2019Ambasciata non ha autorizzato alcun intermediario per la prenotazione degli appuntamenti consolari.<\/p>\n<p style=\"text-align: justify;\"><strong>Appuntamenti per PASSAPORTI per figli minorenni.<\/strong><\/p>\n<p style=\"text-align: justify;\">Se si desidera richiedere soltanto il passaporto per il figlio minorenne, la prenotazione dovr\u00e0 essere effettuata dal genitore cittadino italiano, a suo nome, e non si dovranno aggiungere altri turni. Non \u00e8 necessario creare ulteriori utenze a nome di ogni figlio minorenne. In questo caso si dovr\u00e0 prenotare un unico appuntamento anche se avranno accesso agli Ufficio tre persone (padre, madre e figlio).<\/p>\n<p style=\"text-align: justify;\"><strong>Durante l\u2019appuntamento<\/strong><\/p>\n<p style=\"text-align: justify;\">Il sistema\u00a0<strong>Prenot@mi<\/strong>\u00a0assegna uno specifico orario per ogni appuntamento ed il funzionario ricever\u00e0 le pratiche basandosi su tale orario. Si consiglia di arrivare in Consolato con 15 minuti di anticipo rispetto all\u2019orario prestabilito e fare attenzione al momento in cui verr\u00e0 chiamato, altrimenti si rischier\u00e0 di perdere il turno e ne dovr\u00e0 prenotare uno nuovo. Non \u00e8 necessario arrivare con largo anticipo.<\/p>\n<p style=\"text-align: justify;\">A causa delle limitazioni di spazio nella sala d\u2019attesa Consolare si prega di presentarsi senza altri accompagnatori. Potranno accedere altre persone soltanto nei seguenti casi:<\/p>\n<ul style=\"text-align: justify;\">\n<li>cittadini con figli minorenni che richiedano il proprio passaporto, i quali dovranno presentarsi con il coniuge o padre\/madre dei figli minori;<\/li>\n<li>minorenni(dai 12 ai 17 anni) che facciano richiesta di passaporto, i quali dovranno accedere insieme ai propri genitori;<\/li>\n<li>le persone con problemi di mobilit\u00e0, che potranno accedere con un familiare.<\/li>\n<\/ul>\n<p style=\"text-align: justify;\">NON \u00e8 richiesta la presenza di bambini al di sotto dei 12 anni per alcun tipo di pratica.<\/p>\n<p style=\"text-align: justify;\"><a href=\"https:\/\/ambmanagua.esteri.it\/ambasciata_managua\/resource\/doc\/2023\/05\/prenotmi_istruzioni_per_il_cittadino.pdf\"><strong>Premi qui per visualizzare la guida alla registrazione sulla piattaforma &#8220;Prenot@mi&#8221;.<\/strong><\/a><\/p>\n","protected":false},"excerpt":{"rendered":"Si informano i connazionali e la gentile utenza che dalla data del 1 marzo 2023 sar\u00e0 attivo anche per questa Ambasciata il servizio del Ministero degli Esteri Prenot@mi, disponibile all\u2019indirizzo\u00a0https:\/\/prenotami.esteri.it, per gestire gli appuntamenti Consolari in materia di stato civile, cittadinanze, passaporti e visti. A partire da questa data non sar\u00e0 pi\u00f9 possibile, se non [&hellip;]","protected":false},"author":5,"featured_media":0,"parent":47,"menu_order":0,"comment_status":"closed","ping_status":"closed","template":"","meta":{"footnotes":""},"class_list":["post-333","page","type-page","status-publish","hentry"],"_links":{"self":[{"href":"https:\/\/ambmanagua.esteri.it\/it\/wp-json\/wp\/v2\/pages\/333","targetHints":{"allow":["GET"]}}],"collection":[{"href":"https:\/\/ambmanagua.esteri.it\/it\/wp-json\/wp\/v2\/pages"}],"about":[{"href":"https:\/\/ambmanagua.esteri.it\/it\/wp-json\/wp\/v2\/types\/page"}],"author":[{"embeddable":true,"href":"https:\/\/ambmanagua.esteri.it\/it\/wp-json\/wp\/v2\/users\/5"}],"replies":[{"embeddable":true,"href":"https:\/\/ambmanagua.esteri.it\/it\/wp-json\/wp\/v2\/comments?post=333"}],"version-history":[{"count":4,"href":"https:\/\/ambmanagua.esteri.it\/it\/wp-json\/wp\/v2\/pages\/333\/revisions"}],"predecessor-version":[{"id":337,"href":"https:\/\/ambmanagua.esteri.it\/it\/wp-json\/wp\/v2\/pages\/333\/revisions\/337"}],"up":[{"embeddable":true,"href":"https:\/\/ambmanagua.esteri.it\/it\/wp-json\/wp\/v2\/pages\/47"}],"wp:attachment":[{"href":"https:\/\/ambmanagua.esteri.it\/it\/wp-json\/wp\/v2\/media?parent=333"}],"curies":[{"name":"wp","href":"https:\/\/api.w.org\/{rel}","templated":true}]}}