{"id":3512,"date":"2026-03-26T10:18:03","date_gmt":"2026-03-26T16:18:03","guid":{"rendered":"https:\/\/ambmanagua.esteri.it\/?page_id=3512"},"modified":"2026-03-26T10:21:28","modified_gmt":"2026-03-26T16:21:28","slug":"comunicare-la-variazione-della-propria-residenza","status":"publish","type":"page","link":"https:\/\/ambmanagua.esteri.it\/it\/servizi-consolari-e-visti\/servizi-per-il-cittadino-italiano\/anagrafe-degli-italiani-residenti-allestero-aire\/comunicare-la-variazione-della-propria-residenza\/","title":{"rendered":"Comunicare la variazione della propria residenza"},"content":{"rendered":"<p>I cittadini italiani devono tenere aggiornati i propri dati anagrafici in AIRE. Questo comporta comunicare all\u2019ufficio consolare competente qualsiasi variazione di residenza all\u2019estero. Tale comunicazione pu\u00f2 essere effettuata tramite il portale\u00a0<a href=\"https:\/\/serviziconsolari.esteri.it\">Fast It<\/a>:<\/p>\n<p>Prima di iniziare la procedura online, \u00e8 consigliabile leggere attentamente le istruzioni e avere a portata di mano i seguenti documenti.<\/p>\n<p><strong>ALLEGATO 1<\/strong><\/p>\n<p>Modulo debitamente compilato e sottoscritto dal richiedente.<\/p>\n<p>(Generato on-line dalla piattaforma durante la procedura. Da scaricare, stampare, firmare e scansionare).<\/p>\n<p><strong>ALLEGATO 2<\/strong><\/p>\n<p>Fotocopia del documento d\u2019identit\u00e0 italiano (carta d&#8217;identit\u00e0 o passaporto, se si possiedono) e nicaraguense (c\u00e9dula nicarag\u00fcense) del richiedente con indirizzo aggiornato nonch\u00e9 i documenti d\u2019identit\u00e0 di tutti i membri della famiglia convivente con il dichiarante.<\/p>\n<p><strong>ALLEGATO 3<\/strong><\/p>\n<p>Prova di residenza\u00a0recente (non pi\u00f9 di 3 mesi) a nome del richiedente. Vedere apposita <a href=\"https:\/\/ambmanagua.esteri.it\/es\/servizi-consolari-e-visti\/servizi-per-il-cittadino-italiano\/anagrafe-degli-italiani-residenti-allestero-aire\/comprobantes-de-residencia-para-la-inscripcion-variacion-aire\/\"><u>sezione<\/u><\/a>.<\/p>\n","protected":false},"excerpt":{"rendered":"I cittadini italiani devono tenere aggiornati i propri dati anagrafici in AIRE. Questo comporta comunicare all\u2019ufficio consolare competente qualsiasi variazione di residenza all\u2019estero. Tale comunicazione pu\u00f2 essere effettuata tramite il portale\u00a0Fast It: Prima di iniziare la procedura online, \u00e8 consigliabile leggere attentamente le istruzioni e avere a portata di mano i seguenti documenti. ALLEGATO 1 [&hellip;]","protected":false},"author":5,"featured_media":0,"parent":338,"menu_order":0,"comment_status":"closed","ping_status":"closed","template":"","meta":{"footnotes":""},"class_list":["post-3512","page","type-page","status-publish","hentry"],"_links":{"self":[{"href":"https:\/\/ambmanagua.esteri.it\/it\/wp-json\/wp\/v2\/pages\/3512","targetHints":{"allow":["GET"]}}],"collection":[{"href":"https:\/\/ambmanagua.esteri.it\/it\/wp-json\/wp\/v2\/pages"}],"about":[{"href":"https:\/\/ambmanagua.esteri.it\/it\/wp-json\/wp\/v2\/types\/page"}],"author":[{"embeddable":true,"href":"https:\/\/ambmanagua.esteri.it\/it\/wp-json\/wp\/v2\/users\/5"}],"replies":[{"embeddable":true,"href":"https:\/\/ambmanagua.esteri.it\/it\/wp-json\/wp\/v2\/comments?post=3512"}],"version-history":[{"count":2,"href":"https:\/\/ambmanagua.esteri.it\/it\/wp-json\/wp\/v2\/pages\/3512\/revisions"}],"predecessor-version":[{"id":3539,"href":"https:\/\/ambmanagua.esteri.it\/it\/wp-json\/wp\/v2\/pages\/3512\/revisions\/3539"}],"up":[{"embeddable":true,"href":"https:\/\/ambmanagua.esteri.it\/it\/wp-json\/wp\/v2\/pages\/338"}],"wp:attachment":[{"href":"https:\/\/ambmanagua.esteri.it\/it\/wp-json\/wp\/v2\/media?parent=3512"}],"curies":[{"name":"wp","href":"https:\/\/api.w.org\/{rel}","templated":true}]}}