{"id":429,"date":"2023-09-29T18:28:30","date_gmt":"2023-09-29T16:28:30","guid":{"rendered":"https:\/\/ambmanagua.esteri.it\/?page_id=429"},"modified":"2025-07-09T14:07:24","modified_gmt":"2025-07-09T20:07:24","slug":"cittadinanza-per-naturalizzazione-iure-matrimonii","status":"publish","type":"page","link":"https:\/\/ambmanagua.esteri.it\/it\/servizi-consolari-e-visti\/servizi-per-il-cittadino-straniero\/cittadinanza\/cittadinanza-per-naturalizzazione-iure-matrimonii\/","title":{"rendered":"Cittadinanza per naturalizzazione (iure matrimonii)"},"content":{"rendered":"<p>Il coniuge straniero di un cittadino italiano pu\u00f2 presentare istanza di acquisto di cittadinanza italiana, se risiede all\u2019estero, dopo\u00a0<strong>tre anni dal matrimonio<\/strong>. E\u2019 indispensabile che il matrimonio sia gi\u00e0 trascritto presso il Comune italiano di residenza. Questo periodo\u00a0<strong>si dimezza <\/strong>in presenza di figli minori (ai sensi degli art. 5 e 7 \u2013 Legge n. 91 del 5 febbraio 1992 e Legge n.94 del 15.7.2009).<\/p>\n<p>A norma del D.L. n. 113\/2018, il termine di definizione del procedimento da parte del Ministero dell\u2019Interno \u00e8 di 48 mesi (4 anni) dalla data di presentazione della domanda.<\/p>\n<p><u>Requisiti richiesti<\/u>:<br \/>\n\u2013 Il coniuge italiano deve essere regolarmente iscritto all\u2019Aire e nello Schedario consolare di questa Sede;<br \/>\n\u2013 La coppia deve essere residente in Nicaragua;<br \/>\n\u2013 Il matrimonio deve essere gi\u00e0 registrato presso il Comune italiano di riferimento;<br \/>\n\u2013 Il vincolo matrimoniale deve essere ancora sussistente (cio\u00e8 non deve essere intervenuta la morte di alcuno dei coniugi, n\u00e9 lo scioglimento, l\u2019annullamento o la cessazione degli effetti civili del matrimonio e non deve sussistere separazione personale tra i coniugi).<\/p>\n<p>&nbsp;<\/p>\n<p><strong>INOLTRO TELEMATICO DELLE DOMANDE<\/strong><\/p>\n<p>La domanda di cittadinanza italiana per matrimonio si presenta esclusivamente OnLine sul portale cittadinanza del Ministero dell\u2019Interno: https:\/\/portaleservizi.dlci.interno.it\/AliCittadinanza\/ali\/home.html<\/p>\n<p><u>Attenzione:<\/u>\u00a0Per poter correttamente inserire la domanda on line \u00e8 necessario che l\u2019atto di nascita ed il certificato penale siano stati preventivamente vidimati dal competente Ufficio consolare. A tal fine occorre presentare i documenti in originale presso questo Ufficio Consolare negli orari di attenzione al pubblico.<\/p>\n<p>&nbsp;<\/p>\n<p><strong>COSA DEVE FARE IL RICHIEDENTE<\/strong><\/p>\n<p>L\u2019utente dovr\u00e0 premunirsi della seguente documentazione:<\/p>\n<p>1)\u00a0<strong>ESTRATTO PER RIASSUNTO DELL\u2019ATTO DI MATRIMONIO<\/strong>\u00a0che deve essere rilasciato dal Comune italiano ove \u00e8 iscritto il cittadino italiano o dal Comune italiano ove \u00e8 stato celebrato il matrimonio ( non si accetta il certificato rilasciato il giorno della celebrazione). Tutti i matrimoni, anche quelli celebrati all\u2019estero, devono essere registrati presso un Comune Italiano.<\/p>\n<p>2)\u00a0<strong>ATTO DI NASCITA IN ORIGINALE<\/strong> (\u201ccopia fiel del libro\u201d), con Apostille, tradotto in italiano e legalizzato da questo Ufficio consolare. Tutti gli atti di nascita stranieri (cio\u00e8 non emessi dal Nicaragua) dovranno riportare \u201cL\u2019Apostille\u201d apposta dall\u2019Autorit\u00e0 straniera competente nei Paesi aderenti alla Convenzione dell\u2019Aja del 5.10.1961. Gli atti dovranno essere tradotti in lingua italiana e dovranno essere legalizzati dalla Rappresentanza diplomatico\/consolare italiana del Paese di emissione.<\/p>\n<p>3)\u00a0<strong>CERTIFICATO DEI PRECEDENTI PENALI<\/strong><\/p>\n<p>Certificato Penale del Paese di origine, degli eventuali altri Paesi in cui il richiedente \u00e8 stato residente per almeno 6 mesi a partire dai 14 anni d\u2019et\u00e0 \u2013 ad esclusione dell\u2019Italia -, e dei Paesi di cui si possiede la cittadinanza.<\/p>\n<p>Ogni certificato penale deve essere in originale, legalizzato\/apostillato secondo le regole del Paese in cui \u00e8 rilasciato e tradotto in lingua italiana. La traduzione in italiano deve essere certificata dall\u2019Ambasciata\/Consolato competente o legalizzata con Apostille.<\/p>\n<p>La validit\u00e0 dei certificati penali \u00e8 di 6 mesi.<\/p>\n<p>Il richiedente \u00e8 esonerato dal presentare il certificato penale del Paese di origine solo se lo ha lasciato prima del compimento dei 14 anni e non ne ha conservato la cittadinanza.<\/p>\n<p>In Nicaragua il certificato penale corrisponde alla <u>\u201cCostancia de Antecedentes penales federales\u201d<\/u>. L\u2019attuale procedura per ottenere la \u201cCostancia de Antecedentes penales federales\u201d non prevede che sia necessaria una lettera di supporto dell\u2019Ambasciata. Le informazioni per ottenere il certificato si trovano sulla pagina dedicata dell\u2019\u00d3rgano Administrativo Desconcentrado Prevenci\u00f3n y Readaptaci\u00f3n Social.<\/p>\n<p>Attenzione: per poter ottenere l\u2019apostilla \u00e8 necessario stampare il certificato a colori.<\/p>\n<p>4)\u00a0<strong>REQUISITI LINGUISTICI<\/strong>: L\u2019accertamento di detto requisito va effettuato attraverso l\u2019acquisizione di:<\/p>\n<ol>\n<li>a) Un titolo di studio rilasciato da un istituto di istruzione italiano o paritario; ovvero<\/li>\n<li>b) Una certificazione di livello non inferiore a B1 rilasciata da un ente certificatore riconosciuto dal Ministero dell\u2019Istruzione, dell\u2019Universit\u00e0 e della Ricerca e\/o dal Ministero degli Affari Esteri e della Cooperazione Internazionale. Sono considerati enti certificatori appartenenti al sistema di certificazione unificato CLIQ (Certificazione Lingua Italiana di Qualita\u2019): l\u2019Universit\u00e0 per stranieri di Siena, l\u2019Universit\u00e0 per stranieri di Perugia o l\u2019Universit\u00e0 Roma Tre; la Societ\u00e0 Dante Alighieri<\/li>\n<\/ol>\n<p>5)\u00a0<strong>RICEVUTA DI VERSAMENTO di 250 Euro<\/strong>\u00a0sul conto corrente del Ministero dell\u2019Interno. Il versamento deve essere effettuato mediante bonifico estero o tramite il circuito Eurogiro (in Europa) sul conto corrente postale intestato a:<br \/>\nMINISTERO DELL\u2019INTERNO D.L.C.I. \u2013 CITTADINANZA<br \/>\ncodice IBAN: IT54D0760103200000000809020<br \/>\ncodice BIC\/SWIFT delle Poste Italiane per bonifico estero: BPPIITRRXXX<br \/>\ncodice BIC\/SWIFT per operazioni Eurogiro: PIBPITRA<br \/>\nN. conto: 809020<br \/>\nIndirizzo: Ministero dell\u2019Interno, Piazza del Viminale 1, Roma (Italia)<\/p>\n<p>Nella causale del bonifico bancario indicare \u201cnome e cognome \u2013 Richiesta cittadinanza per matrimonio\u201d.<\/p>\n<p>6)\u00a0<strong>RICEVUTA DI PAGAMENTO di 16 Euro<\/strong>\u00a0(marca da bollo) sul conto della Banca d\u2019Italia intestato a:<\/p>\n<p>BANCA D\u2019ITALIA<\/p>\n<p>codice IBAN: IT07Y0100003245348008120501<\/p>\n<p>codice SWIFT: BITAITRRENT<\/p>\n<p>Indirizzo: Via Nazionale 91, Roma (Italia)<\/p>\n<p>La ricevuta di pagamento deve essere scansionata e caricata sul portale insieme alla ricevuta del pagamento dei 250 euro con un unico file PDF (in cui siano presenti entrambe le ricevute).<\/p>\n<p>Nella causale del bonifico bancario indicare \u201cnome e cognome \u2013 Richiesta cittadinanza per matrimonio\u201d.<\/p>\n<p>7)\u00a0<strong>DOCUMENTO DI RICONOSCIMENTO<\/strong><br \/>\n(passaporto e\/o documento migratorio messicano FM, in corso di validit\u00e0 che attesti la residenza nella circoscrizione consolare di Messico).<\/p>\n<p><strong>QUANDO TUTTI I DOCUMENTI SONO DISPONIBILI:<\/strong><\/p>\n<ol>\n<li>a) Accedere al sito del Ministero dell\u2019Interno https:\/\/cittadinanza.dlci.interno.it e registrarsi. LA REGISTRAZIONE E\u2019 GRATUITA<br \/>\nb) Dopo aver effettuato e confermato la registrazione saranno inviate alla mail utilizzata per la registrazioni le credenziali di accesso al portale<br \/>\nc) Accedere al portale con la mail e la password fornite durante la procedura di registrazione<br \/>\nd) Cliccare \u201ccittadinanza\u201d e \u201cgestione domanda\u201d<br \/>\ne) Scegliere Modello AE \u2013 cittadini stranieri residenti all\u2019estero \u2013 Art. 5 \u2013 richiesta per matrimonio con cittadino italiano<br \/>\nf) Compilare tutti i campi previsti dal modulo selezionato [Nel modulo di registrazione vanno inseriti Cognome \u2013 Nome \u2013 Data di nascita presenti sull\u2019atto di nascita. Per le donne, non vanno inseriti i cognomi da sposata ma quelli da nubile. In caso di errato inserimento dei dati anagrafici sar\u00e0 necessario procedere alla cancellazione della registrazione al portale, dopo aver effettuato l\u2019accesso, utilizzando la funzione del menu \u201cCancella la registrazione al portale\u201d ed effettuare successivamente una nuova registrazione.]<\/li>\n<li>g) Scansionare e caricare i seguenti documenti obbligatori:<\/li>\n<\/ol>\n<p>1) Estratto per riassunto dell\u2019atto di matrimonio<\/p>\n<p>2) atto di nascita con apostilla e traduzione con legalizzazione;<\/p>\n<p>3) Certificato\/i penale con apostilla e traduzione con legalizzazione;<\/p>\n<p>4) ricevuta di versamento;<\/p>\n<p>5) copia conforme autenticata di un documento di identit\u00e0;<\/p>\n<p>6) copia conforme autenticata del titolo di studio rilasciato da un istituto di istruzione italiano o paritario, ovvero copia conforme autenticata della certificazione di livello non inferiore a B1 rilasciata da un ente certificatore riconosciuto dal Ministero dell\u2019Istruzione, dell\u2019Universit\u00e0 e della Ricerca e\/o dal Ministero degli Affari Esteri e della Cooperazione Internazionale;<\/p>\n<p>Una volta inviata la domanda verranno generati due documenti:<br \/>\no un documento riepilogativo della domanda<br \/>\no una ricevuta d\u2019invio con un numero identificativo.<br \/>\nLa domanda potr\u00e0 essere:<br \/>\n1) Rifiutata<br \/>\n2) Accettata.<\/p>\n<p>L\u2019interessato sar\u00e0 avvisato tramite mail dell\u2019accoglimento o meno dell\u2019istanza.<\/p>\n<p>Il richiedente verr\u00e0 quindi convocato, tramite mail, presso l&#8217;ufficio consolare per presentare la domanda cartacea ed i documenti in originale, che verranno trattenuti dall\u2019Ufficio.<\/p>\n<p>Oltre ai documenti originali gi\u00e0 inseriti nella domanda OnLine, gli interessati dovranno consegnare:<br \/>\n\u2013 fotocopia del passaporto e\/o IFE e fotocopia di una utenza (es. telefonica), per i cittadini non nicaraguensi fotocopia del FM. I documenti di riconoscimento devono riportare lo stesso nome e cognome che appare sull\u2019atto di nascita dell\u2019interessato\/a.<br \/>\n\u2013 Pagamento della somma di 14 Euro (da pagare dollari degli Stati Uniti D&#8217;America al tasso di ragguaglio ufficiale) per l\u2019autentica della firma da apporre sulla domanda alla presenza del funzionario incaricato (il modulo verr\u00e0 fornito dall\u2019Ufficio il giorno dell\u2019appuntamento).<\/p>\n<p>Successivamente alla presentazione della documentazione in originale presso l\u2019Ufficio Cittadinanza la pratica sar\u00e0 di esclusiva competenza del Ministero dell\u2019Interno.<\/p>\n<p>L\u2019interessato potr\u00e0 verificare personalmente lo stato della pratica inserendo nel sito del Ministero dell\u2019Interno il numero di pratica e le informazioni richieste dal sistema.<\/p>\n<p>Attenzione: tutte le comunicazioni relative al procedimento verranno inviate tramite l\u2019indirizzo di posta elettronica utilizzato per la registrazione. Si raccomanda pertanto di non modificarlo e di controllarlo periodicamente.<\/p>\n<p>&nbsp;<\/p>\n<p><strong>NATURALIZZAZIONE PER MATRIMONIO<\/strong>\u00a0(Legge 555\/1912)<\/p>\n<p>Le donne straniere sposate con un cittadino italiano prima del 27 aprile 1983 hanno acquistato automaticamente la cittadinanza italiana, se il marito era cittadino italiano nel momento del matrimonio o comunque se il marito ha acquistato o riacquistato la cittadinanza italiana prima del 27 aprile 1983. La pratica per il riconoscimento della cittadinanza per matrimonio pu\u00f2 essere svolta in qualsiasi momento, anche dopo l\u2019eventuale scioglimento del matrimonio (per divorzio o morte del coniuge), sempre che lo scioglimento del matrimonio sia avvenuto non prima del 27 aprile 1983.<\/p>\n<p>Lo scioglimento del matrimonio (per divorzio o morte del coniuge) avvenuto a partire dal 27 aprile 1983 non comporta la perdita della cittadinanza acquisita per matrimonio. Se lo scioglimento del vincolo \u00e8 avvenuto prima del 27 aprile 1983, invece, la donna ha perso la cittadinanza italiana acquisita per matrimonio se risiedeva all\u2019estero e ha riacquistato o mantenuto la cittadinanza straniera di origine.<\/p>\n","protected":false},"excerpt":{"rendered":"Il coniuge straniero di un cittadino italiano pu\u00f2 presentare istanza di acquisto di cittadinanza italiana, se risiede all\u2019estero, dopo\u00a0tre anni dal matrimonio. E\u2019 indispensabile che il matrimonio sia gi\u00e0 trascritto presso il Comune italiano di residenza. Questo periodo\u00a0si dimezza in presenza di figli minori (ai sensi degli art. 5 e 7 \u2013 Legge n. 91 [&hellip;]","protected":false},"author":5,"featured_media":0,"parent":90,"menu_order":0,"comment_status":"closed","ping_status":"closed","template":"","meta":{"footnotes":""},"class_list":["post-429","page","type-page","status-publish","hentry"],"_links":{"self":[{"href":"https:\/\/ambmanagua.esteri.it\/it\/wp-json\/wp\/v2\/pages\/429","targetHints":{"allow":["GET"]}}],"collection":[{"href":"https:\/\/ambmanagua.esteri.it\/it\/wp-json\/wp\/v2\/pages"}],"about":[{"href":"https:\/\/ambmanagua.esteri.it\/it\/wp-json\/wp\/v2\/types\/page"}],"author":[{"embeddable":true,"href":"https:\/\/ambmanagua.esteri.it\/it\/wp-json\/wp\/v2\/users\/5"}],"replies":[{"embeddable":true,"href":"https:\/\/ambmanagua.esteri.it\/it\/wp-json\/wp\/v2\/comments?post=429"}],"version-history":[{"count":3,"href":"https:\/\/ambmanagua.esteri.it\/it\/wp-json\/wp\/v2\/pages\/429\/revisions"}],"predecessor-version":[{"id":438,"href":"https:\/\/ambmanagua.esteri.it\/it\/wp-json\/wp\/v2\/pages\/429\/revisions\/438"}],"up":[{"embeddable":true,"href":"https:\/\/ambmanagua.esteri.it\/it\/wp-json\/wp\/v2\/pages\/90"}],"wp:attachment":[{"href":"https:\/\/ambmanagua.esteri.it\/it\/wp-json\/wp\/v2\/media?parent=429"}],"curies":[{"name":"wp","href":"https:\/\/api.w.org\/{rel}","templated":true}]}}