{"id":67,"date":"2023-04-11T18:17:44","date_gmt":"2023-04-11T16:17:44","guid":{"rendered":"https:\/\/ambasciatapraga.esteri.it\/?page_id=67"},"modified":"2026-01-09T11:46:31","modified_gmt":"2026-01-09T17:46:31","slug":"emergency-travel-documents-etd","status":"publish","type":"page","link":"https:\/\/ambmanagua.esteri.it\/it\/servizi-consolari-e-visti\/servizi-per-il-cittadino-italiano\/emergency-travel-documents-etd\/","title":{"rendered":"Emergency Travel Document (ETD)"},"content":{"rendered":"<p style=\"text-align: justify;\"><strong>ETD (Emergency Travel Document)<\/strong><\/p>\n<p style=\"text-align: justify;\">Se non \u00e8 residente in Nicaragua e ha smarrito il passaporto oppure \u00e8 stato rubato, prima di tutto bisogna verificare se \u00e8 stato ritrovato e consegnato all\u2019Ambasciata.<\/p>\n<p style=\"text-align: justify;\">Se ha verificato con l\u2019Ambasciata che il suo passaporto non \u00e8 stato ritrovato dalle Autorit\u00e0 nicaraguensi e consegnato presso questi uffici, si pu\u00f2 chiedere un appuntamento per il rilascio di un ETD (Emergency Travel Document): un documento di viaggio provvisorio valido per fare rientro in Italia o nello Stato Membro UE in cui si risiede, inviando una email a <a href=\"mailto:consolato.managua@esteri.it\">consolato.managua@esteri.it<\/a>.<\/p>\n<p style=\"text-align: justify;\">Documenti da portare in Ambasciata:<\/p>\n<ul style=\"text-align: justify;\">\n<li>Denuncia di furto\/smarrimento del passaporto effettuato presso la locale Autorit\u00e0 di Polizia;<\/li>\n<li>N. 1 fotografia recente. frontale a colori su sfondo bianco (3.5\u00d74.5 cm);<\/li>\n<li>Biglietto aereo per il ritorno in Italia (o nello Stato Membro UE di residenza);<\/li>\n<li>Copia del documento rubato\/smarrito, se disponibile;<\/li>\n<li>Laddove possibile, altri documenti comprovanti la sua identit\u00e0;<\/li>\n<li>Contanti per il pagamento (verificare la <a href=\"https:\/\/ambmanagua.esteri.it\/wp-content\/uploads\/2026\/01\/Tabella-Percezioni-Consolari-I-Trim.-2026.pdf\">tariffa consolare<\/a>).<\/li>\n<\/ul>\n<p style=\"text-align: justify;\">Attenzione l&#8217;ETD (Emergency Travel Document) <strong><span style=\"text-decoration: underline;\">non \u00e8<\/span><\/strong> valido negli Stati Uniti, pertanto non \u00e8 possibile richiedere il rilascio di un ETD per i voli che fanno scalo sul territorio statunitense.<\/p>\n","protected":false},"excerpt":{"rendered":"ETD (Emergency Travel Document) Se non \u00e8 residente in Nicaragua e ha smarrito il passaporto oppure \u00e8 stato rubato, prima di tutto bisogna verificare se \u00e8 stato ritrovato e consegnato all\u2019Ambasciata. Se ha verificato con l\u2019Ambasciata che il suo passaporto non \u00e8 stato ritrovato dalle Autorit\u00e0 nicaraguensi e consegnato presso questi uffici, si pu\u00f2 chiedere [&hellip;]","protected":false},"author":1,"featured_media":0,"parent":47,"menu_order":2,"comment_status":"closed","ping_status":"closed","template":"","meta":{"footnotes":""},"class_list":["post-67","page","type-page","status-publish","hentry"],"_links":{"self":[{"href":"https:\/\/ambmanagua.esteri.it\/it\/wp-json\/wp\/v2\/pages\/67","targetHints":{"allow":["GET"]}}],"collection":[{"href":"https:\/\/ambmanagua.esteri.it\/it\/wp-json\/wp\/v2\/pages"}],"about":[{"href":"https:\/\/ambmanagua.esteri.it\/it\/wp-json\/wp\/v2\/types\/page"}],"author":[{"embeddable":true,"href":"https:\/\/ambmanagua.esteri.it\/it\/wp-json\/wp\/v2\/users\/1"}],"replies":[{"embeddable":true,"href":"https:\/\/ambmanagua.esteri.it\/it\/wp-json\/wp\/v2\/comments?post=67"}],"version-history":[{"count":7,"href":"https:\/\/ambmanagua.esteri.it\/it\/wp-json\/wp\/v2\/pages\/67\/revisions"}],"predecessor-version":[{"id":3174,"href":"https:\/\/ambmanagua.esteri.it\/it\/wp-json\/wp\/v2\/pages\/67\/revisions\/3174"}],"up":[{"embeddable":true,"href":"https:\/\/ambmanagua.esteri.it\/it\/wp-json\/wp\/v2\/pages\/47"}],"wp:attachment":[{"href":"https:\/\/ambmanagua.esteri.it\/it\/wp-json\/wp\/v2\/media?parent=67"}],"curies":[{"name":"wp","href":"https:\/\/api.w.org\/{rel}","templated":true}]}}