{"id":74,"date":"2023-04-11T18:20:09","date_gmt":"2023-04-11T16:20:09","guid":{"rendered":"https:\/\/ambasciatapraga.esteri.it\/?page_id=74"},"modified":"2023-09-29T00:07:20","modified_gmt":"2023-09-28T22:07:20","slug":"autoveicoli-e-patenti-di-guida","status":"publish","type":"page","link":"https:\/\/ambmanagua.esteri.it\/it\/servizi-consolari-e-visti\/servizi-per-il-cittadino-italiano\/autoveicoli-e-patenti-di-guida\/","title":{"rendered":"Patenti di guida"},"content":{"rendered":"<p>Per guidare all\u2019estero i cittadini italiani sono soggetti a regole differenti a seconda che si rechino, per periodi di breve soggiorno o per stabilirvi la propria residenza, in:<\/p>\n<ul>\n<li><strong>Paesi appartenenti all\u2019Unione Europea o allo Spazio economico europeo (SEE);<\/strong><\/li>\n<li><strong>Paesi extra UE firmatari di accordi di reciprocit\u00e0 con l\u2019Italia in materia di conversione di patenti di guida;<\/strong><\/li>\n<li><strong>Paesi extra UE non firmatari di accordi di reciprocit\u00e0 con l\u2019Italia in materia di conversione di patenti di guida.<\/strong><\/li>\n<\/ul>\n<p><span style=\"text-decoration: underline;\"><strong>Il Nicaragua ricade nella categoria dei &#8220;Paesi non appartenenti all\u2019Unione Europea e non firmatari di accordi di reciprocit\u00e0 con l\u2019Italia in materia di conversione di patenti di guida&#8221;<\/strong><\/span><strong>.<\/strong><\/p>\n<p><strong>PAESI NON APPARTENENTI ALL\u2019UNIONE EUROPEA E NON FIRMATARI DI ACCORDI DI RECIPROCIT\u00c0 CON L\u2019ITALIA IN MATERIA DI CONVERSIONE DI PATENTI DI GUIDA.<\/strong><\/p>\n<p><strong>In questi Paesi non \u00e8 possibile n\u00e9 riconoscere n\u00e9 convertire la patente italiana di guida<\/strong>.<br \/>\n\u00c8 pertanto opportuno prendere debito e tempestivo contatto con questa Rappresentanza diplomatico-consolare per conoscere quali siano i documenti necessari e la normativa vigente in materia.<\/p>\n<p><strong>I titolari di patente italiana residenti o dimoranti per un periodo di almeno 6 mesi in Paesi extra UE possono ottenere presso le competenti Autorit\u00e0 diplomatico-consolari italiane la conferma della validit\u00e0 della loro patente italiana<\/strong>, scaduta da non pi\u00f9 di tre anni e non rientrante nei casi previsti all\u2019art. 119, commi 2-bis e 4 del Codice della Strada (patenti di conducenti affetti da diabete o la cui idoneit\u00e0 psicofisica deve essere certificata da apposite commissioni mediche). Gli interessati dovranno effettuare la prevista visita medica per l\u2019accertamento dei requisiti psichici e fisici, dopo di che la Rappresentanza diplomatico-consolare rilascer\u00e0 apposita attestazione di rinnovo.<br \/>\n<strong>Il rinnovo effettuato presso una Rappresentanza diplomatica o consolare \u00e8 valido per circolare sia in Italia che all\u2019estero.<br \/>\nUna volta riacquisita la residenza o la dimora in Italia, la patente di guida dovr\u00e0 essere confermata dal competente ufficio centrale del Dipartimento per i trasporti, la navigazione ed i sistemi informativi e statistici.<\/strong><\/p>\n","protected":false},"excerpt":{"rendered":"Per guidare all\u2019estero i cittadini italiani sono soggetti a regole differenti a seconda che si rechino, per periodi di breve soggiorno o per stabilirvi la propria residenza, in: Paesi appartenenti all\u2019Unione Europea o allo Spazio economico europeo (SEE); Paesi extra UE firmatari di accordi di reciprocit\u00e0 con l\u2019Italia in materia di conversione di patenti di [&hellip;]","protected":false},"author":1,"featured_media":0,"parent":47,"menu_order":16,"comment_status":"closed","ping_status":"closed","template":"","meta":{"footnotes":""},"class_list":["post-74","page","type-page","status-publish","hentry"],"_links":{"self":[{"href":"https:\/\/ambmanagua.esteri.it\/it\/wp-json\/wp\/v2\/pages\/74","targetHints":{"allow":["GET"]}}],"collection":[{"href":"https:\/\/ambmanagua.esteri.it\/it\/wp-json\/wp\/v2\/pages"}],"about":[{"href":"https:\/\/ambmanagua.esteri.it\/it\/wp-json\/wp\/v2\/types\/page"}],"author":[{"embeddable":true,"href":"https:\/\/ambmanagua.esteri.it\/it\/wp-json\/wp\/v2\/users\/1"}],"replies":[{"embeddable":true,"href":"https:\/\/ambmanagua.esteri.it\/it\/wp-json\/wp\/v2\/comments?post=74"}],"version-history":[{"count":4,"href":"https:\/\/ambmanagua.esteri.it\/it\/wp-json\/wp\/v2\/pages\/74\/revisions"}],"predecessor-version":[{"id":420,"href":"https:\/\/ambmanagua.esteri.it\/it\/wp-json\/wp\/v2\/pages\/74\/revisions\/420"}],"up":[{"embeddable":true,"href":"https:\/\/ambmanagua.esteri.it\/it\/wp-json\/wp\/v2\/pages\/47"}],"wp:attachment":[{"href":"https:\/\/ambmanagua.esteri.it\/it\/wp-json\/wp\/v2\/media?parent=74"}],"curies":[{"name":"wp","href":"https:\/\/api.w.org\/{rel}","templated":true}]}}