{"id":75,"date":"2023-04-11T18:20:20","date_gmt":"2023-04-11T16:20:20","guid":{"rendered":"https:\/\/ambasciatapraga.esteri.it\/?page_id=75"},"modified":"2024-07-10T16:46:17","modified_gmt":"2024-07-10T22:46:17","slug":"codice-fiscale","status":"publish","type":"page","link":"https:\/\/ambmanagua.esteri.it\/it\/servizi-consolari-e-visti\/servizi-per-il-cittadino-italiano\/codice-fiscale\/","title":{"rendered":"Codice fiscale"},"content":{"rendered":"<p>Il codice fiscale pu\u00f2 essere richiesto da chiunque abbia rapporti commerciali o fiscali con l\u2019Italia, indipendentemente dalla sua nazionalit\u00e0. Questa Ambasciata pu\u00f2 attribuire il codice fiscale per coloro che sono residenti in Nicaragua.<\/p>\n<p>Si pu\u00f2 richiedere gratuitamente il tuo codice fiscale seguendo questi semplici passi:<\/p>\n<ul>\n<li>compilare e sottoscrivere il modulo di domanda editabile <a href=\"https:\/\/ambmanagua.esteri.it\/wp-content\/uploads\/2023\/09\/codicefiscale_ita.pdf\">(scaricabile qui)<\/a>;<\/li>\n<li>Si pu\u00f2 fissare un appuntamento tramite l&#8217;applicativo <a href=\"https:\/\/prenotami.esteri.it\/\">Prenot@mi <\/a>(richiesta registrazione) e alla data e ora stabilita, recarsi presso l&#8217;ufficio consolare con copia del passaporto in corso di validit\u00e0 (le prime cinque pagine) e\/o un documento d&#8217;identit\u00e0;<\/li>\n<\/ul>\n<p>Il giorno dell&#8217;appuntamento si potr\u00e0 ritirare il certificato relativo al codice fiscale.<\/p>\n<p><a href=\"https:\/\/ambmanagua.esteri.it\/ambasciata_managua\/resource\/doc\/2023\/05\/prenotmi_istruzioni_per_il_cittadino.pdf\"><strong>Guida alla registrazione sulla piattaforma &#8220;Prenot@mi&#8221;.<\/strong><\/a><\/p>\n<p><span style=\"text-decoration: underline;\">Si informa che a partire dal <strong>15 luglio 2024<\/strong> gli\u00a0italiani iscritti all\u2019AIRE\u00a0nella\u00a0Circoscrizione consolare di questa Ambasciata possono scaricare direttamente il certificato di attribuzione del codice fiscale tramite il\u00a0<a href=\"https:\/\/serviziconsolari.esteri.it\/ScoFE\/services\/service-info.sco?serviceId=95&amp;sCode=GCF#_blank\">Portale Fast It<\/a>.<\/span><\/p>\n","protected":false},"excerpt":{"rendered":"Il codice fiscale pu\u00f2 essere richiesto da chiunque abbia rapporti commerciali o fiscali con l\u2019Italia, indipendentemente dalla sua nazionalit\u00e0. Questa Ambasciata pu\u00f2 attribuire il codice fiscale per coloro che sono residenti in Nicaragua. Si pu\u00f2 richiedere gratuitamente il tuo codice fiscale seguendo questi semplici passi: compilare e sottoscrivere il modulo di domanda editabile (scaricabile qui); [&hellip;]","protected":false},"author":1,"featured_media":0,"parent":47,"menu_order":18,"comment_status":"closed","ping_status":"closed","template":"","meta":{"footnotes":""},"class_list":["post-75","page","type-page","status-publish","hentry"],"_links":{"self":[{"href":"https:\/\/ambmanagua.esteri.it\/it\/wp-json\/wp\/v2\/pages\/75","targetHints":{"allow":["GET"]}}],"collection":[{"href":"https:\/\/ambmanagua.esteri.it\/it\/wp-json\/wp\/v2\/pages"}],"about":[{"href":"https:\/\/ambmanagua.esteri.it\/it\/wp-json\/wp\/v2\/types\/page"}],"author":[{"embeddable":true,"href":"https:\/\/ambmanagua.esteri.it\/it\/wp-json\/wp\/v2\/users\/1"}],"replies":[{"embeddable":true,"href":"https:\/\/ambmanagua.esteri.it\/it\/wp-json\/wp\/v2\/comments?post=75"}],"version-history":[{"count":7,"href":"https:\/\/ambmanagua.esteri.it\/it\/wp-json\/wp\/v2\/pages\/75\/revisions"}],"predecessor-version":[{"id":2211,"href":"https:\/\/ambmanagua.esteri.it\/it\/wp-json\/wp\/v2\/pages\/75\/revisions\/2211"}],"up":[{"embeddable":true,"href":"https:\/\/ambmanagua.esteri.it\/it\/wp-json\/wp\/v2\/pages\/47"}],"wp:attachment":[{"href":"https:\/\/ambmanagua.esteri.it\/it\/wp-json\/wp\/v2\/media?parent=75"}],"curies":[{"name":"wp","href":"https:\/\/api.w.org\/{rel}","templated":true}]}}