{"id":99,"date":"2023-04-11T18:24:38","date_gmt":"2023-04-11T16:24:38","guid":{"rendered":"https:\/\/ambasciatapraga.esteri.it\/?page_id=99"},"modified":"2023-12-18T15:48:36","modified_gmt":"2023-12-18T21:48:36","slug":"studiare-in-italia","status":"publish","type":"page","link":"https:\/\/ambmanagua.esteri.it\/it\/italia-e-nicaragua\/diplomazia-culturale\/studiare-in-italia\/","title":{"rendered":"Studiare in Italia"},"content":{"rendered":"<ul>\n<li><strong>BORSE DI STUDIO OFFERTE DALLE UNIVERSIT\u00c0 ITALIANE<\/strong><\/li>\n<\/ul>\n<p>Attualmente \u00e8 possibile studiare in Italia attraverso le offerte di borse di studio riportate sul sito del Ministero degli Affari Esteri Italiano che sono gestite dalle Universit\u00e0. Gli studenti che desiderano perseguire i loro studi di laurea, master o dottorato devono rivolgersi alle universit\u00e0 per avviare il processo di ammissione.<\/p>\n<p>Visita il sito del Ministero degli Affari Esteri e trova un&#8217;universit\u00e0:<br \/>\n<a href=\"https:\/\/www.esteri.it\/it\/opportunita\/borse-di-studio\/per-cittadini-stranieri\/borse-di-studio-offerte-dalle-universita\/\">Borse di Studio offerte dalle Universit\u00e0 &#8211; Ministero degli Affari Esteri e della Cooperazione Internazionale<\/a><\/p>\n<p>Il Consolato dell&#8217;Ambasciata d&#8217;Italia a Managua si occuper\u00e0 di ricevere: domande di visto per gli studenti che hanno completato la loro ammissione, Richiesta di Dichiarazioni dei Valori di titoli e legalizzazioni di traduzioni di documenti richiesti agli studenti da parte dell&#8217;Universit\u00e0.<\/p>\n<p>&nbsp;<\/p>\n<ul>\n<li><strong>PROGRAMMA ERASMUS<\/strong><\/li>\n<\/ul>\n<p>Il programma Erasmus consente di intraprendere studi universitari sia in Italia che in qualsiasi Stato membro dell&#8217;Unione europea. Gli studenti che desiderano studiare in Italia devono consultare le offerte accademiche sulla pagina del programma:<br \/>\n<a href=\"https:\/\/erasmus-plus.ec.europa.eu\/es\/opportunities\/opportunities-for-individuals\/students\">Studenti | Erasmus+ (europa.eu)<\/a><br \/>\n<a href=\"https:\/\/erasmus-plus.ec.europa.eu\/es\/opportunities\/opportunities-for-individuals\/students\/studying-abroad\">Studiare all&#8217;estero | Erasmus+ (europa.eu)<\/a><br \/>\n<a href=\"https:\/\/erasmus-plus.ec.europa.eu\/es\/opportunities\/opportunities-for-individuals\/students\/erasmus-mundus-joint-masters\">Master congiunti Erasmus Mundus (studenti) | Erasmus+ (europa.eu)<\/a><br \/>\nGli studenti che beneficiano del programma potranno presentarsi all&#8217;ufficio consolare dell&#8217;ambasciata d&#8217;Italia per richiedere il visto, la dichiarazione dei valori e la legalizzazione delle traduzioni dei documenti.<\/p>\n<p><span id=\"Testo_pag_int\">L&#8217;Ufficio consolare fornisce informazioni e consulenza per l&#8217;iscrizione a Scuole e Universit\u00e0 in Italia e rilascia le necessarie dichiarazioni di valore per i titoli conseguiti presso Scuole e Universit\u00e0 della circoscrizione consolare perch\u00e8 gli interessati possano ottenere l\u2019equipollenza dei titoli di studio primari e secondari con analoghi titoli italiani, l\u2019iscrizione a scuole ed Universit\u00e0 italiane, il riconoscimento in Italia degli studi universitari e l\u2019assegnazione di borse di studio.<\/span><\/p>\n","protected":false},"excerpt":{"rendered":"BORSE DI STUDIO OFFERTE DALLE UNIVERSIT\u00c0 ITALIANE Attualmente \u00e8 possibile studiare in Italia attraverso le offerte di borse di studio riportate sul sito del Ministero degli Affari Esteri Italiano che sono gestite dalle Universit\u00e0. Gli studenti che desiderano perseguire i loro studi di laurea, master o dottorato devono rivolgersi alle universit\u00e0 per avviare il processo [&hellip;]","protected":false},"author":1,"featured_media":0,"parent":44,"menu_order":0,"comment_status":"closed","ping_status":"closed","template":"","meta":{"footnotes":""},"class_list":["post-99","page","type-page","status-publish","hentry"],"_links":{"self":[{"href":"https:\/\/ambmanagua.esteri.it\/it\/wp-json\/wp\/v2\/pages\/99","targetHints":{"allow":["GET"]}}],"collection":[{"href":"https:\/\/ambmanagua.esteri.it\/it\/wp-json\/wp\/v2\/pages"}],"about":[{"href":"https:\/\/ambmanagua.esteri.it\/it\/wp-json\/wp\/v2\/types\/page"}],"author":[{"embeddable":true,"href":"https:\/\/ambmanagua.esteri.it\/it\/wp-json\/wp\/v2\/users\/1"}],"replies":[{"embeddable":true,"href":"https:\/\/ambmanagua.esteri.it\/it\/wp-json\/wp\/v2\/comments?post=99"}],"version-history":[{"count":4,"href":"https:\/\/ambmanagua.esteri.it\/it\/wp-json\/wp\/v2\/pages\/99\/revisions"}],"predecessor-version":[{"id":1851,"href":"https:\/\/ambmanagua.esteri.it\/it\/wp-json\/wp\/v2\/pages\/99\/revisions\/1851"}],"up":[{"embeddable":true,"href":"https:\/\/ambmanagua.esteri.it\/it\/wp-json\/wp\/v2\/pages\/44"}],"wp:attachment":[{"href":"https:\/\/ambmanagua.esteri.it\/it\/wp-json\/wp\/v2\/media?parent=99"}],"curies":[{"name":"wp","href":"https:\/\/api.w.org\/{rel}","templated":true}]}}